{"id":2,"date":"2021-06-18T08:37:26","date_gmt":"2021-06-18T08:37:26","guid":{"rendered":"http:\/\/41.249.251.2:8004\/?page_id=2"},"modified":"2023-12-21T13:07:02","modified_gmt":"2023-12-21T12:07:02","slug":"sample-page","status":"publish","type":"page","link":"https:\/\/greentelemesure.com\/index.php\/sample-page\/","title":{"rendered":""},"content":{"rendered":"\n<p>Depuis 10 ans,&nbsp;<strong>GREEN SOLUTIONS<\/strong>&nbsp;r\u00e9alise des grands projets dans le domaine des appareils de mesure, hydrologie et t\u00e9l\u00e9m\u00e9trie hydro-agricole..<\/p>\n\n\n\n<p><\/p>\n\n\n\n<blockquote class=\"wp-block-quote\">\n<p>Nous&nbsp;g\u00e9rons actuellement un r\u00e9seau de plus de 500 stations de t\u00e9l\u00e9mesures \u00e0 l\u2019\u00e9chelle nationale&nbsp; (Stations m\u00e9t\u00e9o, Pi\u00e9zom\u00e8tres, Niveau d\u2019eau, Suivi des nappes, Senseurs de pression, Contr\u00f4le de d\u00e9bit,&nbsp; Sondes capacitives, Dendrom\u00e8tres\u2026). <\/p>\n<\/blockquote>\n\n\n\n<p>&#8230;Pour plus d&rsquo;informations cliquez ici.<\/p>\n\n\n\n<hr class=\"wp-block-separator has-css-opacity\"\/>\n\n\n\n<p><\/p>\n","protected":false},"excerpt":{"rendered":"<p>Depuis 10 ans,&nbsp;GREEN SOLUTIONS&nbsp;r\u00e9alise des grands projets dans le domaine des appareils de mesure, hydrologie [&hellip;]<\/p>\n","protected":false},"author":1,"featured_media":4336,"parent":0,"menu_order":0,"comment_status":"closed","ping_status":"open","template":"template-full-width.php","meta":[],"_links":{"self":[{"href":"https:\/\/greentelemesure.com\/index.php\/wp-json\/wp\/v2\/pages\/2"}],"collection":[{"href":"https:\/\/greentelemesure.com\/index.php\/wp-json\/wp\/v2\/pages"}],"about":[{"href":"https:\/\/greentelemesure.com\/index.php\/wp-json\/wp\/v2\/types\/page"}],"author":[{"embeddable":true,"href":"https:\/\/greentelemesure.com\/index.php\/wp-json\/wp\/v2\/users\/1"}],"replies":[{"embeddable":true,"href":"https:\/\/greentelemesure.com\/index.php\/wp-json\/wp\/v2\/comments?post=2"}],"version-history":[{"count":30,"href":"https:\/\/greentelemesure.com\/index.php\/wp-json\/wp\/v2\/pages\/2\/revisions"}],"predecessor-version":[{"id":9282,"href":"https:\/\/greentelemesure.com\/index.php\/wp-json\/wp\/v2\/pages\/2\/revisions\/9282"}],"wp:featuredmedia":[{"embeddable":true,"href":"https:\/\/greentelemesure.com\/index.php\/wp-json\/wp\/v2\/media\/4336"}],"wp:attachment":[{"href":"https:\/\/greentelemesure.com\/index.php\/wp-json\/wp\/v2\/media?parent=2"}],"curies":[{"name":"wp","href":"https:\/\/api.w.org\/{rel}","templated":true}]}}