{"id":3559,"date":"2022-01-27T16:42:36","date_gmt":"2022-01-27T15:42:36","guid":{"rendered":"http:\/\/41.249.251.2:8004\/?page_id=3559"},"modified":"2023-11-02T09:23:50","modified_gmt":"2023-11-02T08:23:50","slug":"gestion-de-leau","status":"publish","type":"page","link":"https:\/\/greentelemesure.com\/index.php\/gestion-de-leau\/","title":{"rendered":"Gestion de l&rsquo;eau"},"content":{"rendered":"\n<figure class=\"wp-block-image size-full is-style-default\"><img decoding=\"async\" loading=\"lazy\" width=\"989\" height=\"310\" src=\"https:\/\/greentelemesure.com\/wp-content\/uploads\/2022\/02\/barre_gestions_eau.jpg\" alt=\"\" class=\"wp-image-4070\"\/><\/figure>\n\n\n\n<h1 class=\"wp-block-heading has-text-color has-medium-font-size\" id=\"smart-wireless-pour-la-surveillance-environnementale\" style=\"color:#71b002\"><strong>Smart Wireless pour la surveillance environnementale :<\/strong><\/h1>\n\n\n\n<p class=\"has-medium-font-size\">Au bon endroit, au bon moment \u2013 Les r\u00e9seaux de mesure pour la&nbsp;surveillance environnementale doivent fournir des donn\u00e9es \ufb01ables.<\/p>\n\n\n\n<p class=\"has-medium-font-size\">&nbsp;Il existe diff\u00e9rentes solutions pour la t\u00e9l\u00e9transmission des donn\u00e9es.&nbsp;<\/p>\n\n\n<div class=\"wp-block-image\">\n<figure class=\"alignleft\"><img decoding=\"async\" src=\"http:\/\/www.greensolutionsmaroc.com\/images\/produits\/gsm.png\" alt=\"\"\/><\/figure><\/div>\n\n\n<p><br><\/p>\n\n\n\n<p>Si la pr\u00e9occupation premi\u00e8re est la rapidit\u00e9 et la simplicit\u00e9 de l\u2019installation&nbsp;ainsi que la possibilit\u00e9 de g\u00e9rer toutes les donn\u00e9es de mani\u00e8re centralis\u00e9e,&nbsp;les syst\u00e8mes radio compatibles r\u00e9seau et dot\u00e9s d\u2019unit\u00e9s RTU Adcon&nbsp;(Radio Transmission Units) s\u2019imposent. Leur point fort est de pouvoir&nbsp;prendre en charge diff\u00e9rentes technologies radio: courte distance UHF, longue distance UHF, GSM et GPRS, tous les syst\u00e8mes&nbsp;peuvent fonctionner sur le m\u00eame<br>r\u00e9seau et \u00eatre g\u00e9r\u00e9s depuis&nbsp;un seul et m\u00eame concentrateur. Associ\u00e9s aux capteurs&nbsp;\u00e9prouv\u00e9s OTT, ces syst\u00e8mes radio constituent une solution cl\u00e9&nbsp;en main caract\u00e9ris\u00e9e par une grande pr\u00e9cision de mesure, une&nbsp;utilisation simple, une consommation \u00e9lectrique extr\u00eamement&nbsp;faible et un acc\u00e8s facile aux donn\u00e9es: \u00e0 tout moment et de&nbsp;n\u2019importe o\u00f9!<\/p>\n\n\n\n<h1 class=\"wp-block-heading has-text-color has-medium-font-size\" id=\"ce-que-nous-fournissons\" style=\"color:#71b002\"><strong>Ce que nous fournissons:<\/strong><\/h1>\n\n\n\n<ul>\n<li>Acquisition de donn\u00e9es pr\u00e9cises&nbsp;<\/li>\n\n\n\n<li>La compatibilit\u00e9 des syst\u00e8mes de contr\u00f4le \u00e0 distance&nbsp;<\/li>\n\n\n\n<li>La fiabilit\u00e9 de transfert des donn\u00e9es sans fil via la radio ou GSM<\/li>\n\n\n\n<li>Grands r\u00e9seaux de mesure&nbsp;<\/li>\n\n\n\n<li>La d\u00e9tection de fuites et d&rsquo;\u00e9clatement&nbsp;<\/li>\n\n\n\n<li>La lecture \u00e0 distance&nbsp;<\/li>\n\n\n\n<li>Pression, d\u00e9bit et niveau bien suivis&nbsp;<\/li>\n\n\n\n<li>Surveillance de la qualit\u00e9 de l&rsquo;eau&nbsp;<\/li>\n\n\n\n<li>Visualisation des donn\u00e9es avec un logiciel serveur int\u00e9gr\u00e9<\/li>\n<\/ul>\n\n\n\n<h1 class=\"wp-block-heading has-text-color has-medium-font-size\" id=\"les-avantages-en-un-coup-d-oeil\" style=\"color:#71b002\"><strong>&nbsp;Les avantages en un coup d&rsquo;\u0153il :&nbsp;<\/strong><\/h1>\n\n\n\n<ul>\n<li>Obtenir des informations importantes \u00e0 distance et \u00e0&nbsp;tout moment;<\/li>\n\n\n\n<li>D\u00e9tecter les fuites imm\u00e9diatement;<\/li>\n\n\n\n<li>Cr\u00e9er les profils de consommation exacte;&nbsp;fixer les d\u00e9lais de d\u00e9marrage des actions requises&nbsp;<\/li>\n\n\n\n<li>Am\u00e9liorer la gestion de l&rsquo;environnement&nbsp;<\/li>\n\n\n\n<li>\u00c9conomisez l&rsquo;\u00e9nergie, le temps et de l&rsquo;argent;<\/li>\n\n\n\n<li>Augmentez votre rentabilit\u00e9.<\/li>\n\n\n\n<li>&nbsp;ETC . . .<\/li>\n<\/ul>\n\n\n\n<h1 class=\"wp-block-heading has-text-color has-medium-font-size\" id=\"concus-specialement-pour-vous-les-packs-systeme\" style=\"color:#71b002\"><strong>Con\u00e7us sp\u00e9cialement pour vous: les&nbsp;packs syst\u00e8me:<\/strong><\/h1>\n\n\n\n<p>Un pack r\u00e9unit tous les \u00e9quipements n\u00e9cessaires pour la\u00a0collecte, l\u2019enregistrement et la transmission des mesures. La\u00a0station compacte pour mesures sur site comprend essentiellement\u00a0le capteur, l\u2019unit\u00e9 RTU ainsi qu\u2019un ou deux panneaux\u00a0solaires de tr\u00e8s petite taille (4,3 W). L\u2019unit\u00e9 RTU regroupe,\u00a0dans un tr\u00e8s petit volume, l\u2019enregistreur de donn\u00e9es, les\u00a0batteries, le modem radio et l\u2019antenne. Les c\u00e2bles pour le\u00a0panneau solaire et les capteurs de mesure sont dot\u00e9s de\u00a0connecteurs Binder qui se branchent simplement sur le port\u00a0correspondant de l\u2019unit\u00e9 RTU. Sur site, vous n\u2019avez besoin\u00a0de rien d\u2019autre. La con\ufb01guration et la gestion sont assur\u00e9es\u00a0depuis le concentrateur.<\/p>\n\n\n\n<p>Vous devez \u00e9galement toujours prendre soin de votre sant\u00e9 mentale afin qu\u2019elle ait un effet positif sur vos performances et votre fonctionnement. Sur le site sur la sant\u00e9 mentale <a href=\"https:\/\/mentalmasterylab.com\/\">mental mastery<\/a>. Obtenez de nombreuses informations utiles concernant la sant\u00e9 mentale, les relations, la croissance personnelle et professionnelle, ainsi que les relations au sein de la famille.<\/p>\n\n\n\n<h1 class=\"wp-block-heading has-text-color has-medium-font-size\" id=\"performance-technologique\" style=\"color:#71b002\"><strong>Performance technologique<\/strong><\/h1>\n\n\n\n<ul>\n<li>Capteurs de haute pr\u00e9cision;&nbsp;<\/li>\n\n\n\n<li>Transmission GSM\/GPRS ou Licence de radio libres;<\/li>\n\n\n\n<li>Alimentation \u00e9nerg\u00e9tique avec panneau solaire;<\/li>\n\n\n\n<li>Statistiques, alarmes et dossiers d&rsquo;archive;&nbsp;<\/li>\n\n\n\n<li>Facile \u00e0 installer et \u00e0 entretenir ;<\/li>\n\n\n\n<li>ETC . . .<\/li>\n<\/ul>\n\n\n\n<h1 class=\"wp-block-heading has-text-color has-medium-font-size\" id=\"suivez-vos-ressources-en-eau\" style=\"color:#71b002\"><strong>Suivez vos ressources en eau :<\/strong><\/h1>\n\n\n\n<p>Un suivi r\u00e9gulier et pr\u00e9cis des installations d&rsquo;approvisionnement en eau est tr\u00e8s important pour maintenir un bon \u00e9quilibre de l&rsquo;approvisionnement en eau. Adcon offre la plus facile et plus \u00e9conomique solution efficace pour la collecte de toutes les donn\u00e9es requises pour la gestion de l&rsquo;eau ; facilement, confortablement et sans effort. Notre technologie radio transmet les donn\u00e9es en continu et directement sur votre bureau permettant une gestion rapide et des d\u00e9cisions pr\u00e9cises.<\/p>\n\n\n\n<h1 class=\"wp-block-heading\"><\/h1>\n\n\n\n<p><\/p>\n\n\n\n<p><\/p>\n\n\n\n<p><\/p>\n\n\n\n<p><\/p>\n","protected":false},"excerpt":{"rendered":"<p>Smart Wireless pour la surveillance environnementale : Au bon endroit, au bon moment \u2013 Les [&hellip;]<\/p>\n","protected":false},"author":1,"featured_media":3564,"parent":0,"menu_order":0,"comment_status":"closed","ping_status":"closed","template":"template-full-width.php","meta":[],"_links":{"self":[{"href":"https:\/\/greentelemesure.com\/index.php\/wp-json\/wp\/v2\/pages\/3559"}],"collection":[{"href":"https:\/\/greentelemesure.com\/index.php\/wp-json\/wp\/v2\/pages"}],"about":[{"href":"https:\/\/greentelemesure.com\/index.php\/wp-json\/wp\/v2\/types\/page"}],"author":[{"embeddable":true,"href":"https:\/\/greentelemesure.com\/index.php\/wp-json\/wp\/v2\/users\/1"}],"replies":[{"embeddable":true,"href":"https:\/\/greentelemesure.com\/index.php\/wp-json\/wp\/v2\/comments?post=3559"}],"version-history":[{"count":24,"href":"https:\/\/greentelemesure.com\/index.php\/wp-json\/wp\/v2\/pages\/3559\/revisions"}],"predecessor-version":[{"id":5304,"href":"https:\/\/greentelemesure.com\/index.php\/wp-json\/wp\/v2\/pages\/3559\/revisions\/5304"}],"wp:featuredmedia":[{"embeddable":true,"href":"https:\/\/greentelemesure.com\/index.php\/wp-json\/wp\/v2\/media\/3564"}],"wp:attachment":[{"href":"https:\/\/greentelemesure.com\/index.php\/wp-json\/wp\/v2\/media?parent=3559"}],"curies":[{"name":"wp","href":"https:\/\/api.w.org\/{rel}","templated":true}]}}