{"id":3566,"date":"2022-01-27T17:02:54","date_gmt":"2022-01-27T16:02:54","guid":{"rendered":"http:\/\/41.249.251.2:8004\/?page_id=3566"},"modified":"2023-11-02T09:28:09","modified_gmt":"2023-11-02T08:28:09","slug":"gestion-des-risques","status":"publish","type":"page","link":"https:\/\/greentelemesure.com\/index.php\/gestion-des-risques\/","title":{"rendered":"Gestion des risques"},"content":{"rendered":"\n<p>\u00c9conomiser les produits chimiques, et gagner plus &#8230; !<\/p>\n\n\n\n<p>L&rsquo;initiation des maladies des plantes et leur d\u00e9veloppement est fonction de&nbsp; l&rsquo;interaction de trois facteurs (le climat, le pathogen\u00e8se la plante).<\/p>\n\n\n\n<p>Cette interaction est appel\u00e9e \u00abtriangle des maladies \u00bb. L&rsquo;\u00e9valuation de ces risques est bas\u00e9e sur des model\u00e9s utilisant les donn\u00e9es climatiques recueillies par le s appareils de mesure sur terrain. Il s&rsquo;agit d&rsquo;une multitude d&rsquo;extensions qui comprennent la plupart des m\u00e9thodes couramment utilis\u00e9es pour le calcul des unit\u00e9s thermiques et les mod\u00e8les de maladies dont principalement :<\/p>\n\n\n\n<p>Grape Downy Mildew &#8211; Apple Powdery Mildew.<\/p>\n\n\n\n<ul>\n<li>Grape Downy Mildew &#8211; Apple Powdery Mildew.<\/li>\n\n\n\n<li>Apple Scab &#8211; DSV TomCas.<\/li>\n\n\n\n<li>La maladie de Fireblight (sous demande) &#8211; Grape bunch rot.<\/li>\n\n\n\n<li>Potato&nbsp; Blight (Ullrich &#8211; Schroedter) -PotatoBlight (WINSTEL).<\/li>\n\n\n\n<li>Strawberry Bunch Rot &#8211; Tomato Late Blight.<\/li>\n<\/ul>\n\n\n\n<p>Cette solution vous offre :<\/p>\n\n\n\n<ul>\n<li>Les caract\u00e9ristiques dimatiques en temps r\u00e9el pour un site donn\u00e9,<\/li>\n\n\n\n<li>Plusieurs m\u00e9thodes de calcul du degr\u00e9-jour,<\/li>\n\n\n\n<li>Pr\u00e9vention de gel\u00e9e,<\/li>\n\n\n\n<li>Indice des maladies fongiques et recommandations des traitements,<\/li>\n\n\n\n<li>Des calculs statistiques comme la somme des pr\u00e9cipitations, moyenne<\/li>\n\n\n\n<li>des humidit\u00e9s\/temp\u00e9ratures&#8230;<\/li>\n\n\n\n<li>Possibilit\u00e9 de d\u00e9finition des seuils de d\u00e9clanchement d&rsquo;alarmes ou<\/li>\n\n\n\n<li>\u00e9venements par l&rsquo;utilisateur lui m\u00e9me,<\/li>\n\n\n\n<li>Interface utilisateur avec plusieurs langues,<\/li>\n\n\n\n<li>H\u00e9bergement des donn\u00e9es sur Site web,<\/li>\n\n\n\n<li>Interface LAN pour &lsquo;acc\u00e9s des donn\u00e9es par r\u00e9seau.<\/li>\n<\/ul>\n\n\n\n<p>Mais il vaut mieux nous poser ces questions car nous sommes des professionnels dans notre domaine. Et vous pouvez continuer \u00e0 faire vos activit\u00e9s pr\u00e9f\u00e9r\u00e9es. Passez plus de temps \u00e0 faire du sport, passez du temps en famille et jouez dans les casinos en ligne. De nos jours, le site Slotogate a acquis une grande autorit\u00e9 puisqu&rsquo;il existe un grand nombre de m\u00e9thodes de d\u00e9p\u00f4t, notamment <a href=\"https:\/\/slotogate.com\/es\/deposits-method\/bizum\/\">casinos con dep\u00f3sito por bizum<\/a><\/p>\n","protected":false},"excerpt":{"rendered":"<p>\u00c9conomiser les produits chimiques, et gagner plus &#8230; ! L&rsquo;initiation des maladies des plantes et [&hellip;]<\/p>\n","protected":false},"author":1,"featured_media":3571,"parent":0,"menu_order":0,"comment_status":"closed","ping_status":"closed","template":"template-full-width.php","meta":[],"_links":{"self":[{"href":"https:\/\/greentelemesure.com\/index.php\/wp-json\/wp\/v2\/pages\/3566"}],"collection":[{"href":"https:\/\/greentelemesure.com\/index.php\/wp-json\/wp\/v2\/pages"}],"about":[{"href":"https:\/\/greentelemesure.com\/index.php\/wp-json\/wp\/v2\/types\/page"}],"author":[{"embeddable":true,"href":"https:\/\/greentelemesure.com\/index.php\/wp-json\/wp\/v2\/users\/1"}],"replies":[{"embeddable":true,"href":"https:\/\/greentelemesure.com\/index.php\/wp-json\/wp\/v2\/comments?post=3566"}],"version-history":[{"count":8,"href":"https:\/\/greentelemesure.com\/index.php\/wp-json\/wp\/v2\/pages\/3566\/revisions"}],"predecessor-version":[{"id":5306,"href":"https:\/\/greentelemesure.com\/index.php\/wp-json\/wp\/v2\/pages\/3566\/revisions\/5306"}],"wp:featuredmedia":[{"embeddable":true,"href":"https:\/\/greentelemesure.com\/index.php\/wp-json\/wp\/v2\/media\/3571"}],"wp:attachment":[{"href":"https:\/\/greentelemesure.com\/index.php\/wp-json\/wp\/v2\/media?parent=3566"}],"curies":[{"name":"wp","href":"https:\/\/api.w.org\/{rel}","templated":true}]}}