{"id":3573,"date":"2022-01-28T10:52:16","date_gmt":"2022-01-28T09:52:16","guid":{"rendered":"http:\/\/41.249.251.2:8004\/?page_id=3573"},"modified":"2022-07-25T10:01:25","modified_gmt":"2022-07-25T09:01:25","slug":"gestion-de-lirrigation","status":"publish","type":"page","link":"https:\/\/greentelemesure.com\/index.php\/gestion-de-lirrigation\/","title":{"rendered":"Gestion de l&rsquo;irrigation"},"content":{"rendered":"\n<p>Ma\u00eetriser l&rsquo;irrigation \u2026. c&rsquo;est \u00e9conomiser l&rsquo;eau et rentabiliser votre culture !<\/p>\n\n\n\n<figure class=\"wp-block-image size-full\"><img decoding=\"async\" loading=\"lazy\" width=\"1179\" height=\"335\" src=\"https:\/\/greentelemesure.com\/wp-content\/uploads\/2022\/02\/barre_gestion_irrigation.jpg\" alt=\"\" class=\"wp-image-3831\"\/><\/figure>\n\n\n\n<h1 class=\"has-text-color has-medium-font-size wp-block-heading\" id=\"le-concept\" style=\"color:#71b002\">Le Concept :<\/h1>\n\n\n\n<p>Comment mener vos irrigations ?<br>Quand et combien faut il irriguer?<br><br>La d\u00e9cision ne vient pas par hasard, l\u2019observation visuel ou l\u2019adoption de l\u2019irrigation localis\u00e9e ne suffisent&nbsp;plus pour atteindre les meilleurs efficiences des apports d\u2019eau.<\/p>\n\n\n\n<p>Le concept est une nouvelle m\u00e9thode venue pour am\u00e9liorer la gestion de l\u2019irrigation \u00e0 la parcelle en se&nbsp;basant sur le Continuum Sol, Plante, Atmosph\u00e8re \u00e0 travers le suivis en temps quasi r\u00e9el :<\/p>\n\n\n\n<ul><li>&nbsp;Du pouvoir \u00e9vaporant du Micro-climat (ETo)<\/li><li>&nbsp;Du niveau de l&rsquo;humidit\u00e9 (%Volume) et salinit\u00e9 du sol (EC)&nbsp;<\/li><li>&nbsp;L\u2019\u00e9tat physiologique de la plante (\u00b5m)<\/li><li>&nbsp;Des caract\u00e9ristiques du syst\u00e8me d\u2019irrigation, d\u00e9bit, pression..<\/li><li>&nbsp;Et bien plus\u2026<\/li><\/ul>\n\n\n\n<figure class=\"wp-block-image is-resized\"><img decoding=\"async\" loading=\"lazy\" src=\"http:\/\/www.greensolutionsmaroc.com\/images\/produits\/concept.png\" alt=\"\" width=\"213\" height=\"173\"\/><\/figure>\n\n\n\n<h1 class=\"has-text-color has-medium-font-size wp-block-heading\" id=\"avantages-pour-l-agriculteur\" style=\"color:#71b002\">Avantages pour l\u2019agriculteur :<\/h1>\n\n\n\n<ul><li>Transmission par t\u00e9l\u00e9m\u00e9trie \u00e9vitant ainsi les mesures p\u00e9nibles et les d\u00e9placements sur place plusieurs fois par jours.&nbsp;<\/li><li>Disponibilit\u00e9 des informations n\u00e9cessaires en temps quasi r\u00e9el et n\u2019importe o\u00f9 !<\/li><li>Alerte par email ou SMS .<\/li><li>Contr\u00f4le \u00e0 distance,&nbsp;<\/li><li>Appliquer l\u2019irrigation quand il le faut avec les quantit\u00e9s qu\u2019il faut&nbsp;Economiser plus de 25% d\u2019eau consomm\u00e9e !<\/li><li>Garder une base de donn\u00e9es de plusieurs ann\u00e9es.&nbsp;<\/li><li>Economiser du temps et de l\u2019\u00e9nergie<\/li><li>Respecter l\u2019environnement<\/li><\/ul>\n\n\n\n<h1 class=\"has-text-color has-medium-font-size wp-block-heading\" id=\"logiciel-de-gestion\" style=\"color:#71b002\">Logiciel de gestion :<\/h1>\n\n\n\n<p>Le logiciel est un serveur bas\u00e9 sur la plus puissante base de donn\u00e9e ORACLE, il vous permet:<\/p>\n\n\n\n<ul><li>L\u2019h\u00e9bergement des donn\u00e9es sur Site web accessible de n\u2019importe quel ordinateur, ou simplement par Interface LAN\/r\u00e9seau local.<\/li><li>L\u2019analyse de vos donn\u00e9es par une multitude d\u2019extensions faites sp\u00e9cialement pour vous aider !<\/li><li>La cr\u00e9ation des mod\u00e8les personnels plus adapt\u00e9s \u00e0 vos conditions locales.<\/li><li>Des calculs statistiques comme la somme des pr\u00e9cipitations, moyenne des humidit\u00e9s\/temp\u00e9ratures<\/li><li>Possibilit\u00e9 de d\u00e9finition des seuils de d\u00e9clenchement d\u2019alarmes ou \u00e9v\u00e9nements par l\u2019utilisateur lui m\u00eame<\/li><\/ul>\n\n\n\n<p><img decoding=\"async\" loading=\"lazy\" width=\"370\" height=\"241\" src=\"http:\/\/www.greensolutionsmaroc.com\/images\/produits\/logiciel\/apro.jpg\"><\/p>\n","protected":false},"excerpt":{"rendered":"<p>Ma\u00eetriser l&rsquo;irrigation \u2026. c&rsquo;est \u00e9conomiser l&rsquo;eau et rentabiliser votre culture ! Le Concept : Comment [&hellip;]<\/p>\n","protected":false},"author":1,"featured_media":3565,"parent":0,"menu_order":0,"comment_status":"closed","ping_status":"closed","template":"template-full-width.php","meta":[],"_links":{"self":[{"href":"https:\/\/greentelemesure.com\/index.php\/wp-json\/wp\/v2\/pages\/3573"}],"collection":[{"href":"https:\/\/greentelemesure.com\/index.php\/wp-json\/wp\/v2\/pages"}],"about":[{"href":"https:\/\/greentelemesure.com\/index.php\/wp-json\/wp\/v2\/types\/page"}],"author":[{"embeddable":true,"href":"https:\/\/greentelemesure.com\/index.php\/wp-json\/wp\/v2\/users\/1"}],"replies":[{"embeddable":true,"href":"https:\/\/greentelemesure.com\/index.php\/wp-json\/wp\/v2\/comments?post=3573"}],"version-history":[{"count":8,"href":"https:\/\/greentelemesure.com\/index.php\/wp-json\/wp\/v2\/pages\/3573\/revisions"}],"predecessor-version":[{"id":4862,"href":"https:\/\/greentelemesure.com\/index.php\/wp-json\/wp\/v2\/pages\/3573\/revisions\/4862"}],"wp:featuredmedia":[{"embeddable":true,"href":"https:\/\/greentelemesure.com\/index.php\/wp-json\/wp\/v2\/media\/3565"}],"wp:attachment":[{"href":"https:\/\/greentelemesure.com\/index.php\/wp-json\/wp\/v2\/media?parent=3573"}],"curies":[{"name":"wp","href":"https:\/\/api.w.org\/{rel}","templated":true}]}}