{"id":3700,"date":"2022-02-02T11:48:48","date_gmt":"2022-02-02T10:48:48","guid":{"rendered":"http:\/\/41.249.251.2:8004\/?page_id=3700"},"modified":"2022-03-19T21:38:20","modified_gmt":"2022-03-19T20:38:20","slug":"notre-equipe","status":"publish","type":"page","link":"https:\/\/greentelemesure.com\/index.php\/notre-equipe\/","title":{"rendered":"Notre \u00e9quipe"},"content":{"rendered":"\n<p>Dans le souci de satisfaire ses clients,&nbsp;<b>GREEN SOLUTIONS<\/b>&nbsp;est dot\u00e9e d&rsquo;une \u00e9quipe pluridisciplinaire de plus d&rsquo;une&nbsp;<strong>vingtaine d&rsquo;ing\u00e9nieurs et techniciens<\/strong>&nbsp;capables de r\u00e9soudre les probl\u00e8mes quotidiens et de mettre en place des strat\u00e9gies de d\u00e9veloppement rentables et durables.<\/p><br>\n\n\n<p>Gr\u00e2ce \u00e0 notre \u00e9quipe pluridisciplinaire qui n\u2019h\u00e9site pas \u00e0 s\u2019investir pour d\u00e9velopper et adapter des solutions faisables dans nos conditions locales, nous assurons, aussi, un encadrement de proximit\u00e9 pour l&rsquo;ensemble de nos clients; en plus des partenaires et des fournisseurs engag\u00e9s \u00e0 nous \u00e9pauler dans nos choix strat\u00e9giques.<\/p>\n<p>\u00a0<\/p>\n\n\n<p>En suivant une politique de croissance continue et durable&nbsp;<strong>GREEN SOLUTIONS<\/strong>&nbsp;n&rsquo;a pas cess\u00e9 d&rsquo;augmenter ses capacit\u00e9s mat\u00e9rielles et humaines pour pr\u00e9senter sur le march\u00e9 une gamme assez large&nbsp;de produits et un suivi de pointe pour le secteur de gestion de l&rsquo;eau et de l&rsquo;agriculture.<\/p>\n","protected":false},"excerpt":{"rendered":"<p>Dans le souci de satisfaire ses clients,&nbsp;GREEN SOLUTIONS&nbsp;est dot\u00e9e d&rsquo;une \u00e9quipe pluridisciplinaire de plus d&rsquo;une&nbsp;vingtaine [&hellip;]<\/p>\n","protected":false},"author":1,"featured_media":0,"parent":0,"menu_order":0,"comment_status":"closed","ping_status":"closed","template":"template-full-width.php","meta":[],"_links":{"self":[{"href":"https:\/\/greentelemesure.com\/index.php\/wp-json\/wp\/v2\/pages\/3700"}],"collection":[{"href":"https:\/\/greentelemesure.com\/index.php\/wp-json\/wp\/v2\/pages"}],"about":[{"href":"https:\/\/greentelemesure.com\/index.php\/wp-json\/wp\/v2\/types\/page"}],"author":[{"embeddable":true,"href":"https:\/\/greentelemesure.com\/index.php\/wp-json\/wp\/v2\/users\/1"}],"replies":[{"embeddable":true,"href":"https:\/\/greentelemesure.com\/index.php\/wp-json\/wp\/v2\/comments?post=3700"}],"version-history":[{"count":13,"href":"https:\/\/greentelemesure.com\/index.php\/wp-json\/wp\/v2\/pages\/3700\/revisions"}],"predecessor-version":[{"id":4663,"href":"https:\/\/greentelemesure.com\/index.php\/wp-json\/wp\/v2\/pages\/3700\/revisions\/4663"}],"wp:attachment":[{"href":"https:\/\/greentelemesure.com\/index.php\/wp-json\/wp\/v2\/media?parent=3700"}],"curies":[{"name":"wp","href":"https:\/\/api.w.org\/{rel}","templated":true}]}}