{"id":3803,"date":"2022-02-05T10:23:17","date_gmt":"2022-02-05T09:23:17","guid":{"rendered":"http:\/\/41.249.251.2:8004\/?page_id=3803"},"modified":"2023-11-02T09:33:41","modified_gmt":"2023-11-02T08:33:41","slug":"alerte-phyto-sanitaire","status":"publish","type":"page","link":"https:\/\/greentelemesure.com\/index.php\/alerte-phyto-sanitaire\/","title":{"rendered":"Alerte phyto-sanitaire"},"content":{"rendered":"\n<figure class=\"wp-block-image size-full\"><img decoding=\"async\" loading=\"lazy\" width=\"1160\" height=\"333\" src=\"https:\/\/greentelemesure.com\/wp-content\/uploads\/2022\/02\/barre_gestion_risque.jpg\" alt=\"\" class=\"wp-image-4344\"\/><\/figure>\n\n\n\n<h1 class=\"wp-block-heading has-text-color has-medium-font-size\" id=\"triangle-des-maladies-et-modeles-phytosanitaires\" style=\"color:#71b002\">Triangle des maladies et Mod\u00e8les phytosanitaires :<\/h1>\n\n\n\n<p>L\u2019initiation des maladies des plantes et leur d\u00e9veloppement est une fonction de l&rsquo;interaction de trois facteurs (le climat, le pathog\u00e8ne et la plante). Cette interaction est&nbsp;appel\u00e9e le \u00ab\u00a0Triangle des maladies\u00a0\u00bb. L\u2019\u00e9valuation des&nbsp;risques&nbsp;des maladies selon plusieurs mod\u00e8les est bas\u00e9e sur ce triangle. Les stations m\u00e9t\u00e9orologiques dans le champ recueillent des donn\u00e9es sur l&rsquo;atmosph\u00e8re et l\u2019envoient pour traitement par le logiciel central. Le r\u00e9sultat est une mise \u00e0 jour d&rsquo;\u00e9valuation du risque de maladie cibl\u00e9e.<\/p>\n\n\n\n<p>Il s\u2019agit donc de donner l\u2019information exacte dans le temps exacte pour une d\u00e9cision exacte !<\/p>\n\n\n\n<p>Le logiciel&nbsp;est un outil flexible qui vous permet d\u2019analyser vos donn\u00e9es par une multitude d\u2019extensions faites sp\u00e9cialement pour vous aider ! Il&nbsp;comprend la plupart des m\u00e9thodes couramment utilis\u00e9es pour le calcul des unit\u00e9s thermiques et les mod\u00e8les de maladies :&nbsp;<\/p>\n\n\n\n<ul>\n<li>Grape Downy Mildew &#8211; Apple Powdery Mildew<\/li>\n\n\n\n<li>Apple Scab &#8211; DSV TomCas&nbsp;<\/li>\n\n\n\n<li>La maladie de Fireblight (sous demande) &#8211; Grape bunch rot&nbsp;<\/li>\n\n\n\n<li>Potato Blight (Ullrich -Schroedter) &#8211; Potato Blight (WINSTEL)<\/li>\n\n\n\n<li>Strawberry Bunch Rot &#8211; Tomato Late Blight<\/li>\n<\/ul>\n\n\n\n<h1 class=\"wp-block-heading has-text-color has-medium-font-size\" id=\"degres-jours-et-risques-climatiques-avantages-pour-l-agriculteur\" style=\"color:#71b002\">Degr\u00e9s jours et risques climatiques :<\/h1>\n\n\n\n<p>Cette m\u00e9thode (degr\u00e9s jours) est utilis\u00e9e pour :<\/p>\n\n\n\n<ul>\n<li>La d\u00e9termination des dates de plantation,&nbsp;<\/li>\n\n\n\n<li>La pr\u00e9vision des dates de r\u00e9colte,&nbsp;<\/li>\n\n\n\n<li>La pr\u00e9vision des risques d\u2019attaques (ravageurs et maladies),<\/li>\n\n\n\n<li>La pr\u00e9vention des risques climatiques (gel, forte pluie,\u2026).&nbsp;<\/li>\n<\/ul>\n\n\n\n<h1 class=\"wp-block-heading has-text-color has-medium-font-size\" id=\"degres-jours-et-risques-climatiques-avantages-pour-l-agriculteur\" style=\"color:#71b002\">Avantages pour l\u2019agriculteur :<\/h1>\n\n\n\n<ul>\n<li>Avoir les informations n\u00e9cessaires pour d\u00e9cider en temps quasi r\u00e9el et n\u2019importe o\u00f9 !<\/li>\n\n\n\n<li>Traiter seulement quand il le faut&nbsp;Economiser plus de 20% des produits chimiques !<\/li>\n\n\n\n<li>Garder une base de donn\u00e9es pour la tra\u00e7abilit\u00e9 de tous les traitements,<\/li>\n\n\n\n<li>Economiser le temps, l\u2019\u00e9nergie et bien s\u00fbr l\u2019argent,<\/li>\n\n\n\n<li>Prot\u00e9ger l\u2019environnement.<\/li>\n<\/ul>\n\n\n\n<h1 class=\"wp-block-heading has-text-color has-medium-font-size\" id=\"degres-jours-et-risques-climatiques-avantages-pour-l-agriculteur\" style=\"color:#71b002\">Ce qu\u2019on peut vous garantir :<\/h1>\n\n\n\n<ul>\n<li>Les caract\u00e9ristiques climatiques en temps r\u00e9el pour un site donn\u00e9,<\/li>\n\n\n\n<li>Plusieurs m\u00e9thodes de calcul du degr\u00e9-jour,<\/li>\n\n\n\n<li>Pr\u00e9vention de gel\u00e9e par GSM ou GPRS,<\/li>\n\n\n\n<li>Index des maladies fongiques et recommandations des traitements,<\/li>\n\n\n\n<li>Des calculs statistiques comme la somme des pr\u00e9cipitations, moyenne des humidit\u00e9s\/temp\u00e9ratures&#8230;<\/li>\n\n\n\n<li>Possibilit\u00e9 de d\u00e9finition des seuils de d\u00e9clenchement d\u2019alarmes ou \u00e9v\u00e9nements par l\u2019utilisateur lui m\u00eame,<\/li>\n\n\n\n<li>Interface utilisateur avec plusieurs langues,<\/li>\n\n\n\n<li>H\u00e9bergement des donn\u00e9es sur Site web accessible de n\u2019importe qu\u2019il ordinateur, n\u2019importe o\u00f9, et n\u2019importe quand!<\/li>\n\n\n\n<li>Interface LAN pour l\u2019acc\u00e8s des donn\u00e9es par r\u00e9seau.<\/li>\n<\/ul>\n\n\n\n<p>De plus, chaque client pourra recevoir un lien de parrainage vers le site Web Slotogate o\u00f9 il pourra jouer \u00e0 divers casinos et jeux en ligne. Le jeu le plus populaire r\u00e9cemment est <a href=\"https:\/\/slotogate.com\/pt\/table-games\/roleta\/\">simulador de roleta online<\/a><\/p>\n","protected":false},"excerpt":{"rendered":"<p>Triangle des maladies et Mod\u00e8les phytosanitaires : L\u2019initiation des maladies des plantes et leur d\u00e9veloppement [&hellip;]<\/p>\n","protected":false},"author":1,"featured_media":0,"parent":0,"menu_order":0,"comment_status":"closed","ping_status":"closed","template":"template-full-width.php","meta":[],"_links":{"self":[{"href":"https:\/\/greentelemesure.com\/index.php\/wp-json\/wp\/v2\/pages\/3803"}],"collection":[{"href":"https:\/\/greentelemesure.com\/index.php\/wp-json\/wp\/v2\/pages"}],"about":[{"href":"https:\/\/greentelemesure.com\/index.php\/wp-json\/wp\/v2\/types\/page"}],"author":[{"embeddable":true,"href":"https:\/\/greentelemesure.com\/index.php\/wp-json\/wp\/v2\/users\/1"}],"replies":[{"embeddable":true,"href":"https:\/\/greentelemesure.com\/index.php\/wp-json\/wp\/v2\/comments?post=3803"}],"version-history":[{"count":4,"href":"https:\/\/greentelemesure.com\/index.php\/wp-json\/wp\/v2\/pages\/3803\/revisions"}],"predecessor-version":[{"id":5309,"href":"https:\/\/greentelemesure.com\/index.php\/wp-json\/wp\/v2\/pages\/3803\/revisions\/5309"}],"wp:attachment":[{"href":"https:\/\/greentelemesure.com\/index.php\/wp-json\/wp\/v2\/media?parent=3803"}],"curies":[{"name":"wp","href":"https:\/\/api.w.org\/{rel}","templated":true}]}}