{"id":3812,"date":"2022-02-05T10:33:56","date_gmt":"2022-02-05T09:33:56","guid":{"rendered":"http:\/\/41.249.251.2:8004\/?page_id=3812"},"modified":"2023-11-02T09:31:14","modified_gmt":"2023-11-02T08:31:14","slug":"controle-des-vannes","status":"publish","type":"page","link":"https:\/\/greentelemesure.com\/index.php\/controle-des-vannes\/","title":{"rendered":"Contr\u00f4le des vannes"},"content":{"rendered":"\n<p>L\u2019ouverture et la fermeture des vannes d&rsquo;irrigation, le d\u00e9marrage et l&rsquo;arr\u00eat des pompes et autres appareils \u00e0 distance, c&rsquo;est exactement ce que&nbsp;<strong>l&rsquo;A724 addSWITCH<\/strong>&nbsp;a \u00e9t\u00e9 con\u00e7u pour faire. Vous n&rsquo;avez plus besoin d&rsquo;aller sur le site, envoyer une&nbsp;simple commande radio \u00e0 votre&nbsp;<strong>addSWITCH<\/strong>&nbsp;ou m\u00eame SMS et c&rsquo;est fini!<\/p>\n\n\n\n<p>En outre, un&nbsp;<strong>A724 addSWITCH<\/strong>&nbsp;peut aussi \u00eatre connect\u00e9 \u00e0 2 compteurs d&rsquo;eau; qui pourrait \u00eatre un senseur de d\u00e9bit de la rampe, ou des compteurs de d\u00e9bit de goutteur pour contr\u00f4ler ce qu\u2019on donne \u00e0 notre culture.<\/p>\n\n\n\n<p>Il est extr\u00eamement robuste avec un module radio 10 mW. Il est enti\u00e8rement compatible avec tous les autres membres de la famille radio&nbsp;<strong>Adcon UHF<\/strong>, que ce soit&nbsp;<strong>addWAVE l&rsquo;A733<\/strong>, ou&nbsp;<strong>l&rsquo;A731 addRELAY<\/strong>. On peut donc facilement \u00eatre int\u00e9gr\u00e9e dans les r\u00e9seaux&nbsp;<strong>Adcon<\/strong>, offrant des distances de transmission jusqu&rsquo;\u00e0 1000 m.<\/p>\n\n\n\n<p>Un\u00a0<strong>addSWITCH<\/strong>\u00a0peut faire fonctionner 2 sol\u00e9no\u00efdes de fermeture, en leur fournissant de 5,5 \u00e0 15V DC. Il dispose d&rsquo;un connecteur \u00e0 4 broches pour relier des sol\u00e9no\u00efdes.<\/p>\n\n\n\n<p>Mais vous n\u2019avez pas besoin d\u2019entrer dans tous ces d\u00e9tails, il suffit de les comprendre superficiellement. Faites ce que vous aimez et confiez-le aux professionnels. De plus, le site Slotogate a d\u00e9sormais ajout\u00e9 un grand nombre de jeux et il est \u00e9galement possible d&rsquo;obtenir <a href=\"https:\/\/slotogate.com\/pt\/bonus\/bonus-boas-vindas\/\">b\u00f4nus para cassino online<\/a><\/p>\n\n\n\n<figure class=\"wp-block-image\"><img decoding=\"async\" src=\"https:\/\/greentelemesure.com\/images\/produits\/logiciel\/controle_vanne.png\" alt=\"\"\/><\/figure>\n","protected":false},"excerpt":{"rendered":"<p>L\u2019ouverture et la fermeture des vannes d&rsquo;irrigation, le d\u00e9marrage et l&rsquo;arr\u00eat des pompes et autres [&hellip;]<\/p>\n","protected":false},"author":1,"featured_media":0,"parent":0,"menu_order":0,"comment_status":"closed","ping_status":"closed","template":"template-full-width.php","meta":[],"_links":{"self":[{"href":"https:\/\/greentelemesure.com\/index.php\/wp-json\/wp\/v2\/pages\/3812"}],"collection":[{"href":"https:\/\/greentelemesure.com\/index.php\/wp-json\/wp\/v2\/pages"}],"about":[{"href":"https:\/\/greentelemesure.com\/index.php\/wp-json\/wp\/v2\/types\/page"}],"author":[{"embeddable":true,"href":"https:\/\/greentelemesure.com\/index.php\/wp-json\/wp\/v2\/users\/1"}],"replies":[{"embeddable":true,"href":"https:\/\/greentelemesure.com\/index.php\/wp-json\/wp\/v2\/comments?post=3812"}],"version-history":[{"count":6,"href":"https:\/\/greentelemesure.com\/index.php\/wp-json\/wp\/v2\/pages\/3812\/revisions"}],"predecessor-version":[{"id":5308,"href":"https:\/\/greentelemesure.com\/index.php\/wp-json\/wp\/v2\/pages\/3812\/revisions\/5308"}],"wp:attachment":[{"href":"https:\/\/greentelemesure.com\/index.php\/wp-json\/wp\/v2\/media?parent=3812"}],"curies":[{"name":"wp","href":"https:\/\/api.w.org\/{rel}","templated":true}]}}