{"id":3883,"date":"2022-02-09T16:23:29","date_gmt":"2022-02-09T15:23:29","guid":{"rendered":"http:\/\/41.249.251.2:8004\/?page_id=3883"},"modified":"2023-03-14T11:53:25","modified_gmt":"2023-03-14T10:53:25","slug":"nos-stations","status":"publish","type":"page","link":"https:\/\/greentelemesure.com\/index.php\/nos-stations\/","title":{"rendered":"Nos stations"},"content":{"rendered":"\n<div class=\"wp-block-columns is-layout-flex wp-container-13\">\n<div class=\"wp-block-column is-vertically-aligned-top has-cyan-bluish-gray-color has-text-color is-layout-flow\" style=\"flex-basis:100%\">\n<div class=\"wp-block-columns is-layout-flex wp-container-11\">\n<div class=\"wp-block-column is-vertically-aligned-top is-layout-flow\"><div class=\"iheg-wrapper\"><div class=\"eihe-box eihe-fade-in-up\" style=\"background: rgba(255,255,255,0.81);border-radius:0px 0px 0px 0px;\"><img decoding=\"async\" src=\"https:\/\/greentelemesure.com\/wp-content\/uploads\/2022\/01\/csm_series6_applica_fd4fb61a47.jpg\" alt=\"\"\/><div class=\"eihe-caption\" style=\"background: rgba(255,255,255,0.81);\"><div class=\"eihe-title-cover\"><h4 class=\"eihe-title\"><a href=\"https:\/\/greentelemesure.com\/index.php\/station-meteorologie\/\" data-type=\"page\">M\u00e9t\u00e9orologique<\/a><\/h4>\t<\/div><p style=\"color: rgba(0,0,0,1);\">Offre des donn\u00e9es Station M\u00e9t\u00e9orologiees climatiques pr\u00e9cises et en temps r\u00e9el pour l\u2019agriculture moderne<\/p><\/div><\/div><\/div>\n\n\n<div class=\"wp-block-columns is-layout-flex wp-container-2\">\n<div class=\"wp-block-column is-layout-flow\" style=\"flex-basis:100%\"><div class=\"iheg-wrapper\"><div class=\"eihe-box eihe-fade-in-up\" style=\"background: rgba(255,255,255,0.81);border-radius:0px 0px 0px 0px;\"><img decoding=\"async\" src=\"https:\/\/greentelemesure.com\/wp-content\/uploads\/2022\/02\/csm_app_teaser_4_02_d0b6ccee2d.png\" alt=\"\"\/><div class=\"eihe-caption\" style=\"background: rgba(255,255,255,0.81);\"><div class=\"eihe-title-cover\"><h4 class=\"eihe-title\"><a href=\"https:\/\/greentelemesure.com\/index.php\/station-piezometre\/\" data-type=\"page\">Pi\u00e9zom\u00e8tre<\/a><\/h4>\t<\/div><p style=\"color: rgba(0,0,0,1);\">Permet la mesure de niveau de l\u2019eau souterraine pour identifier les tendances de \u00e0 longue terme<\/p><\/div><\/div><\/div><\/div>\n<\/div>\n<\/div>\n\n\n\n<div class=\"wp-block-column is-vertically-aligned-top is-layout-flow\"><div class=\"iheg-wrapper\"><div class=\"eihe-box eihe-fade-in-up\" style=\"background: rgba(255,255,255,0.81);border-radius:0px 0px 0px 0px;\"><img decoding=\"async\" src=\"https:\/\/greentelemesure.com\/wp-content\/uploads\/2022\/02\/csm_Waterlevel-Wasserstand-contact-free-beruehrungslos-radar-RLS-OTT-Application-16_f6079cef17.jpg\" alt=\"\"\/><div class=\"eihe-caption\" style=\"background: rgba(255,255,255,0.81);\"><div class=\"eihe-title-cover\"><h4 class=\"eihe-title\"><a href=\"https:\/\/greentelemesure.com\/index.php\/station-hydrologie\/\" data-type=\"page\">Hydrologique<\/a><\/h4>\t<\/div><p style=\"color: rgba(0,0,0,1);\">Utilis\u00e9s pour notifier les autorit\u00e9s d\u2019urgence locales en cas d\u2019inondation<\/p><\/div><\/div><\/div>\n\n\n<div class=\"wp-block-columns is-layout-flex wp-container-5\">\n<div class=\"wp-block-column is-layout-flow\" style=\"flex-basis:100%\"><div class=\"iheg-wrapper\"><div class=\"eihe-box eihe-fade-in-up\" style=\"background: rgba(255,255,255,0.81);border-radius:0px 0px 0px 0px;\"><img decoding=\"async\" src=\"https:\/\/greentelemesure.com\/wp-content\/uploads\/2022\/02\/csm_soil-moisture-670x435_01_3c90c4bbb5.jpg\" alt=\"\"\/><div class=\"eihe-caption\" style=\"background: rgba(255,255,255,0.81);\"><div class=\"eihe-title-cover\"><h4 class=\"eihe-title\"><a href=\"https:\/\/greentelemesure.com\/index.php\/station-pluviometre\/\" data-type=\"page\">Pluviom\u00e8tre<\/a><\/h4>\t<\/div><p style=\"color: rgba(0,0,0,1);\">Mesure l&rsquo;intensit\u00e9 des pr\u00e9cipitations et leur dur\u00e9e \u00e0 des points critiques particuliers.<\/p><\/div><\/div><\/div><\/div>\n<\/div>\n<\/div>\n\n\n\n<div class=\"wp-block-column is-layout-flow\">\n<div class=\"wp-block-columns is-layout-flex wp-container-9\">\n<div class=\"wp-block-column is-layout-flow\" style=\"flex-basis:100%\">\n<div class=\"wp-block-group is-layout-flow\"><div class=\"wp-block-group__inner-container\"><div class=\"iheg-wrapper\"><div class=\"eihe-box eihe-slide-up\" style=\"background: rgba(255,255,255,0.81);border-radius:0px 0px 0px 0px;\"><img decoding=\"async\" src=\"https:\/\/greentelemesure.com\/wp-content\/uploads\/2022\/02\/IMG_20180102_144136-768x1024-1.png\" alt=\"\"\/><div class=\"eihe-caption\" style=\"background: rgba(255,255,255,0.81);align-items: flex-start;padding:29px 29px 29px 29px;\"><div class=\"eihe-title-cover\"><h4 class=\"eihe-title\"><a href=\"https:\/\/greentelemesure.com\/index.php\/station-agronomique\/\" data-type=\"page\">Agronomique<\/a><\/h4>\t<\/div><p style=\"color: rgba(0,0,0,1);\">Permet le contr\u00f4le de l\u2019Humidit\u00e9 et de la temp\u00e9rature et m\u00eame la salinit\u00e9 au niveau du sol \u00e0 plusieurs profondeurs en temps r\u00e9el\u00a0<\/p><\/div><\/div><\/div><\/div><\/div>\n<\/div>\n<\/div>\n<\/div>\n<\/div>\n<\/div>\n<\/div>\n\n\n\n<div class=\"wp-block-columns is-layout-flex wp-container-14\"><\/div>\n","protected":false},"excerpt":{"rendered":"","protected":false},"author":1,"featured_media":0,"parent":0,"menu_order":0,"comment_status":"closed","ping_status":"closed","template":"template-full-width.php","meta":[],"_links":{"self":[{"href":"https:\/\/greentelemesure.com\/index.php\/wp-json\/wp\/v2\/pages\/3883"}],"collection":[{"href":"https:\/\/greentelemesure.com\/index.php\/wp-json\/wp\/v2\/pages"}],"about":[{"href":"https:\/\/greentelemesure.com\/index.php\/wp-json\/wp\/v2\/types\/page"}],"author":[{"embeddable":true,"href":"https:\/\/greentelemesure.com\/index.php\/wp-json\/wp\/v2\/users\/1"}],"replies":[{"embeddable":true,"href":"https:\/\/greentelemesure.com\/index.php\/wp-json\/wp\/v2\/comments?post=3883"}],"version-history":[{"count":77,"href":"https:\/\/greentelemesure.com\/index.php\/wp-json\/wp\/v2\/pages\/3883\/revisions"}],"predecessor-version":[{"id":4901,"href":"https:\/\/greentelemesure.com\/index.php\/wp-json\/wp\/v2\/pages\/3883\/revisions\/4901"}],"wp:attachment":[{"href":"https:\/\/greentelemesure.com\/index.php\/wp-json\/wp\/v2\/media?parent=3883"}],"curies":[{"name":"wp","href":"https:\/\/api.w.org\/{rel}","templated":true}]}}