{"id":3889,"date":"2022-02-09T16:26:20","date_gmt":"2022-02-09T15:26:20","guid":{"rendered":"http:\/\/41.249.251.2:8004\/?page_id=3889"},"modified":"2022-02-21T15:16:23","modified_gmt":"2022-02-21T14:16:23","slug":"station-piezometre","status":"publish","type":"page","link":"https:\/\/greentelemesure.com\/index.php\/station-piezometre\/","title":{"rendered":"Station Pi\u00e9zom\u00e8tre"},"content":{"rendered":"\n<p>Les stations de mesure pi\u00e9zom\u00e9trique permet la mesure de niveau de l&rsquo;eau souterraine pour identifier les tendances de \u00e0 longue terme, notamment la baisse des niveaux d&rsquo;eau, l&rsquo;intrusion d&rsquo;eau sal\u00e9e, les variations saisonni\u00e8res, la recharge des aquif\u00e8res, le stockage et la r\u00e9cup\u00e9ration artificiels des aquif\u00e8res. La r\u00e9ception de donn\u00e9es sur les eaux souterraines via la transmission de donn\u00e9es a distance a partir des<br>options de t\u00e9l\u00e9m\u00e9trie disponibles permet d&rsquo;\u00e9conomiser du temps et des ressources sur le terrain. Nos instruments sont \u00e9galement suffisamment compacts pour s&rsquo;adapter aux eaux souterraines afin de mesurer la qualit\u00e9 de l&rsquo;eau souterraine en d\u00e9tail.<\/p>\n\n\n\n<p><\/p>\n","protected":false},"excerpt":{"rendered":"<p>Les stations de mesure pi\u00e9zom\u00e9trique permet la mesure de niveau de l&rsquo;eau souterraine pour identifier [&hellip;]<\/p>\n","protected":false},"author":1,"featured_media":0,"parent":0,"menu_order":0,"comment_status":"closed","ping_status":"closed","template":"template-full-width.php","meta":[],"_links":{"self":[{"href":"https:\/\/greentelemesure.com\/index.php\/wp-json\/wp\/v2\/pages\/3889"}],"collection":[{"href":"https:\/\/greentelemesure.com\/index.php\/wp-json\/wp\/v2\/pages"}],"about":[{"href":"https:\/\/greentelemesure.com\/index.php\/wp-json\/wp\/v2\/types\/page"}],"author":[{"embeddable":true,"href":"https:\/\/greentelemesure.com\/index.php\/wp-json\/wp\/v2\/users\/1"}],"replies":[{"embeddable":true,"href":"https:\/\/greentelemesure.com\/index.php\/wp-json\/wp\/v2\/comments?post=3889"}],"version-history":[{"count":5,"href":"https:\/\/greentelemesure.com\/index.php\/wp-json\/wp\/v2\/pages\/3889\/revisions"}],"predecessor-version":[{"id":4439,"href":"https:\/\/greentelemesure.com\/index.php\/wp-json\/wp\/v2\/pages\/3889\/revisions\/4439"}],"wp:attachment":[{"href":"https:\/\/greentelemesure.com\/index.php\/wp-json\/wp\/v2\/media?parent=3889"}],"curies":[{"name":"wp","href":"https:\/\/api.w.org\/{rel}","templated":true}]}}