{"id":3890,"date":"2022-02-09T16:26:21","date_gmt":"2022-02-09T15:26:21","guid":{"rendered":"http:\/\/41.249.251.2:8004\/?page_id=3890"},"modified":"2022-02-17T13:49:40","modified_gmt":"2022-02-17T12:49:40","slug":"station-hydrologie","status":"publish","type":"page","link":"https:\/\/greentelemesure.com\/index.php\/station-hydrologie\/","title":{"rendered":"Station Hydrologie"},"content":{"rendered":"\n<p class=\"has-text-align-left\">Les stations Hydrauliques sont utilis\u00e9s pour notifier les autorit\u00e9s d&rsquo;urgence locales en cas d&rsquo;inondation, compos\u00e9es des capteurs\u00a0 de niveau d&rsquo;eau et les capteurs de d\u00e9bit continu, coupl\u00e9s a la technologie de t\u00e9l\u00e9m\u00e9trie sont capables de mesurer, collecter et transmettre les donn\u00e9es de niveau et de vitesse<br>en temps r\u00e9el pour d\u00e9terminer le niveau de crue ou le d\u00e9bit pendant les\u00a0 inondations et alerter les autorit\u00e9s au cas ou les seuils de s\u00e9curit\u00e9 sont d\u00e9pass\u00e9s. <\/p>\n\n\n\n<p class=\"has-text-align-left\"><\/p>\n","protected":false},"excerpt":{"rendered":"<p>Les stations Hydrauliques sont utilis\u00e9s pour notifier les autorit\u00e9s d&rsquo;urgence locales en cas d&rsquo;inondation, compos\u00e9es [&hellip;]<\/p>\n","protected":false},"author":1,"featured_media":0,"parent":0,"menu_order":0,"comment_status":"closed","ping_status":"closed","template":"template-full-width.php","meta":[],"_links":{"self":[{"href":"https:\/\/greentelemesure.com\/index.php\/wp-json\/wp\/v2\/pages\/3890"}],"collection":[{"href":"https:\/\/greentelemesure.com\/index.php\/wp-json\/wp\/v2\/pages"}],"about":[{"href":"https:\/\/greentelemesure.com\/index.php\/wp-json\/wp\/v2\/types\/page"}],"author":[{"embeddable":true,"href":"https:\/\/greentelemesure.com\/index.php\/wp-json\/wp\/v2\/users\/1"}],"replies":[{"embeddable":true,"href":"https:\/\/greentelemesure.com\/index.php\/wp-json\/wp\/v2\/comments?post=3890"}],"version-history":[{"count":2,"href":"https:\/\/greentelemesure.com\/index.php\/wp-json\/wp\/v2\/pages\/3890\/revisions"}],"predecessor-version":[{"id":4292,"href":"https:\/\/greentelemesure.com\/index.php\/wp-json\/wp\/v2\/pages\/3890\/revisions\/4292"}],"wp:attachment":[{"href":"https:\/\/greentelemesure.com\/index.php\/wp-json\/wp\/v2\/media?parent=3890"}],"curies":[{"name":"wp","href":"https:\/\/api.w.org\/{rel}","templated":true}]}}