{"id":4316,"date":"2022-02-18T13:28:15","date_gmt":"2022-02-18T12:28:15","guid":{"rendered":"http:\/\/41.249.251.2:8004\/?page_id=4316"},"modified":"2022-03-28T12:04:24","modified_gmt":"2022-03-28T11:04:24","slug":"partenaires","status":"publish","type":"page","link":"https:\/\/greentelemesure.com\/index.php\/partenaires\/","title":{"rendered":"Partenaires"},"content":{"rendered":"\n<p>Nous comptons parmi nos partenaires exclusifs, made in Germany, le groupe&nbsp;<strong>ADCON, OTT, LUFFT et HYDROLAB.<\/strong> ainsi que le made in USA \u00e0 travers nos partenaires APOGEE, EXTECH et SPECTRUM<\/p>\n\n\n\n<p><\/p>\n\n\n\n<h2 class=\"has-text-color has-medium-font-size wp-block-heading\" id=\"adcon-telemetry\" style=\"color:#71b002\"><strong>ADCON Telemetry :<\/strong><\/h2>\n\n\n\n<p>D\u00e8s 1993, Adcon a introduit sa premi\u00e8re station sans fil de contr\u00f4le du climat et du sol. Depuis, la soci\u00e9t\u00e9 est devenu le premier fournisseur de stations m\u00e9t\u00e9o pour les grands producteurs, coop\u00e9ratives et Minist\u00e8res de l\u2019agriculture dans le monde entier. Le mat\u00e9riel fourni par&nbsp;<strong>ADCON<\/strong>&nbsp;recueille, transmet et exploite automatiquement les donn\u00e9es relatives au temps et au sol, puis l\u2019analyse \u00e0 travers une vari\u00e9t\u00e9 de mod\u00e8les de pathologies ou d\u2019irrigations<\/p>\n\n\n\n<p><\/p>\n\n\n\n<h2 class=\"has-text-color has-medium-font-size wp-block-heading\" id=\"jott-hydrolab\" style=\"color:#71b002\"><strong>OTT\/HYDROLAB :<\/strong><\/h2>\n\n\n\n<p>Son activit\u00e9 s&rsquo;\u00e9tend de la fourniture de capteurs hydrom\u00e9t\u00e9orologiques \u00e0 l&rsquo;installation compl\u00e8te de r\u00e9seaux de mesure, avec les \u00e9quipements suivants:<\/p>\n\n\n\n<ul><li>Capteurs de mesure de hauteur, de vitesse d&rsquo;\u00e9coulement et de d\u00e9bit, de pr\u00e9cipitations et de qualit\u00e9 des eaux &#8211; syst\u00e8me d&rsquo;acquisition de mesures<\/li><li>Syst\u00e8mes de transmission de donn\u00e9es permettant l&rsquo;utilisation des vecteurs de communication tels que modems RTC et GSM, radio, satellite<\/li><li>Logiciels de communication et de traitement<\/li><\/ul>\n\n\n\n<p>Elle a r\u00e9alis\u00e9 des milliers de projets au Monde, dont particuli\u00e8rement les pays du Maghreb (Maroc, Alg\u00e9rie, Tunisie) et en Afrique Noire francophone (B\u00e9nin, Burkina Faso, Cameroun, Congo, C\u00f4te d&rsquo;Ivoire, Gabon, Guin\u00e9e-Conakry, Mali, Madagascar, Mauritanie, Niger et&nbsp;S\u00e9n\u00e9gal)<\/p>\n\n\n\n<p><\/p>\n\n\n\n<h2 class=\"has-text-color has-medium-font-size wp-block-heading\" id=\"apogee-instruments\" style=\"color:#71b002\"><strong>APOGEE INSTRUMENTS :<\/strong><\/h2>\n\n\n\n<p>Apogee Instruments situ\u00e9e aux \u00e9tats unies d&rsquo;am\u00e9rique, fabrique depuis 1996, des capteurs \u00e9lectroniques innovants utilis\u00e9s dans les applications m\u00e9t\u00e9orologiques, agricoles et d&rsquo;\u00e9nergie renouvelable dans le monde entier.<\/p>\n\n\n\n<p>Apogee Instruments, vous aide \u00e0 faire de meilleures mesures. Cela signifie plus que simplement cr\u00e9er et vendre des capteurs de recherche \u00e0 un excellent prix. Cela implique de comprendre vos besoins, de fournir des solutions et de fournir le soutien de classe mondiale dont vous avez besoin pour r\u00e9ussir, quelle que soit la taille de votre projet.<\/p>\n\n\n\n<p><\/p>\n\n\n\n<h2 class=\"has-text-color has-medium-font-size wp-block-heading\" id=\"apogee-instruments\" style=\"color:#71b002\"><strong>LUFFT :<\/strong><\/h2>\n\n\n\n<p class=\"has-text-color has-medium-font-size\" style=\"color:#71b002\"><\/p>\n\n\n\n<p>G. Lufft Mess- und Regeltechnik GmbH, situ\u00e9e \u00e0 Fellbach pr\u00e8s de Stuttgart, d\u00e9veloppe et produit depuis plus de 135 ans des composants et des syst\u00e8mes professionnels pour la mesure du climat et de l&rsquo;environnement<\/p>\n\n\n\n<p>Nous investissons des ressources importantes dans le d\u00e9veloppement de supports pour expliquer clairement comment utiliser nos produits de mani\u00e8re optimale pour les ann\u00e9es \u00e0 venir. Nos sp\u00e9cialistes du support technique hautement qualifi\u00e9s se tiennent \u00e0 votre disposition pour r\u00e9pondre \u00e0 vos questions par t\u00e9l\u00e9phone ou par e-mail. Nous appr\u00e9cions l&rsquo;interaction avec nos excellents clients et vous consid\u00e9rons comme un partenaire essentiel en premi\u00e8re ligne de votre domaine.<\/p>\n\n\n\n<h2 class=\"has-text-color has-medium-font-size wp-block-heading\" style=\"color:#71b002\"><strong>EXTECH:<\/strong><\/h2>\n\n\n\n<p>Depuis 1971, Extech Instruments se concentre sur les outils de test et de mesure con\u00e7us pour les professionnels, les artisans et les bricoleurs. La strat\u00e9gie de source unique en a fait la marque vers laquelle se tourner lorsqu&rsquo;il s&rsquo;agit d&rsquo;outils qui aident \u00e0 pr\u00e9venir, identifier et r\u00e9soudre les probl\u00e8mes dans une pl\u00e9thore d&rsquo;applications; Qu&rsquo;il s&rsquo;agisse d&rsquo;applications \u00e9lectriques, m\u00e9caniques, de maintenance, de s\u00e9curit\u00e9 ou d&rsquo;environnement, les produits Extech font confiance aux professionnels et sont mis \u00e0 l&rsquo;\u00e9preuve chaque jour.<\/p>\n\n\n\n<p>Avec plus de 45 ans, Extech est reconnu comme l&rsquo;un des plus grands fabricants et fournisseurs d&rsquo;outils de test, de mesure et d&rsquo;inspection portables innovants et de qualit\u00e9 au monde. Vendu dans plus de 100 pays \u00e0 travers le monde, le succ\u00e8s d&rsquo;Extech est soutenu par un vaste r\u00e9seau de distributeurs d\u00e9vou\u00e9s et comp\u00e9tents qui pr\u00e9sentent chaque jour de nouveaux utilisateurs \u00e0 Extech.<\/p>\n\n\n\n<h2 class=\"has-text-color has-medium-font-size wp-block-heading\" style=\"color:#71b002\"><strong>SPECTRUM<\/strong><\/h2>\n\n\n\n<p>Spectrum Technologies, Inc. a \u00e9t\u00e9 fond\u00e9e en 1987  .fabriquons et distribuons des technologies de mesure des plantes abordables et de pointe pour les march\u00e9s de l&rsquo;agriculture, de l&rsquo;horticulture, de l&rsquo;environnement et du gazon dans le monde entier. servons plus de 14 000 clients dans plus de 80 pays.<\/p>\n\n\n\n<p>les principes  groupes de produits sont : la surveillance m\u00e9t\u00e9orologique et environnementale, les outils de gestion des nutriments, les outils de gestion int\u00e9gr\u00e9e des ravageurs et la mesure de l&rsquo;humidit\u00e9 et de la qualit\u00e9 du sol.<\/p>\n","protected":false},"excerpt":{"rendered":"<p>Nous comptons parmi nos partenaires exclusifs, made in Germany, le groupe&nbsp;ADCON, OTT, LUFFT et HYDROLAB. [&hellip;]<\/p>\n","protected":false},"author":5,"featured_media":0,"parent":0,"menu_order":0,"comment_status":"closed","ping_status":"closed","template":"template-full-width.php","meta":[],"_links":{"self":[{"href":"https:\/\/greentelemesure.com\/index.php\/wp-json\/wp\/v2\/pages\/4316"}],"collection":[{"href":"https:\/\/greentelemesure.com\/index.php\/wp-json\/wp\/v2\/pages"}],"about":[{"href":"https:\/\/greentelemesure.com\/index.php\/wp-json\/wp\/v2\/types\/page"}],"author":[{"embeddable":true,"href":"https:\/\/greentelemesure.com\/index.php\/wp-json\/wp\/v2\/users\/5"}],"replies":[{"embeddable":true,"href":"https:\/\/greentelemesure.com\/index.php\/wp-json\/wp\/v2\/comments?post=4316"}],"version-history":[{"count":20,"href":"https:\/\/greentelemesure.com\/index.php\/wp-json\/wp\/v2\/pages\/4316\/revisions"}],"predecessor-version":[{"id":4684,"href":"https:\/\/greentelemesure.com\/index.php\/wp-json\/wp\/v2\/pages\/4316\/revisions\/4684"}],"wp:attachment":[{"href":"https:\/\/greentelemesure.com\/index.php\/wp-json\/wp\/v2\/media?parent=4316"}],"curies":[{"name":"wp","href":"https:\/\/api.w.org\/{rel}","templated":true}]}}