{"id":48,"date":"2021-06-19T09:16:34","date_gmt":"2021-06-19T08:16:34","guid":{"rendered":"http:\/\/41.249.251.2:8004\/?page_id=48"},"modified":"2022-03-19T21:30:47","modified_gmt":"2022-03-19T20:30:47","slug":"presentation","status":"publish","type":"page","link":"https:\/\/greentelemesure.com\/index.php\/presentation\/","title":{"rendered":"Pr\u00e9sentation"},"content":{"rendered":"\n<p>Depuis le d\u00e9but de nos activit\u00e9s, nous nous sommes fix\u00e9s I&rsquo;objectif de faire de nos produits\/solutions le reflet traduisant intimement les besoins changeants et progressifs de nos clients. C&rsquo;est dans le cadre de cette vision que nous nous sommes sp\u00e9cialis\u00e9s dans le domaine des appareils de mesure et de t\u00e9l\u00e9m\u00e9trie hydrologique et agriculture intelligente.<\/p>\n\n\n\n<p>Soutenus par une activit\u00e9 de R&amp;D innovante, nous sommes parvenus \u00e0 se doter de nouveaux outils de mesure, de suivi, de gestion et d&rsquo;aide \u00e0 la d\u00e9cision qui couvrent plusieurs branches environnementales, hydrologiques et hydrauliques; en plus des disciplines agronomiques (irrigation, phytosanitaire, nutrition).<\/p>\n\n\n\n<p>Nous reconnaissons que ces fruits n&rsquo;auraient jamais atteint seine maturit\u00e9 sans les efforts d&rsquo;un personnel cr\u00e9atif, pers\u00e9v\u00e9rant et engag\u00e9 et l&rsquo;ambition d&rsquo;une client\u00e8le confiante qui guette l&rsquo;innovation, s&rsquo;en sert, et interagit avec nous.<\/p>\n\n\n\n<p>Pour ces deux piliers, nous adressons nos vifs remerciements et leurs promettons d&rsquo;aller vers l&rsquo;avant pour une activit\u00e9 hydrologique et agricole de plus en plus SMART.<\/p>\n\n\n\n<h2 class=\"has-text-color has-medium-font-size wp-block-heading\" id=\"historique\" style=\"color:#71b002\"><strong><b>HISTORIQUE<\/b> :&nbsp;<\/strong><\/h2>\n\n\n\n<p>Depuis&nbsp;sa cr\u00e9ation, il y a&nbsp;10 ans,&nbsp;GREEN SOLUTIONS a&nbsp;men\u00e9 avec succ\u00e8s l&rsquo;ensemble des t\u00e2ches qui lui sont confi\u00e9es et&nbsp;poss\u00e8de un savoir-faire dans le domaine des appareils de mesure et t\u00e9l\u00e9m\u00e9trie hydro-agricole, reconnu par les professionnels.&nbsp;D\u00e8s lors, la diversit\u00e9 et le nombre important de projets r\u00e9alis\u00e9s au Maroc et en partenariat \u00e0 l&rsquo;\u00e9tranger lui conf\u00e8rent une exp\u00e9rience riche et estim\u00e9e. Elle est aujourd&rsquo;hui un v\u00e9ritable partenaire des op\u00e9rateurs de plusieurs fili\u00e8res.<\/p>\n\n\n\n<h2 class=\"has-text-color has-medium-font-size wp-block-heading\" id=\"le-reseau\" style=\"color:#71b002\"><strong>LE R\u00c9SEAU :<\/strong>&nbsp;<\/h2>\n\n\n\n<p>Notre\u00a0structure souple, r\u00e9active et dynamique, permet de r\u00e9pondre \u00e0 l&rsquo;ensemble des besoins de nos clients. Elle g\u00e8re actuellement un r\u00e9seau qui se compte par milliers de stations de t\u00e9l\u00e9mesures \u00e0 l\u2019\u00e9chelle nationale\u00a0 (Stations m\u00e9t\u00e9o, Pi\u00e9zom\u00e8tres, Niveau d\u2019eau, Senseurs de pression, Contr\u00f4le de d\u00e9bit,\u00a0Sondes capacitives, Dendrom\u00e9trie&#8230;)<\/p>\n\n\n\n<h2 class=\"has-text-color has-medium-font-size wp-block-heading\" id=\"demarche-qualite\" style=\"color:#71b002\"><strong>DEMARCHE QUALITE :<\/strong><\/h2>\n\n\n\n<p>S&rsquo;inscrivant dans une d\u00e9marche qualit\u00e9, nous&nbsp;entamons des recherches sur les articles adapt\u00e9s aux besoins de pointe&nbsp;des clients, et nous ne&nbsp;cessons de porter plus d&rsquo;int\u00e9r\u00eat pour le respect de l&rsquo;environnement et l&rsquo;utilisation des ressources naturelles notamment de l\u2019eau.<\/p>\n\n\n\n<h2 class=\"has-text-color has-medium-font-size wp-block-heading\" id=\"economie-environnement\" style=\"color:#71b002\"><strong>ECONOMIE\/ENVIRONNEMENT :<\/strong><\/h2>\n\n\n\n<p>Les exp\u00e9riences pass\u00e9es dans des pays comme le Maroc, l\u2019Espagne, l&rsquo;itali\u00e9, l&rsquo;Afrique du Sud, l\u2019Egypte ou le Mexique.., ont r\u00e9v\u00e9l\u00e9 que d\u2019importantes quantit\u00e9s de pesticides et fongicides (jusqu\u2019\u00e0 70%&nbsp; !), d\u2019eau et d\u2019engrais (jusqu\u2019\u00e0 50% !) peuvent \u00eatre \u00e9conomis\u00e9s.<\/p>\n\n\n\n<p>Les deux oppos\u00e9s,&nbsp;consommateurs et environnementalistes sont d&rsquo;accords&nbsp;: \u00ab il n\u2019y a pas de raison que les exploitants agricoles, les consommateurs et les environnementalistes soient oppos\u00e9s. Apr\u00e8s tout, nous partageons tous les m\u00eames pr\u00e9occupations. Lorsque la rivi\u00e8re est pollu\u00e9e en amont, tout le monde souffre en aval. Le mod\u00e8le pour l\u2019avenir requiert que tous les besoins soient pris en consid\u00e9ration de fa\u00e7on \u00e9gale. Il y va de l\u2019int\u00e9r\u00eat de chacun de respecter les ressources de valeur \u2013 tels que la terre et l\u2019eau \u2013 et d\u2019investir dans une gestion adapt\u00e9e. Par ailleurs, ce d\u00e9fi est identique tant dans les pays industrialis\u00e9s que dans les pays en voie de d\u00e9veloppement, du fait que nous vivons sur une seule Terre.&nbsp;<\/p>\n\n\n\n<h2 class=\"has-text-color has-medium-font-size wp-block-heading\" id=\"recherche-developpement\" style=\"color:#71b002\"><strong>RECHERCHE\/DEVELOPPEMENT :<\/strong>&nbsp;&nbsp;<\/h2>\n\n\n\n<p>Consciente de l\u2019importance de faire face \u00e0 la concurrence \u00e9trang\u00e8re,&nbsp;GREEN SOLUTIONS&nbsp;n\u2019h\u00e9site pas \u00e0 investir une part importante de son chiffre d\u2019affaire dans la recherche et d\u00e9veloppement pour valoriser nos produits.<\/p>\n\n\n\n<h2 class=\"has-text-color has-medium-font-size wp-block-heading\" id=\"logiciels-developpes\" style=\"color:#71b002\"><strong>LOGICIELS DEVELOPPES :<\/strong><\/h2>\n\n\n\n<p>Nous avons fait le choix d\u2019investir dans le domaine de l\u2019intelligence artificielle et des Technologies de l\u2019information et de la communication au service de l\u2019agriculture, l&rsquo;environnement et l&rsquo;hydrologie, le contr\u00f4le \u00e0 distance et am\u00e9liorer l\u2019organisation et la rentabilit\u00e9 des exploitations agricoles; Une dizaine de logiciels et d\u2019applications ont \u00e9t\u00e9 d\u00e9velopp\u00e9s par la soci\u00e9t\u00e9.<\/p>\n\n\n\n<h2 class=\"has-text-color has-medium-font-size wp-block-heading\" id=\"avertissement-agricole\" style=\"color:#71b002\"><strong>AVERTISSEMENT AGRICOLE :<\/strong><\/h2>\n\n\n\n<p>En utilisant les mod\u00e8les d\u00e9velopp\u00e9s par nos experts, nous fournissons aux agriculteurs et g\u00e9rants de l&rsquo;eau une s\u00e9rie de recommandations pour la r\u00e9alisation de leurs t\u00e2ches quotidiennes. Ces conseils sont envoy\u00e9s par email, ou notification sur t\u00e9l\u00e9phone mobile. Ils contiennent des informations de grande valeur, tels que l\u2019\u00e9tat de d\u00e9veloppement de certains parasites et champignons, ainsi que la quantit\u00e9 d\u2019eau n\u00e9cessaire pour les cultures, mais aussi des informations cruciales telles que le niveaux des Oueds, barrages, pr\u00e9cipitations, vitesse du vent, temp\u00e9rature et alerte aux crues.&nbsp;<\/p>\n","protected":false},"excerpt":{"rendered":"<p>Depuis le d\u00e9but de nos activit\u00e9s, nous nous sommes fix\u00e9s I&rsquo;objectif de faire de nos [&hellip;]<\/p>\n","protected":false},"author":1,"featured_media":4392,"parent":0,"menu_order":0,"comment_status":"closed","ping_status":"closed","template":"template-full-width.php","meta":[],"_links":{"self":[{"href":"https:\/\/greentelemesure.com\/index.php\/wp-json\/wp\/v2\/pages\/48"}],"collection":[{"href":"https:\/\/greentelemesure.com\/index.php\/wp-json\/wp\/v2\/pages"}],"about":[{"href":"https:\/\/greentelemesure.com\/index.php\/wp-json\/wp\/v2\/types\/page"}],"author":[{"embeddable":true,"href":"https:\/\/greentelemesure.com\/index.php\/wp-json\/wp\/v2\/users\/1"}],"replies":[{"embeddable":true,"href":"https:\/\/greentelemesure.com\/index.php\/wp-json\/wp\/v2\/comments?post=48"}],"version-history":[{"count":21,"href":"https:\/\/greentelemesure.com\/index.php\/wp-json\/wp\/v2\/pages\/48\/revisions"}],"predecessor-version":[{"id":4657,"href":"https:\/\/greentelemesure.com\/index.php\/wp-json\/wp\/v2\/pages\/48\/revisions\/4657"}],"wp:featuredmedia":[{"embeddable":true,"href":"https:\/\/greentelemesure.com\/index.php\/wp-json\/wp\/v2\/media\/4392"}],"wp:attachment":[{"href":"https:\/\/greentelemesure.com\/index.php\/wp-json\/wp\/v2\/media?parent=48"}],"curies":[{"name":"wp","href":"https:\/\/api.w.org\/{rel}","templated":true}]}}