{"id":3352,"date":"2022-01-21T16:24:42","date_gmt":"2022-01-21T15:24:42","guid":{"rendered":"http:\/\/41.249.251.2:8004\/?post_type=product&#038;p=3352"},"modified":"2023-04-07T13:06:43","modified_gmt":"2023-04-07T12:06:43","slug":"thermometre-a-cadranref02-12-05-22","status":"publish","type":"product","link":"https:\/\/greentelemesure.com\/index.php\/produit\/thermometre-a-cadranref02-12-05-22\/","title":{"rendered":"Thermom\u00e8tre \u00e0 cadran"},"content":{"rendered":"<p>Le thermom\u00e8tre \u00e0 cadran \u00e0 tige de p\u00e9n\u00e9tration a une plage de temp\u00e9rature de -58 \u00e0 302 degr\u00e9s F (-50 \u00e0 150 \u00b0C) et une pr\u00e9cision de +\/-2 degr\u00e9s F. Id\u00e9al pour une utilisation dans les liquides, semi-solides et solides. Il dispose d&rsquo;un arbre en acier inoxydable de 5 pouces avec un cadran de 2 pouces, d&rsquo;un interrupteur marche\/arr\u00eat et d&rsquo;une mise hors tension automatique apr\u00e8s une heure. Le compteur comprend un bouton de batterie 1,5 V et une gaine de protection en plastique avec clip de poche.<\/p>\n<p>&nbsp;<\/p>\n<p>&nbsp;<\/p>\n","protected":false},"excerpt":{"rendered":"<ul id=\"features\">\n<li>Sonde en acier inoxydable de 5&Prime; (130 mm) avec cadran de 2&Prime; (54 mm)<\/li>\n<li>L&rsquo;interrupteur marche\/arr\u00eat \u00e9conomise la dur\u00e9e de vie de la batterie<\/li>\n<li>Arr\u00eat automatique apr\u00e8s 1 heure<\/li>\n<li>Temp\u00e9rature\u00a0: -58 \u00e0 302\u00a0\u00b0F (-50 \u00e0 150\u00a0\u00b0C)<\/li>\n<li>Pr\u00e9cision \u00b12\u00b0F\/1\u00b0C, r\u00e9solution 0,1\u00b0\/1\u00b0<\/li>\n<\/ul>\n","protected":false},"featured_media":4925,"comment_status":"open","ping_status":"closed","template":"","meta":[],"product_cat":[61],"product_tag":[],"_links":{"self":[{"href":"https:\/\/greentelemesure.com\/index.php\/wp-json\/wp\/v3\/product\/3352"}],"collection":[{"href":"https:\/\/greentelemesure.com\/index.php\/wp-json\/wp\/v3\/product"}],"about":[{"href":"https:\/\/greentelemesure.com\/index.php\/wp-json\/wp\/v2\/types\/product"}],"replies":[{"embeddable":true,"href":"https:\/\/greentelemesure.com\/index.php\/wp-json\/wp\/v2\/comments?post=3352"}],"wp:featuredmedia":[{"embeddable":true,"href":"https:\/\/greentelemesure.com\/index.php\/wp-json\/wp\/v2\/media\/4925"}],"wp:attachment":[{"href":"https:\/\/greentelemesure.com\/index.php\/wp-json\/wp\/v2\/media?parent=3352"}],"wp:term":[{"taxonomy":"product_cat","embeddable":true,"href":"https:\/\/greentelemesure.com\/index.php\/wp-json\/wp\/v2\/product_cat?post=3352"},{"taxonomy":"product_tag","embeddable":true,"href":"https:\/\/greentelemesure.com\/index.php\/wp-json\/wp\/v2\/product_tag?post=3352"}],"curies":[{"name":"wp","href":"https:\/\/api.w.org\/{rel}","templated":true}]}}