{"id":3357,"date":"2022-01-21T17:08:31","date_gmt":"2022-01-21T16:08:31","guid":{"rendered":"http:\/\/41.249.251.2:8004\/?post_type=product&#038;p=3357"},"modified":"2024-03-12T03:59:47","modified_gmt":"2024-03-12T02:59:47","slug":"thermometre-maxi-mini-ref-02-15-09-01","status":"publish","type":"product","link":"https:\/\/greentelemesure.com\/index.php\/produit\/thermometre-maxi-mini-ref-02-15-09-01\/","title":{"rendered":"Thermom\u00e8tre Maxi-Mini"},"content":{"rendered":"<p>Thermom\u00e8tre \u00e9lectronique d&rsquo;ext\u00e9rieur<\/p>\n","protected":false},"excerpt":{"rendered":"<p>Ce thermom\u00e8tre est parfait pour une utilisation \u00e0 l&rsquo;ext\u00e9rieur. Affichage des temp\u00e9ratures maximales, minimales et actuelles.<\/p>\n","protected":false},"featured_media":4926,"comment_status":"open","ping_status":"closed","template":"","meta":[],"product_cat":[57,63],"product_tag":[],"_links":{"self":[{"href":"https:\/\/greentelemesure.com\/index.php\/wp-json\/wp\/v3\/product\/3357"}],"collection":[{"href":"https:\/\/greentelemesure.com\/index.php\/wp-json\/wp\/v3\/product"}],"about":[{"href":"https:\/\/greentelemesure.com\/index.php\/wp-json\/wp\/v2\/types\/product"}],"replies":[{"embeddable":true,"href":"https:\/\/greentelemesure.com\/index.php\/wp-json\/wp\/v2\/comments?post=3357"}],"wp:featuredmedia":[{"embeddable":true,"href":"https:\/\/greentelemesure.com\/index.php\/wp-json\/wp\/v2\/media\/4926"}],"wp:attachment":[{"href":"https:\/\/greentelemesure.com\/index.php\/wp-json\/wp\/v2\/media?parent=3357"}],"wp:term":[{"taxonomy":"product_cat","embeddable":true,"href":"https:\/\/greentelemesure.com\/index.php\/wp-json\/wp\/v2\/product_cat?post=3357"},{"taxonomy":"product_tag","embeddable":true,"href":"https:\/\/greentelemesure.com\/index.php\/wp-json\/wp\/v2\/product_tag?post=3357"}],"curies":[{"name":"wp","href":"https:\/\/api.w.org\/{rel}","templated":true}]}}