{"id":3359,"date":"2022-01-21T17:24:50","date_gmt":"2022-01-21T16:24:50","guid":{"rendered":"http:\/\/41.249.251.2:8004\/?post_type=product&#038;p=3359"},"modified":"2023-04-07T13:06:56","modified_gmt":"2023-04-07T12:06:56","slug":"pluviometre-analogique-ref-02-11-09-01","status":"publish","type":"product","link":"https:\/\/greentelemesure.com\/index.php\/produit\/pluviometre-analogique-ref-02-11-09-01\/","title":{"rendered":"Pluviom\u00e8tre analogique"},"content":{"rendered":"<p><span class=\"\">Un pluviom\u00e8tre pratique pour une d\u00e9termination facile et pr\u00e9cise des quantit\u00e9s de pluie, en plastique vert transparent avec support. <\/span><span class=\"\">Pour que le r\u00e9sultat soit aussi pr\u00e9cis que possible<\/span><\/p>\n","protected":false},"excerpt":{"rendered":"<ul class=\"list-features\">\n<li>&#8211;<span class=\"\">D\u00e9terminer les pr\u00e9cipitations facilement et avec pr\u00e9cision<\/span><\/li>\n<li>&#8211; Id\u00e9al pour une utilisation dans le jardin et l&rsquo;agriculture<\/li>\n<li>&#8211; R\u00e9sistant aux intemp\u00e9ries et robuste<\/li>\n<li>&#8211; Fabriqu\u00e9 en Allemagne<\/li>\n<\/ul>\n","protected":false},"featured_media":4927,"comment_status":"open","ping_status":"closed","template":"","meta":[],"product_cat":[57,59],"product_tag":[],"_links":{"self":[{"href":"https:\/\/greentelemesure.com\/index.php\/wp-json\/wp\/v3\/product\/3359"}],"collection":[{"href":"https:\/\/greentelemesure.com\/index.php\/wp-json\/wp\/v3\/product"}],"about":[{"href":"https:\/\/greentelemesure.com\/index.php\/wp-json\/wp\/v2\/types\/product"}],"replies":[{"embeddable":true,"href":"https:\/\/greentelemesure.com\/index.php\/wp-json\/wp\/v2\/comments?post=3359"}],"wp:featuredmedia":[{"embeddable":true,"href":"https:\/\/greentelemesure.com\/index.php\/wp-json\/wp\/v2\/media\/4927"}],"wp:attachment":[{"href":"https:\/\/greentelemesure.com\/index.php\/wp-json\/wp\/v2\/media?parent=3359"}],"wp:term":[{"taxonomy":"product_cat","embeddable":true,"href":"https:\/\/greentelemesure.com\/index.php\/wp-json\/wp\/v2\/product_cat?post=3359"},{"taxonomy":"product_tag","embeddable":true,"href":"https:\/\/greentelemesure.com\/index.php\/wp-json\/wp\/v2\/product_tag?post=3359"}],"curies":[{"name":"wp","href":"https:\/\/api.w.org\/{rel}","templated":true}]}}