{"id":3362,"date":"2022-01-22T09:47:45","date_gmt":"2022-01-22T08:47:45","guid":{"rendered":"http:\/\/41.249.251.2:8004\/?post_type=product&#038;p=3362"},"modified":"2023-04-07T13:07:02","modified_gmt":"2023-04-07T12:07:02","slug":"thermometre-alimentaire-pliable-de-poche-certifie-nsf-ref02-11-05-23","status":"publish","type":"product","link":"https:\/\/greentelemesure.com\/index.php\/produit\/thermometre-alimentaire-pliable-de-poche-certifie-nsf-ref02-11-05-23\/","title":{"rendered":"Thermom\u00e8tre alimentaire pliable de poche, certifi\u00e9 NSF"},"content":{"rendered":"<p>Ce thermom\u00e8tre \u00e0 tige compact avec sonde en acier inoxydable de 2,4&Prime; (61 mm) est certifi\u00e9 NSF pour mesurer les liquides, les p\u00e2tes et les aliments semi-solides. Complet avec pile CR2032.<\/p>\n","protected":false},"excerpt":{"rendered":"<ul id=\"features\">\n<li>Mesure de -40 \u00e0 482 \u00b0F (-40 \u00e0 250 \u00b0C)<\/li>\n<li>Sonde en acier inoxydable de 2,4&Prime; (61 mm) certifi\u00e9e NSF pour mesurer les liquides, les p\u00e2tes et les aliments semi-solides<\/li>\n<li>Temps de r\u00e9ponse rapide \u00e0 &lt; 5 secondes dans un liquide en mouvement<\/li>\n<li>Grand \u00e9cran LCD avec une r\u00e9solution de 0,1\u00b0<\/li>\n<li>Pr\u00e9cision de base\u00a0: \u00b11\u00a0\u00b0F\/0,5\u00a0\u00b0C<\/li>\n<li>Arr\u00eat automatique<\/li>\n<li>Bo\u00eetier soud\u00e9 par ultrasons (\u00e9tanche IP65) avec additif antimicrobien<\/li>\n<li>La bande magn\u00e9tique int\u00e9gr\u00e9e se fixe au r\u00e9frig\u00e9rateur<\/li>\n<li>Complet avec pile CR2032<\/li>\n<\/ul>\n","protected":false},"featured_media":4928,"comment_status":"open","ping_status":"closed","template":"","meta":[],"product_cat":[59],"product_tag":[],"_links":{"self":[{"href":"https:\/\/greentelemesure.com\/index.php\/wp-json\/wp\/v3\/product\/3362"}],"collection":[{"href":"https:\/\/greentelemesure.com\/index.php\/wp-json\/wp\/v3\/product"}],"about":[{"href":"https:\/\/greentelemesure.com\/index.php\/wp-json\/wp\/v2\/types\/product"}],"replies":[{"embeddable":true,"href":"https:\/\/greentelemesure.com\/index.php\/wp-json\/wp\/v2\/comments?post=3362"}],"wp:featuredmedia":[{"embeddable":true,"href":"https:\/\/greentelemesure.com\/index.php\/wp-json\/wp\/v2\/media\/4928"}],"wp:attachment":[{"href":"https:\/\/greentelemesure.com\/index.php\/wp-json\/wp\/v2\/media?parent=3362"}],"wp:term":[{"taxonomy":"product_cat","embeddable":true,"href":"https:\/\/greentelemesure.com\/index.php\/wp-json\/wp\/v2\/product_cat?post=3362"},{"taxonomy":"product_tag","embeddable":true,"href":"https:\/\/greentelemesure.com\/index.php\/wp-json\/wp\/v2\/product_tag?post=3362"}],"curies":[{"name":"wp","href":"https:\/\/api.w.org\/{rel}","templated":true}]}}