{"id":3364,"date":"2022-01-22T09:54:15","date_gmt":"2022-01-22T08:54:15","guid":{"rendered":"http:\/\/41.249.251.2:8004\/?post_type=product&#038;p=3364"},"modified":"2023-04-07T13:07:08","modified_gmt":"2023-04-07T12:07:08","slug":"thermometre-a-tige-etanche-ref02-11-05-20","status":"publish","type":"product","link":"https:\/\/greentelemesure.com\/index.php\/produit\/thermometre-a-tige-etanche-ref02-11-05-20\/","title":{"rendered":"Thermom\u00e8tre \u00e0 tige \u00e9tanche"},"content":{"rendered":"<p>Ce thermom\u00e8tre \u00e0 tige est de format de poche avec un affichage num\u00e9rique avec une r\u00e9solution de 0,1\u00b0 et un enregistrement min\/max. Il mesure la temp\u00e9rature des solides et des liquides congel\u00e9s \u00e0 l&rsquo;aide de la tige en acier inoxydable de 70 mm (2,75 po). Mesures de temp\u00e9rature de -40 \u00e0 392\u00b0F (-40 \u00e0 200\u00b0C). Rappel MAX\/MIN des temp\u00e9ratures hautes et basses ainsi que des fonctions de maintien des donn\u00e9es et de mise hors tension automatique. Complet avec une pile bouton LR44 et une housse de protection.<\/p>\n","protected":false},"excerpt":{"rendered":"<ul id=\"features\">\n<li>Tige en acier inoxydable de 2,75\u00a0po (70\u00a0mm)<\/li>\n<li>Temp\u00e9rature\u00a0: -40 \u00e0 392\u00a0\u00b0F (-40 \u00e0 200\u00a0\u00b0C)<\/li>\n<li>Rappel MAX\/MIN des hautes et basses temp\u00e9ratures<\/li>\n<li>Fonctions de maintien des donn\u00e9es et de mise hors tension automatique<\/li>\n<li>Pr\u00e9cision \u00b12\u00b0F\/1\u00b0C, r\u00e9solution 0,1\u00b0\/1\u00b0<\/li>\n<\/ul>\n","protected":false},"featured_media":4929,"comment_status":"open","ping_status":"closed","template":"","meta":[],"product_cat":[59],"product_tag":[],"_links":{"self":[{"href":"https:\/\/greentelemesure.com\/index.php\/wp-json\/wp\/v3\/product\/3364"}],"collection":[{"href":"https:\/\/greentelemesure.com\/index.php\/wp-json\/wp\/v3\/product"}],"about":[{"href":"https:\/\/greentelemesure.com\/index.php\/wp-json\/wp\/v2\/types\/product"}],"replies":[{"embeddable":true,"href":"https:\/\/greentelemesure.com\/index.php\/wp-json\/wp\/v2\/comments?post=3364"}],"wp:featuredmedia":[{"embeddable":true,"href":"https:\/\/greentelemesure.com\/index.php\/wp-json\/wp\/v2\/media\/4929"}],"wp:attachment":[{"href":"https:\/\/greentelemesure.com\/index.php\/wp-json\/wp\/v2\/media?parent=3364"}],"wp:term":[{"taxonomy":"product_cat","embeddable":true,"href":"https:\/\/greentelemesure.com\/index.php\/wp-json\/wp\/v2\/product_cat?post=3364"},{"taxonomy":"product_tag","embeddable":true,"href":"https:\/\/greentelemesure.com\/index.php\/wp-json\/wp\/v2\/product_tag?post=3364"}],"curies":[{"name":"wp","href":"https:\/\/api.w.org\/{rel}","templated":true}]}}