{"id":3366,"date":"2022-01-22T10:10:35","date_gmt":"2022-01-22T09:10:35","guid":{"rendered":"http:\/\/41.249.251.2:8004\/?post_type=product&#038;p=3366"},"modified":"2024-03-12T01:30:06","modified_gmt":"2024-03-12T00:30:06","slug":"thermometre-a-cadran-a-surface-plate-ref02-12-05-22-1","status":"publish","type":"product","link":"https:\/\/greentelemesure.com\/index.php\/produit\/thermometre-a-cadran-a-surface-plate-ref02-12-05-22-1\/","title":{"rendered":"Thermom\u00e8tre \u00e0 cadran \u00e0 surface plate"},"content":{"rendered":"<div class=\"col-sm-8\">\n<p>\u00a0thermom\u00e8tre \u00e0 cadran \u00e0 surface plate avec une plage de temp\u00e9rature de -58 \u00e0 572 degr\u00e9s F (-50 \u00e0 300 \u00b0C) et une pr\u00e9cision de +\/-2 degr\u00e9s F. Id\u00e9al pour mesurer les temp\u00e9ratures \u00e9lev\u00e9es sur les moteurs et autres surfaces planes y compris les grilles. Le thermom\u00e8tre dispose d&rsquo;une tige en acier inoxydable de 5 pouces avec un cadran de 2 pouces, d&rsquo;un interrupteur marche\/arr\u00eat et d&rsquo;une mise hors tension automatique apr\u00e8s une heure. Le produit comprend un bouton de batterie 1,5 V.<\/p>\n<\/div>\n<p class=\"clearfix\">\n","protected":false},"excerpt":{"rendered":"<ul id=\"features\">\n<li>Sonde en acier inoxydable de 5&Prime; (130 mm) avec cadran de 2&Prime; (54 mm)<\/li>\n<li>L&rsquo;interrupteur marche\/arr\u00eat \u00e9conomise la dur\u00e9e de vie de la batterie<\/li>\n<li>Arr\u00eat automatique apr\u00e8s 1 heure<\/li>\n<li>Temp\u00e9rature\u00a0: -58 \u00e0 572\u00a0\u00b0F (-50 \u00e0 300\u00a0\u00b0C)<\/li>\n<li>Pr\u00e9cision \u00b12\u00b0F\/1\u00b0C, r\u00e9solution 0,1\u00b0\/1\u00b0<\/li>\n<\/ul>\n","protected":false},"featured_media":4931,"comment_status":"open","ping_status":"closed","template":"","meta":[],"product_cat":[61],"product_tag":[],"_links":{"self":[{"href":"https:\/\/greentelemesure.com\/index.php\/wp-json\/wp\/v3\/product\/3366"}],"collection":[{"href":"https:\/\/greentelemesure.com\/index.php\/wp-json\/wp\/v3\/product"}],"about":[{"href":"https:\/\/greentelemesure.com\/index.php\/wp-json\/wp\/v2\/types\/product"}],"replies":[{"embeddable":true,"href":"https:\/\/greentelemesure.com\/index.php\/wp-json\/wp\/v2\/comments?post=3366"}],"wp:featuredmedia":[{"embeddable":true,"href":"https:\/\/greentelemesure.com\/index.php\/wp-json\/wp\/v2\/media\/4931"}],"wp:attachment":[{"href":"https:\/\/greentelemesure.com\/index.php\/wp-json\/wp\/v2\/media?parent=3366"}],"wp:term":[{"taxonomy":"product_cat","embeddable":true,"href":"https:\/\/greentelemesure.com\/index.php\/wp-json\/wp\/v2\/product_cat?post=3366"},{"taxonomy":"product_tag","embeddable":true,"href":"https:\/\/greentelemesure.com\/index.php\/wp-json\/wp\/v2\/product_tag?post=3366"}],"curies":[{"name":"wp","href":"https:\/\/api.w.org\/{rel}","templated":true}]}}