{"id":3367,"date":"2022-01-22T10:21:31","date_gmt":"2022-01-22T09:21:31","guid":{"rendered":"http:\/\/41.249.251.2:8004\/?post_type=product&#038;p=3367"},"modified":"2023-04-07T13:07:27","modified_gmt":"2023-04-07T12:07:27","slug":"kit-de-mesure-du-co2-ref02-15-05-14","status":"publish","type":"product","link":"https:\/\/greentelemesure.com\/index.php\/produit\/kit-de-mesure-du-co2-ref02-15-05-14\/","title":{"rendered":"Kit de mesure du CO2"},"content":{"rendered":"<p><span style=\"font-size: 16px\">\u00a0Ce compteur portable de CO2 <\/span>pour la qualit\u00e9 de l&rsquo;air int\u00e9rieur\u00a0mesure le dioxyde de carbone (C0\u00a0<sub>2<\/sub>\u00a0), la temp\u00e9rature, l&rsquo;humidit\u00e9, le point de ros\u00e9e et le bulbe humide.\u00a0V\u00e9rifie les concentrations de dioxyde de carbone (CO\u00a0<sub>2<\/sub>\u00a0) et calcule les moyennes pond\u00e9r\u00e9es statistiques de TWA (moyenne pond\u00e9r\u00e9e sur 8 heures) et STEL (limite d&rsquo;exposition \u00e0 court terme de 15 minutes).\u00a0Alarme sonore programmable par l&rsquo;utilisateur.\u00a0Logiciel d&rsquo;acquisition de donn\u00e9es et c\u00e2ble inclus pour enregistrer et documenter les donn\u00e9es de CO\u00a0<sub>2<\/sub>\u00a0, d&rsquo;humidit\u00e9 et de temp\u00e9rature.\u00a0Complet avec logiciel et c\u00e2ble, 4 piles AA et \u00e9tui de transport.<\/p>\n","protected":false},"excerpt":{"rendered":"<ul id=\"features\">\n<li>V\u00e9rifie les concentrations de dioxyde de carbone (CO\u2082)<\/li>\n<li>Calcule les moyennes pond\u00e9r\u00e9es statistiques de TWA (moyenne pond\u00e9r\u00e9e dans le temps de 8 heures) et STEL (limite d&rsquo;exposition \u00e0 court terme de 15 minutes)<\/li>\n<li>Capteur de CO\u2082 NDIR (infrarouge non dispersif) sans entretien<\/li>\n<li>Plages de mesure\u00a0:\n<ul>\n<li>CO\u2082 : 0 \u00e0 5000ppm<\/li>\n<li>Temp\u00e9rature\u00a0: -14 \u00e0 140\u00a0\u00b0F (-10 \u00e0 60\u00a0\u00b0C)<\/li>\n<li>Humidit\u00e9\u00a0: 0,0 \u00e0 99,9\u00a0%<\/li>\n<\/ul>\n<\/li>\n<\/ul>\n","protected":false},"featured_media":4932,"comment_status":"open","ping_status":"closed","template":"","meta":[],"product_cat":[63],"product_tag":[],"_links":{"self":[{"href":"https:\/\/greentelemesure.com\/index.php\/wp-json\/wp\/v3\/product\/3367"}],"collection":[{"href":"https:\/\/greentelemesure.com\/index.php\/wp-json\/wp\/v3\/product"}],"about":[{"href":"https:\/\/greentelemesure.com\/index.php\/wp-json\/wp\/v2\/types\/product"}],"replies":[{"embeddable":true,"href":"https:\/\/greentelemesure.com\/index.php\/wp-json\/wp\/v2\/comments?post=3367"}],"wp:featuredmedia":[{"embeddable":true,"href":"https:\/\/greentelemesure.com\/index.php\/wp-json\/wp\/v2\/media\/4932"}],"wp:attachment":[{"href":"https:\/\/greentelemesure.com\/index.php\/wp-json\/wp\/v2\/media?parent=3367"}],"wp:term":[{"taxonomy":"product_cat","embeddable":true,"href":"https:\/\/greentelemesure.com\/index.php\/wp-json\/wp\/v2\/product_cat?post=3367"},{"taxonomy":"product_tag","embeddable":true,"href":"https:\/\/greentelemesure.com\/index.php\/wp-json\/wp\/v2\/product_tag?post=3367"}],"curies":[{"name":"wp","href":"https:\/\/api.w.org\/{rel}","templated":true}]}}