{"id":3369,"date":"2022-01-22T10:28:09","date_gmt":"2022-01-22T09:28:09","guid":{"rendered":"http:\/\/41.249.251.2:8004\/?post_type=product&#038;p=3369"},"modified":"2024-07-11T13:19:30","modified_gmt":"2024-07-11T12:19:30","slug":"appareil-de-mesure-de-la-qualite-de-lair-interieur-ref02-15-05-15","status":"publish","type":"product","link":"https:\/\/greentelemesure.com\/index.php\/produit\/appareil-de-mesure-de-la-qualite-de-lair-interieur-ref02-15-05-15\/","title":{"rendered":"Appareil de mesure de la qualit\u00e9 de l&rsquo;Air int\u00e9rieur"},"content":{"rendered":"<p>L&rsquo;appareil de mesure de la qualit\u00e9 de l&rsquo;Air int\u00e9rieur v\u00e9rifie les concentrations de dioxyde de carbone \u00e0 l&rsquo;aide d&rsquo;un capteur de CO <sub>2<\/sub>\u00a0NDIR (infrarouge non dispersif) \u00e0 double onde sans entretien\u00a0avec une plage de 0 \u00e0 6 000 PPM.\u00a0Il peut enregistrer automatiquement jusqu&rsquo;\u00e0 20 000 ensembles de donn\u00e9es ou vous pouvez entrer manuellement jusqu&rsquo;\u00e0 99 ensembles pour un rappel ult\u00e9rieur.\u00a0Les fonctionnalit\u00e9s suppl\u00e9mentaires incluent : arr\u00eat automatique, maintien des donn\u00e9es, max\/min avec horodatage et alarme.\u00a0Livr\u00e9 complet avec six piles AAA, un logiciel compatible Windows 95\/98\/NT\/2000\/ME\/XP et un c\u00e2ble d&rsquo;interface RS-232.<\/p>\n","protected":false},"excerpt":{"rendered":"<ul id=\"features\">\n<li>V\u00e9rifie les concentrations de dioxyde de carbone (CO\u2082)<\/li>\n<li>NDIR \u00e0 double longueur d&rsquo;onde sans entretien (infrarouge non dispersif) CO\u2082<\/li>\n<li>Plage de mesure du CO\u2082\u00a0: 0 \u00e0 6\u00a0000\u00a0ppm<\/li>\n<li>Plage de mesure de la temp\u00e9rature\u00a0: -4 \u00e0 140\u00a0\u00b0F (-20 \u00e0 60\u00a0\u00b0C)<\/li>\n<li>Plage de mesure de l&rsquo;humidit\u00e9\u00a0: 10 \u00e0 95\u00a0% HR<\/li>\n<li>Enregistrement de donn\u00e9es continu (20 000 ensembles) ou manuel (99 ensembles)<\/li>\n<li>Complet avec (6) piles AAA, c\u00e2ble RS-232 et logiciel compatible Windows\u00ae<\/li>\n<\/ul>\n","protected":false},"featured_media":4933,"comment_status":"open","ping_status":"closed","template":"","meta":[],"product_cat":[63],"product_tag":[],"_links":{"self":[{"href":"https:\/\/greentelemesure.com\/index.php\/wp-json\/wp\/v3\/product\/3369"}],"collection":[{"href":"https:\/\/greentelemesure.com\/index.php\/wp-json\/wp\/v3\/product"}],"about":[{"href":"https:\/\/greentelemesure.com\/index.php\/wp-json\/wp\/v2\/types\/product"}],"replies":[{"embeddable":true,"href":"https:\/\/greentelemesure.com\/index.php\/wp-json\/wp\/v2\/comments?post=3369"}],"wp:featuredmedia":[{"embeddable":true,"href":"https:\/\/greentelemesure.com\/index.php\/wp-json\/wp\/v2\/media\/4933"}],"wp:attachment":[{"href":"https:\/\/greentelemesure.com\/index.php\/wp-json\/wp\/v2\/media?parent=3369"}],"wp:term":[{"taxonomy":"product_cat","embeddable":true,"href":"https:\/\/greentelemesure.com\/index.php\/wp-json\/wp\/v2\/product_cat?post=3369"},{"taxonomy":"product_tag","embeddable":true,"href":"https:\/\/greentelemesure.com\/index.php\/wp-json\/wp\/v2\/product_tag?post=3369"}],"curies":[{"name":"wp","href":"https:\/\/api.w.org\/{rel}","templated":true}]}}