{"id":3377,"date":"2022-01-22T10:52:39","date_gmt":"2022-01-22T09:52:39","guid":{"rendered":"http:\/\/41.249.251.2:8004\/?post_type=product&#038;p=3377"},"modified":"2024-03-03T15:27:42","modified_gmt":"2024-03-03T14:27:42","slug":"hygro-thermometre-ref02-15-05-17","status":"publish","type":"product","link":"https:\/\/greentelemesure.com\/index.php\/produit\/hygro-thermometre-ref02-15-05-17\/","title":{"rendered":"Hygro -Thermom\u00e8tre"},"content":{"rendered":"<p>Cet humidim\u00e8tre combin\u00e9 avec thermom\u00e8tre infrarouge est dot\u00e9 d&rsquo;un grand \u00e9cran LCD r\u00e9tro\u00e9clair\u00e9 avec affichages primaire et secondaire.\u00a0L&rsquo;affichage principal est s\u00e9lectionnable par l&rsquo;utilisateur pour l&rsquo;IR ou l&rsquo;humidit\u00e9\u00a0;\u00a0Secondaire affiche toujours la temp\u00e9rature ambiante.\u00a0Le thermom\u00e8tre infrarouge est dot\u00e9 d&rsquo;un pointeur laser int\u00e9gr\u00e9 et d&rsquo;un rapport distance\/cible de 8:1.\u00a0Maintien des donn\u00e9es et MAX, mise hors tension automatique.\u00a0Complet avec pile 9V et \u00e9tui de transport.<\/p>\n","protected":false},"excerpt":{"rendered":"<ul id=\"features\">\n<li>Humidim\u00e8tre combin\u00e9 plus thermom\u00e8tre infrarouge avec pointeur laser<\/li>\n<li>Thermom\u00e8tre infrarouge sans contact avec un rapport distance\/cible de 8:1<\/li>\n<li>Grand double affichage LCD r\u00e9tro\u00e9clair\u00e9<\/li>\n<li>L&rsquo;affichage principal est s\u00e9lectionnable par l&rsquo;utilisateur pour l&rsquo;IR ou l&rsquo;humidit\u00e9<\/li>\n<li>Secondaire affiche toujours la temp\u00e9rature ambiante<\/li>\n<li>Maintien des donn\u00e9es et MAX, mise hors tension automatique<\/li>\n<\/ul>\n","protected":false},"featured_media":4935,"comment_status":"open","ping_status":"closed","template":"","meta":[],"product_cat":[63],"product_tag":[],"_links":{"self":[{"href":"https:\/\/greentelemesure.com\/index.php\/wp-json\/wp\/v3\/product\/3377"}],"collection":[{"href":"https:\/\/greentelemesure.com\/index.php\/wp-json\/wp\/v3\/product"}],"about":[{"href":"https:\/\/greentelemesure.com\/index.php\/wp-json\/wp\/v2\/types\/product"}],"replies":[{"embeddable":true,"href":"https:\/\/greentelemesure.com\/index.php\/wp-json\/wp\/v2\/comments?post=3377"}],"wp:featuredmedia":[{"embeddable":true,"href":"https:\/\/greentelemesure.com\/index.php\/wp-json\/wp\/v2\/media\/4935"}],"wp:attachment":[{"href":"https:\/\/greentelemesure.com\/index.php\/wp-json\/wp\/v2\/media?parent=3377"}],"wp:term":[{"taxonomy":"product_cat","embeddable":true,"href":"https:\/\/greentelemesure.com\/index.php\/wp-json\/wp\/v2\/product_cat?post=3377"},{"taxonomy":"product_tag","embeddable":true,"href":"https:\/\/greentelemesure.com\/index.php\/wp-json\/wp\/v2\/product_tag?post=3377"}],"curies":[{"name":"wp","href":"https:\/\/api.w.org\/{rel}","templated":true}]}}