{"id":3379,"date":"2022-01-22T11:15:12","date_gmt":"2022-01-22T10:15:12","guid":{"rendered":"http:\/\/41.249.251.2:8004\/?post_type=product&#038;p=3379"},"modified":"2024-07-02T20:14:14","modified_gmt":"2024-07-02T19:14:14","slug":"enregistreur-de-temperature-humidite-ref02-15-05-26","status":"publish","type":"product","link":"https:\/\/greentelemesure.com\/index.php\/produit\/enregistreur-de-temperature-humidite-ref02-15-05-26\/","title":{"rendered":"Enregistreur de temp\u00e9rature humidit\u00e9"},"content":{"rendered":"<p>L&rsquo; Enregistreur de temp\u00e9rature humidit\u00e9 surveille la qualit\u00e9 de l&rsquo;air dans les \u00e9coles, les immeubles de bureaux, les serres, les h\u00f4pitaux et partout o\u00f9 des niveaux \u00e9lev\u00e9s de dioxyde de carbone sont g\u00e9n\u00e9r\u00e9s. Taux d&rsquo;\u00e9chantillonnage de donn\u00e9es s\u00e9lectionnable de 5, 10, 30, 60, 120, 300, 600 secondes ou automatique. <sub>Capteur de CO 2<\/sub>\u00a0NDIR (infrarouge non dispersif) \u00e0 double longueur d&rsquo;onde sans entretien\u00a0.\u00a0Le triple LCD affiche simultan\u00e9ment le CO\u00a0<sub>2<\/sub>\u00a0, la temp\u00e9rature et l&rsquo;humidit\u00e9 relative.\u00a0Complet avec six piles AAA, une carte m\u00e9moire SD 2G, un adaptateur secteur universel et un support de montage.<\/p>\n","protected":false},"excerpt":{"rendered":"<ul id=\"features\">\n<li>V\u00e9rifie les concentrations de dioxyde de carbone (CO\u00a0<sub>2<\/sub>\u00a0)<\/li>\n<li>Capteur de CO\u00a0<sub>2<\/sub>\u00a0NDIR (infrarouge non dispersif) \u00e0 double longueur d&rsquo;onde sans entretien<\/li>\n<li>Le triple \u00e9cran LCD affiche simultan\u00e9ment le CO\u00a0<sub>2<\/sub>\u00a0, la temp\u00e9rature et l&rsquo;humidit\u00e9 relative<\/li>\n<li>Plages de mesure : CO\u00a0<sub>2<\/sub>\u00a0&#8211; 0 \u00e0 4 000 ppm ;\u00a0Temp\u00e9rature &#8211; 32 \u00e0 122\u00a0\u00b0F (0 \u00e0 50\u00a0\u00b0C)\u00a0;\u00a0Humidit\u00e9 &#8211; 10 \u00e0 90%HR<\/li>\n<li>L&rsquo;enregistreur de donn\u00e9es stocke les lectures sur une carte SD au format Excel\u00ae pour un transfert facile vers un PC<\/li>\n<li>Taux d&rsquo;\u00e9chantillonnage des donn\u00e9es s\u00e9lectionnable : 5, 10, 30, 60, 120, 300, 600 secondes ou Auto<\/li>\n<li>Comprend un capteur avec un c\u00e2ble de 11,4&Prime; (29 cm), (6) piles AAA, une carte m\u00e9moire SD, un adaptateur secteur universel et un support de montage<\/li>\n<\/ul>\n","protected":false},"featured_media":4936,"comment_status":"open","ping_status":"closed","template":"","meta":[],"product_cat":[63],"product_tag":[],"_links":{"self":[{"href":"https:\/\/greentelemesure.com\/index.php\/wp-json\/wp\/v3\/product\/3379"}],"collection":[{"href":"https:\/\/greentelemesure.com\/index.php\/wp-json\/wp\/v3\/product"}],"about":[{"href":"https:\/\/greentelemesure.com\/index.php\/wp-json\/wp\/v2\/types\/product"}],"replies":[{"embeddable":true,"href":"https:\/\/greentelemesure.com\/index.php\/wp-json\/wp\/v2\/comments?post=3379"}],"wp:featuredmedia":[{"embeddable":true,"href":"https:\/\/greentelemesure.com\/index.php\/wp-json\/wp\/v2\/media\/4936"}],"wp:attachment":[{"href":"https:\/\/greentelemesure.com\/index.php\/wp-json\/wp\/v2\/media?parent=3379"}],"wp:term":[{"taxonomy":"product_cat","embeddable":true,"href":"https:\/\/greentelemesure.com\/index.php\/wp-json\/wp\/v2\/product_cat?post=3379"},{"taxonomy":"product_tag","embeddable":true,"href":"https:\/\/greentelemesure.com\/index.php\/wp-json\/wp\/v2\/product_tag?post=3379"}],"curies":[{"name":"wp","href":"https:\/\/api.w.org\/{rel}","templated":true}]}}