{"id":3391,"date":"2022-01-24T10:47:24","date_gmt":"2022-01-24T09:47:24","guid":{"rendered":"http:\/\/41.249.251.2:8004\/?post_type=product&#038;p=3391"},"modified":"2023-04-07T13:08:10","modified_gmt":"2023-04-07T12:08:10","slug":"ec-metre-ref02-11-05-09","status":"publish","type":"product","link":"https:\/\/greentelemesure.com\/index.php\/produit\/ec-metre-ref02-11-05-09\/","title":{"rendered":"Ec m\u00e8tre"},"content":{"rendered":"<p>L&rsquo;Extech EC400 int\u00e8gre la derni\u00e8re technologie de puce \u00e0 microprocesseur et une technologie de capteur brevet\u00e9e pour permettre la mesure simultan\u00e9e de la conductivit\u00e9, du TDS, de la salinit\u00e9 et de la temp\u00e9rature en six unit\u00e9s de mesure diff\u00e9rentes.<\/p>\n<p>D&rsquo;une simple pression sur un bouton, l&rsquo;EC400 vous offre la flexibilit\u00e9 des constantes de cellule interchangeables et rend le travail de test rapide, pr\u00e9cis et reproductible.<\/p>\n<p>Complet avec un compteur et une cellule de conductivit\u00e9, capuchon de protection, gobelet \u00e0 \u00e9chantillon, quatre piles CR2032 et tour de cou de 48&Prime; (1,2 m).<\/p>\n<p><strong>Les \u00e9talons de conductivit\u00e9 sont \u00e0 commander s\u00e9par\u00e9ment.<\/strong><\/p>\n","protected":false},"excerpt":{"rendered":"<ul id=\"features\">\n<li>Mesure et affichage simultan\u00e9s de la conductivit\u00e9, du TDS, de la salinit\u00e9 et de la temp\u00e9rature<\/li>\n<li>Ce compteur \u00e0 plage automatique offre 3 gammes de mesures allant de l&rsquo;eau du robinet aux eaux us\u00e9es et \u00e0 toute solution aqueuse<\/li>\n<li>Six unit\u00e9s de mesure:\u00a0 \u00b5S\/cm, mS\/cm, ppm, ppt, mg\/L et g\/L<\/li>\n<li>Facteur de rapport conductivit\u00e9 \/ TDS r\u00e9glable de 0,4 \u00e0 1,0 ,permet le calcul facile la valeur TDS<\/li>\n<li>Grand affichage num\u00e9rique \u00e0 3-1\/2\u00a0chiffres (2\u00a0000 points) avec graphique \u00e0 barres analogique pour indiquer les tendances de l&rsquo;\u00e9chantillon<\/li>\n<li>Maintien des donn\u00e9es, arr\u00eat automatique et indication de batterie faible<\/li>\n<li>Compensation automatique de la temp\u00e9rature de 2% par \u00b0C<\/li>\n<li>Une m\u00e9moire interne stockant jusqu&rsquo;\u00e0 25 lectures \u00e9tiquet\u00e9es pour un rappel facile<\/li>\n<li>Auto-\u00e9talonnage de l&rsquo;\u00e9lectronique \u00e0 la mise sous tension<\/li>\n<\/ul>\n","protected":false},"featured_media":4937,"comment_status":"open","ping_status":"closed","template":"","meta":[],"product_cat":[59],"product_tag":[],"_links":{"self":[{"href":"https:\/\/greentelemesure.com\/index.php\/wp-json\/wp\/v3\/product\/3391"}],"collection":[{"href":"https:\/\/greentelemesure.com\/index.php\/wp-json\/wp\/v3\/product"}],"about":[{"href":"https:\/\/greentelemesure.com\/index.php\/wp-json\/wp\/v2\/types\/product"}],"replies":[{"embeddable":true,"href":"https:\/\/greentelemesure.com\/index.php\/wp-json\/wp\/v2\/comments?post=3391"}],"wp:featuredmedia":[{"embeddable":true,"href":"https:\/\/greentelemesure.com\/index.php\/wp-json\/wp\/v2\/media\/4937"}],"wp:attachment":[{"href":"https:\/\/greentelemesure.com\/index.php\/wp-json\/wp\/v2\/media?parent=3391"}],"wp:term":[{"taxonomy":"product_cat","embeddable":true,"href":"https:\/\/greentelemesure.com\/index.php\/wp-json\/wp\/v2\/product_cat?post=3391"},{"taxonomy":"product_tag","embeddable":true,"href":"https:\/\/greentelemesure.com\/index.php\/wp-json\/wp\/v2\/product_tag?post=3391"}],"curies":[{"name":"wp","href":"https:\/\/api.w.org\/{rel}","templated":true}]}}