{"id":3394,"date":"2022-01-24T10:54:26","date_gmt":"2022-01-24T09:54:26","guid":{"rendered":"http:\/\/41.249.251.2:8004\/?post_type=product&#038;p=3394"},"modified":"2024-03-03T00:15:38","modified_gmt":"2024-03-02T23:15:38","slug":"hygro-thermometre-a-gros-chiffres-ref02-15-05-18","status":"publish","type":"product","link":"https:\/\/greentelemesure.com\/index.php\/produit\/hygro-thermometre-a-gros-chiffres-ref02-15-05-18\/","title":{"rendered":"Hygro-thermom\u00e8tre \u00e0 gros chiffres"},"content":{"rendered":"<p>Cet hygro-thermom\u00e8tre \u00e0 gros chiffres a des chiffres de 1 po sur un tr\u00e8s grand \u00e9cran LCD.\u00a0Il affiche simultan\u00e9ment une humidit\u00e9 de 10 \u00e0 99% et une temp\u00e9rature de 14 \u00e0 140\u00b0F ou -10 \u00e0 60\u00b0C.\u00a0La pr\u00e9cision est de \u00b15\u00a0% HR et de \u00b11,8\u00a0\u00b0F\/\u00b11\u00a0\u00b0C.\u00a0Maximum\/minimum avec fonction de r\u00e9initialisation.\u00a0Complet avec support, support de montage mural et 1 pile AAA.<\/p>\n","protected":false},"excerpt":{"rendered":"<ul id=\"features\">\n<li>Max\/Min avec fonction \u00ab\u00a0reset\u00a0\u00bb<\/li>\n<li>Humidit\u00e9\u00a0: 10 \u00e0 99\u00a0% HR<\/li>\n<li>Temp\u00e9rature\u00a0: 14 \u00e0 140\u00a0\u00b0F ou -10 \u00e0 60\u00a0\u00b0C<\/li>\n<li>Pr\u00e9cision\u00a0: \u00b15\u00a0% HR\u00a0;\u00a0\u00b11,8 \u00b0F, \u00b11 \u00b0C<\/li>\n<\/ul>\n","protected":false},"featured_media":4938,"comment_status":"open","ping_status":"closed","template":"","meta":[],"product_cat":[63],"product_tag":[],"_links":{"self":[{"href":"https:\/\/greentelemesure.com\/index.php\/wp-json\/wp\/v3\/product\/3394"}],"collection":[{"href":"https:\/\/greentelemesure.com\/index.php\/wp-json\/wp\/v3\/product"}],"about":[{"href":"https:\/\/greentelemesure.com\/index.php\/wp-json\/wp\/v2\/types\/product"}],"replies":[{"embeddable":true,"href":"https:\/\/greentelemesure.com\/index.php\/wp-json\/wp\/v2\/comments?post=3394"}],"wp:featuredmedia":[{"embeddable":true,"href":"https:\/\/greentelemesure.com\/index.php\/wp-json\/wp\/v2\/media\/4938"}],"wp:attachment":[{"href":"https:\/\/greentelemesure.com\/index.php\/wp-json\/wp\/v2\/media?parent=3394"}],"wp:term":[{"taxonomy":"product_cat","embeddable":true,"href":"https:\/\/greentelemesure.com\/index.php\/wp-json\/wp\/v2\/product_cat?post=3394"},{"taxonomy":"product_tag","embeddable":true,"href":"https:\/\/greentelemesure.com\/index.php\/wp-json\/wp\/v2\/product_tag?post=3394"}],"curies":[{"name":"wp","href":"https:\/\/api.w.org\/{rel}","templated":true}]}}