{"id":3398,"date":"2022-01-24T11:02:22","date_gmt":"2022-01-24T10:02:22","guid":{"rendered":"http:\/\/41.249.251.2:8004\/?post_type=product&#038;p=3398"},"modified":"2025-04-13T09:20:41","modified_gmt":"2025-04-13T08:20:41","slug":"chlorimetre-ref02-11-05-07","status":"publish","type":"product","link":"https:\/\/greentelemesure.com\/index.php\/produit\/chlorimetre-ref02-11-05-07\/","title":{"rendered":"Chlorim\u00e8tre"},"content":{"rendered":"<p>Le CL200 est un m\u00e8tre de chlore ExStik\u00ae. Cette technique r\u00e9volutionnaire mesure le chlore r\u00e9siduel total direct sur une plage de 0,01 ppm \u00e0 10 ppm. Il effectue des mesures non subjectives et non affect\u00e9es par les interf\u00e9rences associ\u00e9es aux colorim\u00e8tres et spectrophotom\u00e8tres traditionnels comme la couleur de l&rsquo;\u00e9chantillon, la turbidit\u00e9, la lumi\u00e8re et les polluants.<\/p>\n<p>Ce produit est livr\u00e9 avec une \u00e9lectrode, cinq packs de 10 comprim\u00e9s de r\u00e9actifs (50 tests), un capuchon de protection du capteur, une coupelle d&rsquo;\u00e9chantillon avec capuchon, quatre piles CR2032 et une sangle de cou de 48 pouces.<\/p>\n","protected":false},"excerpt":{"rendered":"<ul>\n<li>Lecture directe du chlore total<\/li>\n<li>Mesures rapides et faciles (moins de 2 minutes)<\/li>\n<li>Limite de d\u00e9tection basse jusqu&rsquo;\u00e0 0,01 ppm<\/li>\n<li>Insensible \u00e0 la couleur ou \u00e0 la turbidit\u00e9 de l&rsquo;\u00e9chantillon<\/li>\n<li>Une m\u00e9moire qui stocke, marque et rappelle jusqu&rsquo;\u00e0 15 lectures<\/li>\n<li>Approuv\u00e9 par l&rsquo;US EPA comme m\u00e9thode acceptable pour la surveillance de la conformit\u00e9 des eaux us\u00e9es au chlore total.<\/li>\n<\/ul>\n","protected":false},"featured_media":4939,"comment_status":"open","ping_status":"closed","template":"","meta":[],"product_cat":[59],"product_tag":[],"_links":{"self":[{"href":"https:\/\/greentelemesure.com\/index.php\/wp-json\/wp\/v3\/product\/3398"}],"collection":[{"href":"https:\/\/greentelemesure.com\/index.php\/wp-json\/wp\/v3\/product"}],"about":[{"href":"https:\/\/greentelemesure.com\/index.php\/wp-json\/wp\/v2\/types\/product"}],"replies":[{"embeddable":true,"href":"https:\/\/greentelemesure.com\/index.php\/wp-json\/wp\/v2\/comments?post=3398"}],"wp:featuredmedia":[{"embeddable":true,"href":"https:\/\/greentelemesure.com\/index.php\/wp-json\/wp\/v2\/media\/4939"}],"wp:attachment":[{"href":"https:\/\/greentelemesure.com\/index.php\/wp-json\/wp\/v2\/media?parent=3398"}],"wp:term":[{"taxonomy":"product_cat","embeddable":true,"href":"https:\/\/greentelemesure.com\/index.php\/wp-json\/wp\/v2\/product_cat?post=3398"},{"taxonomy":"product_tag","embeddable":true,"href":"https:\/\/greentelemesure.com\/index.php\/wp-json\/wp\/v2\/product_tag?post=3398"}],"curies":[{"name":"wp","href":"https:\/\/api.w.org\/{rel}","templated":true}]}}