{"id":3400,"date":"2022-01-24T11:16:36","date_gmt":"2022-01-24T10:16:36","guid":{"rendered":"http:\/\/41.249.251.2:8004\/?post_type=product&#038;p=3400"},"modified":"2023-10-06T14:37:46","modified_gmt":"2023-10-06T13:37:46","slug":"ec410-kit-de-conductivite-tds-salinite-exstik-ref02-11-05-11","status":"publish","type":"product","link":"https:\/\/greentelemesure.com\/index.php\/produit\/ec410-kit-de-conductivite-tds-salinite-exstik-ref02-11-05-11\/","title":{"rendered":"EC410-Kit de conductivit\u00e9\/TDS\/salinit\u00e9"},"content":{"rendered":"<p>Le kit EC410 comprend EC400 ExStik\u00ae\u00a0 mesurant la conductivit\u00e9, TDS, temp\u00e9rature et\u00a0 salinit\u00e9;\u00a0 avec capteur, capuchon de protection, trois normes d&rsquo;\u00e9talonnage (bouteille de 30 ml chacune), base lest\u00e9e, 3 gobelets en plastique d&rsquo;\u00e9chantillon, avec capuchons, quatre piles 3 V CR-2032, 48 po (1,2 m) tour de cou et mallette de transport.<\/p>\n<p>Le compteur \u00e0 gamme automatique offre 3 gammes de mesures allant de l&rsquo;eau du robinet aux eaux us\u00e9es et \u00e0 toute solution aqueuse.<\/p>\n<p>Compensation automatique de la temp\u00e9rature de 2% par \u00b0C.<\/p>\n<p>Maintien des donn\u00e9es, arr\u00eat automatique et indication de batterie faible.<\/p>\n<p>La m\u00e9moire interne stocke jusqu&rsquo;\u00e0 25 lectures \u00e9tiquet\u00e9es pour un rappel facile.<\/p>\n","protected":false},"excerpt":{"rendered":"<ul id=\"features\">\n<li>Le kit comprend un compteur EC400 avec capteur, 3 normes d&rsquo;\u00e9talonnage, une base lest\u00e9e, 3 gobelets en plastique, des piles et un \u00e9tui de transport<\/li>\n<li>Le compteur \u00e0 plage automatique offre 3 gammes de mesures allant de l&rsquo;eau du robinet aux eaux us\u00e9es et \u00e0 toute solution aqueuse<\/li>\n<li>Six unit\u00e9s de mesure : \u00b5S\/cm, mS\/cm, ppm, ppt, mg\/L et g\/L<\/li>\n<li>Un facteur de rapport conductivit\u00e9 \/ TDS r\u00e9glable de 0,4 \u00e0 1,0 permet le calcul facile la valeur TDS<\/li>\n<li>Affichage simultan\u00e9 de la conductivit\u00e9, du TDS ou de la salinit\u00e9 plus la temp\u00e9rature<\/li>\n<li>Grand affichage num\u00e9rique \u00e0 3-1\/2\u00a0chiffres (2\u00a0000 points) avec graphique \u00e0 barres analogique pour indiquer les tendances de l&rsquo;\u00e9chantillon<\/li>\n<li>Maintien des donn\u00e9es, arr\u00eat automatique et indication de batterie faible<\/li>\n<li>Compensation automatique de la temp\u00e9rature de 2% par \u00b0C<\/li>\n<li>La m\u00e9moire interne stocke jusqu&rsquo;\u00e0 25 lectures \u00e9tiquet\u00e9es pour un rappel facile<\/li>\n<li>Auto-\u00e9talonnage de l&rsquo;\u00e9lectronique \u00e0 la mise sous tension<\/li>\n<\/ul>\n","protected":false},"featured_media":4940,"comment_status":"open","ping_status":"closed","template":"","meta":[],"product_cat":[59],"product_tag":[],"_links":{"self":[{"href":"https:\/\/greentelemesure.com\/index.php\/wp-json\/wp\/v3\/product\/3400"}],"collection":[{"href":"https:\/\/greentelemesure.com\/index.php\/wp-json\/wp\/v3\/product"}],"about":[{"href":"https:\/\/greentelemesure.com\/index.php\/wp-json\/wp\/v2\/types\/product"}],"replies":[{"embeddable":true,"href":"https:\/\/greentelemesure.com\/index.php\/wp-json\/wp\/v2\/comments?post=3400"}],"wp:featuredmedia":[{"embeddable":true,"href":"https:\/\/greentelemesure.com\/index.php\/wp-json\/wp\/v2\/media\/4940"}],"wp:attachment":[{"href":"https:\/\/greentelemesure.com\/index.php\/wp-json\/wp\/v2\/media?parent=3400"}],"wp:term":[{"taxonomy":"product_cat","embeddable":true,"href":"https:\/\/greentelemesure.com\/index.php\/wp-json\/wp\/v2\/product_cat?post=3400"},{"taxonomy":"product_tag","embeddable":true,"href":"https:\/\/greentelemesure.com\/index.php\/wp-json\/wp\/v2\/product_tag?post=3400"}],"curies":[{"name":"wp","href":"https:\/\/api.w.org\/{rel}","templated":true}]}}