{"id":3402,"date":"2022-01-24T11:27:26","date_gmt":"2022-01-24T10:27:26","guid":{"rendered":"http:\/\/41.249.251.2:8004\/?post_type=product&#038;p=3402"},"modified":"2024-03-12T07:19:56","modified_gmt":"2024-03-12T06:19:56","slug":"do600-kite-de-meure-doxygene-dissous-ref02-11-05-08","status":"publish","type":"product","link":"https:\/\/greentelemesure.com\/index.php\/produit\/do600-kite-de-meure-doxygene-dissous-ref02-11-05-08\/","title":{"rendered":"kit de meure d&rsquo;oxyg\u00e8ne dissous"},"content":{"rendered":"<p>Le compteur ExStik\u00ae II DO600 affiche le niveau d&rsquo;oxyg\u00e8ne en pourcentage de saturation de 0 \u00e0 200% ou concentration de 0 \u00e0 20,00 ppm (mg\/L). Il dispose d&rsquo;une compensation d&rsquo;altitude r\u00e9glable (0 \u00e0 20 000 pieds par incr\u00e9ments de 1 000 pieds), d&rsquo;une compensation de salinit\u00e9 r\u00e9glable de 0 \u00e0 50 ppt et d&rsquo;un bargraphe analogique pour indiquer les tendances.<\/p>\n<p>Le compteur DO600 comprend une \u00e9lectrode DO, un capuchon de capteur de protection, un capuchon de membrane de rechange, un \u00e9lectrolyte, quatre piles 3 V CR-2032 et une sangle de cou de 48&Prime; (1,2 m).<\/p>\n","protected":false},"excerpt":{"rendered":"<ul id=\"features\">\n<li>Niveau d&rsquo;oxyg\u00e8ne affich\u00e9 en % de saturation ou de concentration (mg\/L [ppm])<\/li>\n<li>Compensation d&rsquo;altitude r\u00e9glable (0-20 000 pieds par incr\u00e9ments de 1 000 pieds)<\/li>\n<li>Compensation de salinit\u00e9 r\u00e9glable de 0 \u00e0 50ppt<\/li>\n<li>Un bargraphe analogique indiquant les tendances<\/li>\n<li>Une m\u00e9moire qui stocke jusqu&rsquo;\u00e0 25 ensembles de donn\u00e9es avec lecture DO et temp\u00e9rature<\/li>\n<li>Auto-\u00e9talonnage \u00e0 la mise sous tension<\/li>\n<li>Maintien des donn\u00e9es, mise hors tension automatique,plus indicateur de batterie faible<\/li>\n<\/ul>\n","protected":false},"featured_media":4941,"comment_status":"open","ping_status":"closed","template":"","meta":[],"product_cat":[59],"product_tag":[],"_links":{"self":[{"href":"https:\/\/greentelemesure.com\/index.php\/wp-json\/wp\/v3\/product\/3402"}],"collection":[{"href":"https:\/\/greentelemesure.com\/index.php\/wp-json\/wp\/v3\/product"}],"about":[{"href":"https:\/\/greentelemesure.com\/index.php\/wp-json\/wp\/v2\/types\/product"}],"replies":[{"embeddable":true,"href":"https:\/\/greentelemesure.com\/index.php\/wp-json\/wp\/v2\/comments?post=3402"}],"wp:featuredmedia":[{"embeddable":true,"href":"https:\/\/greentelemesure.com\/index.php\/wp-json\/wp\/v2\/media\/4941"}],"wp:attachment":[{"href":"https:\/\/greentelemesure.com\/index.php\/wp-json\/wp\/v2\/media?parent=3402"}],"wp:term":[{"taxonomy":"product_cat","embeddable":true,"href":"https:\/\/greentelemesure.com\/index.php\/wp-json\/wp\/v2\/product_cat?post=3402"},{"taxonomy":"product_tag","embeddable":true,"href":"https:\/\/greentelemesure.com\/index.php\/wp-json\/wp\/v2\/product_tag?post=3402"}],"curies":[{"name":"wp","href":"https:\/\/api.w.org\/{rel}","templated":true}]}}