{"id":3463,"date":"2022-01-24T14:56:42","date_gmt":"2022-01-24T13:56:42","guid":{"rendered":"http:\/\/41.249.251.2:8004\/?post_type=product&#038;p=3463"},"modified":"2024-06-24T21:35:24","modified_gmt":"2024-06-24T20:35:24","slug":"mo750-humidimetre-du-solref02-12-05-16","status":"publish","type":"product","link":"https:\/\/greentelemesure.com\/index.php\/produit\/mo750-humidimetre-du-solref02-12-05-16\/","title":{"rendered":"MO750-Humidim\u00e8tre du sol"},"content":{"rendered":"<p>L&rsquo;humidim\u00e8tre de sol Extech MO750 est dot\u00e9 d&rsquo;une sonde d&rsquo;humidit\u00e9 int\u00e9gr\u00e9e de 8 pouces qui surveille les niveaux d&rsquo;humidit\u00e9 dans le sol de 0 \u00e0 50 % et d&rsquo;une utilisation facile d&rsquo;une seule main.\u00a0Le compteur dispose d&rsquo;un bo\u00eetier durable et r\u00e9sistant \u00e0 l&rsquo;eau avec un grand \u00e9cran LCD, un maintien des donn\u00e9es pour geler les lectures sur l&rsquo;\u00e9cran et une fonction minimum\/maximum.\u00a0Livr\u00e9 avec une sonde d&rsquo;humidit\u00e9 rempla\u00e7able (MO750-P), 4 piles AAA, un capuchon de capteur de sonde et un manuel d&rsquo;utilisation.<\/p>\n","protected":false},"excerpt":{"rendered":"<ul id=\"features\">\n<li>Mesure de l&rsquo;humidit\u00e9 du sol de 0 \u00e0 50%<\/li>\n<li>Utilisation facile d&rsquo;une seule main<\/li>\n<li>Min\/Max enregistre les relev\u00e9s d&rsquo;humidit\u00e9 minimum et maximum<\/li>\n<li>Maintien des donn\u00e9es pour geler la lecture \u00e0 l&rsquo;\u00e9cran<\/li>\n<li>R\u00e9sistant \u00e0 l&rsquo;eau<\/li>\n<li>Complet avec 4 piles AAA et capuchon de capteur<\/li>\n<\/ul>\n","protected":false},"featured_media":4944,"comment_status":"open","ping_status":"closed","template":"","meta":[],"product_cat":[61],"product_tag":[],"_links":{"self":[{"href":"https:\/\/greentelemesure.com\/index.php\/wp-json\/wp\/v3\/product\/3463"}],"collection":[{"href":"https:\/\/greentelemesure.com\/index.php\/wp-json\/wp\/v3\/product"}],"about":[{"href":"https:\/\/greentelemesure.com\/index.php\/wp-json\/wp\/v2\/types\/product"}],"replies":[{"embeddable":true,"href":"https:\/\/greentelemesure.com\/index.php\/wp-json\/wp\/v2\/comments?post=3463"}],"wp:featuredmedia":[{"embeddable":true,"href":"https:\/\/greentelemesure.com\/index.php\/wp-json\/wp\/v2\/media\/4944"}],"wp:attachment":[{"href":"https:\/\/greentelemesure.com\/index.php\/wp-json\/wp\/v2\/media?parent=3463"}],"wp:term":[{"taxonomy":"product_cat","embeddable":true,"href":"https:\/\/greentelemesure.com\/index.php\/wp-json\/wp\/v2\/product_cat?post=3463"},{"taxonomy":"product_tag","embeddable":true,"href":"https:\/\/greentelemesure.com\/index.php\/wp-json\/wp\/v2\/product_tag?post=3463"}],"curies":[{"name":"wp","href":"https:\/\/api.w.org\/{rel}","templated":true}]}}