{"id":3467,"date":"2022-01-24T15:11:29","date_gmt":"2022-01-24T14:11:29","guid":{"rendered":"http:\/\/41.249.251.2:8004\/?post_type=product&#038;p=3467"},"modified":"2023-04-07T13:09:14","modified_gmt":"2023-04-07T12:09:14","slug":"ph300-kit-etanche-ph-mv-temperature-ref02-11-05-13","status":"publish","type":"product","link":"https:\/\/greentelemesure.com\/index.php\/produit\/ph300-kit-etanche-ph-mv-temperature-ref02-11-05-13\/","title":{"rendered":"pH300-Kit \u00e9tanche pH\/mV\/Temp\u00e9rature"},"content":{"rendered":"<p>Ce kit pH\/temp\u00e9rature mesure le pH, les mV et la temp\u00e9rature sur votre \u00e9tabli ou sur le terrain.\u00a0Il dispose d&rsquo;un \u00e9talonnage automatique \u00e0 un bouton de 4, 7 et 10 pH avec un choix d&rsquo;\u00e9talonnage en trois points pour une meilleure pr\u00e9cision et une compensation automatique de la temp\u00e9rature.\u00a0La m\u00e9moire stocke jusqu&rsquo;\u00e0 200 lectures avec le num\u00e9ro de s\u00e9rie, la valeur mesur\u00e9e et la temp\u00e9rature.\u00a0Le compteur dispose d&rsquo;un grand \u00e9cran LCD bleu r\u00e9tro\u00e9clair\u00e9 avec une fonction d&rsquo;arr\u00eat automatique avec d\u00e9sactivation qui \u00e9conomise la dur\u00e9e de vie de la batterie.\u00a0Le bo\u00eetier \u00e9tanche IP57 le prot\u00e8ge de l&rsquo;humidit\u00e9 et des intemp\u00e9ries.\u00a0Livr\u00e9 avec une \u00e9lectrode pH\/mV\/temp\u00e9rature, un \u00e9tui de protection en caoutchouc, les solutions d&rsquo;\u00e9talonnage du pH (4, 7 et 10 pH), deux piles AA, une mallette de transport rigide et un manuel d&rsquo;utilisation.<\/p>\n","protected":false},"excerpt":{"rendered":"<ul id=\"features\">\n<li>Mesure le pH, les mV et la temp\u00e9rature sur votre \u00e9tabli ou sur le terrain<\/li>\n<li>\u00c9talonnage automatique (4, 7 et 10 pH)<\/li>\n<li>Choix d&rsquo;un \u00e9talonnage \u00e0 3 points pour une meilleure pr\u00e9cision<\/li>\n<li>Compensation automatique de la temp\u00e9rature<\/li>\n<li>La m\u00e9moire stocke jusqu&rsquo;\u00e0 200 lectures avec le num\u00e9ro de s\u00e9rie, la valeur mesur\u00e9e et la temp\u00e9rature<\/li>\n<li>Grand \u00e9cran LCD double r\u00e9tro\u00e9clair\u00e9 bleu<\/li>\n<li>L&rsquo;arr\u00eat automatique permet d&rsquo;\u00e9conomiser la batterie gr\u00e2ce \u00e0 la fonction de d\u00e9sactivation<\/li>\n<li>Bo\u00eetier \u00e9tanche<\/li>\n<li>Complet avec \u00e9lectrode pH\/mV\/temp\u00e9rature, \u00e9tui de protection en caoutchouc, solutions d&rsquo;\u00e9talonnage du pH, 2 piles AA et mallette de transport rigide<\/li>\n<\/ul>\n","protected":false},"featured_media":4946,"comment_status":"open","ping_status":"closed","template":"","meta":[],"product_cat":[59],"product_tag":[],"_links":{"self":[{"href":"https:\/\/greentelemesure.com\/index.php\/wp-json\/wp\/v3\/product\/3467"}],"collection":[{"href":"https:\/\/greentelemesure.com\/index.php\/wp-json\/wp\/v3\/product"}],"about":[{"href":"https:\/\/greentelemesure.com\/index.php\/wp-json\/wp\/v2\/types\/product"}],"replies":[{"embeddable":true,"href":"https:\/\/greentelemesure.com\/index.php\/wp-json\/wp\/v2\/comments?post=3467"}],"wp:featuredmedia":[{"embeddable":true,"href":"https:\/\/greentelemesure.com\/index.php\/wp-json\/wp\/v2\/media\/4946"}],"wp:attachment":[{"href":"https:\/\/greentelemesure.com\/index.php\/wp-json\/wp\/v2\/media?parent=3467"}],"wp:term":[{"taxonomy":"product_cat","embeddable":true,"href":"https:\/\/greentelemesure.com\/index.php\/wp-json\/wp\/v2\/product_cat?post=3467"},{"taxonomy":"product_tag","embeddable":true,"href":"https:\/\/greentelemesure.com\/index.php\/wp-json\/wp\/v2\/product_tag?post=3467"}],"curies":[{"name":"wp","href":"https:\/\/api.w.org\/{rel}","templated":true}]}}