{"id":3469,"date":"2022-01-24T15:21:13","date_gmt":"2022-01-24T14:21:13","guid":{"rendered":"http:\/\/41.249.251.2:8004\/?post_type=product&#038;p=3469"},"modified":"2024-03-03T06:06:25","modified_gmt":"2024-03-03T05:06:25","slug":"refractometre-brix-a-triple-plage-de-saccharose-ref02-14-05-29-1","status":"publish","type":"product","link":"https:\/\/greentelemesure.com\/index.php\/produit\/refractometre-brix-a-triple-plage-de-saccharose-ref02-14-05-29-1\/","title":{"rendered":"R\u00e9fractom\u00e8tre Brix \u00e0 triple plage de saccharose RF30"},"content":{"rendered":"<p>Le r\u00e9fractom\u00e8tre \u00e0 usage g\u00e9n\u00e9ral \u00e0 trois plages mesure la concentration en brix dans les jus de fruits, les lubrifiants, les fluides de coupe et autres fluides industriels.\u00a0Compact et facile \u00e0 utiliser.\u00a0N\u00e9cessite seulement 2 ou 3 gouttes de solution et fournit des mesures pr\u00e9cises et reproductibles sur une \u00e9chelle facile \u00e0 lire.\u00a0Prisme et objectif avec un simple r\u00e9glage de mise au point.\u00a0Livr\u00e9 complet avec \u00e9tui, tournevis d&rsquo;\u00e9talonnage, pipette en plastique et solution d&rsquo;\u00e9talonnage.<\/p>\n","protected":false},"excerpt":{"rendered":"<ul id=\"features\">\n<li>Mesure la concentration Brix dans les jus de fruits, les lubrifiants, les coupes et autres fluides industriels<\/li>\n<li>Taille compacte, facile \u00e0 utiliser<\/li>\n<li>Fournit des mesures pr\u00e9cises et reproductibles sur une \u00e9chelle facile \u00e0 lire<\/li>\n<li>Ne n\u00e9cessite que 2 ou 3 gouttes de solution<\/li>\n<li>Le prisme et l&rsquo;objectif avec un simple r\u00e9glage de mise au point<\/li>\n<li>Complet avec \u00e9tui, tournevis d&rsquo;\u00e9talonnage, pipette en plastique et solution d&rsquo;\u00e9talonnage<\/li>\n<\/ul>\n","protected":false},"featured_media":4947,"comment_status":"open","ping_status":"closed","template":"","meta":[],"product_cat":[60],"product_tag":[],"_links":{"self":[{"href":"https:\/\/greentelemesure.com\/index.php\/wp-json\/wp\/v3\/product\/3469"}],"collection":[{"href":"https:\/\/greentelemesure.com\/index.php\/wp-json\/wp\/v3\/product"}],"about":[{"href":"https:\/\/greentelemesure.com\/index.php\/wp-json\/wp\/v2\/types\/product"}],"replies":[{"embeddable":true,"href":"https:\/\/greentelemesure.com\/index.php\/wp-json\/wp\/v2\/comments?post=3469"}],"wp:featuredmedia":[{"embeddable":true,"href":"https:\/\/greentelemesure.com\/index.php\/wp-json\/wp\/v2\/media\/4947"}],"wp:attachment":[{"href":"https:\/\/greentelemesure.com\/index.php\/wp-json\/wp\/v2\/media?parent=3469"}],"wp:term":[{"taxonomy":"product_cat","embeddable":true,"href":"https:\/\/greentelemesure.com\/index.php\/wp-json\/wp\/v2\/product_cat?post=3469"},{"taxonomy":"product_tag","embeddable":true,"href":"https:\/\/greentelemesure.com\/index.php\/wp-json\/wp\/v2\/product_tag?post=3469"}],"curies":[{"name":"wp","href":"https:\/\/api.w.org\/{rel}","templated":true}]}}