{"id":3471,"date":"2022-01-24T15:27:09","date_gmt":"2022-01-24T14:27:09","guid":{"rendered":"http:\/\/41.249.251.2:8004\/?post_type=product&#038;p=3471"},"modified":"2023-04-07T13:09:27","modified_gmt":"2023-04-07T12:09:27","slug":"refractometre-portable-sucrose-brix-rf15-0-a-32-avec-atc-ref02-14-05-29-1","status":"publish","type":"product","link":"https:\/\/greentelemesure.com\/index.php\/produit\/refractometre-portable-sucrose-brix-rf15-0-a-32-avec-atc-ref02-14-05-29-1\/","title":{"rendered":"R\u00e9fractom\u00e8tre portable Sucrose Brix RF15 (0 \u00e0 32 %) avec ATC"},"content":{"rendered":"<p>L&rsquo;Extech RF15 mesure la concentration de sucre dans les jus de fruits et les fluides industriels de 0 \u00e0 32 % Brix, avec une r\u00e9solution maximale de 0,2 % Brix et une compensation automatique de la temp\u00e9rature.\u00a0Il ne n\u00e9cessite que deux ou trois gouttes de solution, et le prisme et la lentille avec r\u00e9glage de la mise au point fournissent des mesures simples et reproductibles.\u00a0Le RF15 est livr\u00e9 complet avec \u00e9tui, tournevis d&rsquo;\u00e9talonnage, pipette en plastique et solution d&rsquo;\u00e9talonnage.<\/p>\n","protected":false},"excerpt":{"rendered":"<ul id=\"features\">\n<li>Taille compacte, facile \u00e0 utiliser<\/li>\n<li>Compensation automatique de temp\u00e9rature (ATC) de 10 \u00e0 30\u00b0C<\/li>\n<li>Fournit des mesures pr\u00e9cises et reproductibles sur une \u00e9chelle facile \u00e0 lire<\/li>\n<li>Ne n\u00e9cessite que 2 ou 3 gouttes de solution<\/li>\n<li>Le prisme et l&rsquo;objectif avec un simple r\u00e9glage de mise au point<\/li>\n<li>Complet avec \u00e9tui, tournevis d&rsquo;\u00e9talonnage, pipette en plastique et solution d&rsquo;\u00e9talonnage<\/li>\n<\/ul>\n","protected":false},"featured_media":4948,"comment_status":"open","ping_status":"closed","template":"","meta":[],"product_cat":[60],"product_tag":[],"_links":{"self":[{"href":"https:\/\/greentelemesure.com\/index.php\/wp-json\/wp\/v3\/product\/3471"}],"collection":[{"href":"https:\/\/greentelemesure.com\/index.php\/wp-json\/wp\/v3\/product"}],"about":[{"href":"https:\/\/greentelemesure.com\/index.php\/wp-json\/wp\/v2\/types\/product"}],"replies":[{"embeddable":true,"href":"https:\/\/greentelemesure.com\/index.php\/wp-json\/wp\/v2\/comments?post=3471"}],"wp:featuredmedia":[{"embeddable":true,"href":"https:\/\/greentelemesure.com\/index.php\/wp-json\/wp\/v2\/media\/4948"}],"wp:attachment":[{"href":"https:\/\/greentelemesure.com\/index.php\/wp-json\/wp\/v2\/media?parent=3471"}],"wp:term":[{"taxonomy":"product_cat","embeddable":true,"href":"https:\/\/greentelemesure.com\/index.php\/wp-json\/wp\/v2\/product_cat?post=3471"},{"taxonomy":"product_tag","embeddable":true,"href":"https:\/\/greentelemesure.com\/index.php\/wp-json\/wp\/v2\/product_tag?post=3471"}],"curies":[{"name":"wp","href":"https:\/\/api.w.org\/{rel}","templated":true}]}}