{"id":3493,"date":"2022-01-25T10:02:14","date_gmt":"2022-01-25T09:02:14","guid":{"rendered":"http:\/\/41.249.251.2:8004\/?post_type=product&#038;p=3493"},"modified":"2023-04-07T13:09:39","modified_gmt":"2023-04-07T12:09:39","slug":"refractometre-numerique-ref02-14-01-30","status":"publish","type":"product","link":"https:\/\/greentelemesure.com\/index.php\/produit\/refractometre-numerique-ref02-14-01-30\/","title":{"rendered":"R\u00e9fractom\u00e8tre num\u00e9rique"},"content":{"rendered":"<p><span style=\"font-size: 16px\">Brix<\/span> est un syst\u00e8me de mesure de la teneur en sucre des fruits, du vin et des produits connexes. Cette mesure est utilis\u00e9e par les inspecteurs, les industries alimentaires, les vignobles et les viticulteurs. Par exemple, une lecture de 20 \u00e0 25 deg. Le brix est g\u00e9n\u00e9ralement le degr\u00e9 optimal de maturit\u00e9 du raisin \u00e0 la vendange pour la majorit\u00e9 des vins de table. Conna\u00eetre la bonne concentration en brix (sucre) est une \u00e9tape pour assurer une bonne qualit\u00e9 ainsi que pour contr\u00f4ler le pourcentage de concentration correct pour le contr\u00f4le des co\u00fbts.<\/p>\n<p>Ce r\u00e9fractom\u00e8tre compact offre une mesure Brix de 0 \u00e0 53,0 % avec une pr\u00e9cision de \u00b1 0,2 %.\u00a0La petite surface du capteur permet de mesurer des \u00e9chantillons minuscules.\u00a0La compensation automatique de la temp\u00e9rature et un grand affichage num\u00e9rique vous assurent d&rsquo;obtenir des lectures exactes \u00e0 chaque fois.\u00a0Les mesures s&rsquo;affichent en quelques secondes.\u00a0L&rsquo;entretien est facile &#8211; calibrez en quelques secondes, rincez\/essuyez la zone de l&rsquo;\u00e9chantillon avec de l&rsquo;eau.\u00a0Fonctionne sur deux<\/p>\n<ul>\n<li>La petite zone du capteur permet de mesurer des \u00e9chantillons minuscules<\/li>\n<li>Mesure Brix de 0 \u00e0 53,0 % (pr\u00e9cision \u00b1 0,2 %)<\/li>\n<li>Compensation automatique de la temp\u00e9rature<\/li>\n<li>Grand affichage num\u00e9rique du Brix et de la temp\u00e9rature<\/li>\n<li>Fonctionne avec deux piles AAA<\/li>\n<\/ul>\n","protected":false},"excerpt":{"rendered":"<p>Un moyen simple et pratique de mesurer Brix<\/p>\n","protected":false},"featured_media":4950,"comment_status":"closed","ping_status":"closed","template":"","meta":[],"product_cat":[60],"product_tag":[],"_links":{"self":[{"href":"https:\/\/greentelemesure.com\/index.php\/wp-json\/wp\/v3\/product\/3493"}],"collection":[{"href":"https:\/\/greentelemesure.com\/index.php\/wp-json\/wp\/v3\/product"}],"about":[{"href":"https:\/\/greentelemesure.com\/index.php\/wp-json\/wp\/v2\/types\/product"}],"replies":[{"embeddable":true,"href":"https:\/\/greentelemesure.com\/index.php\/wp-json\/wp\/v2\/comments?post=3493"}],"wp:featuredmedia":[{"embeddable":true,"href":"https:\/\/greentelemesure.com\/index.php\/wp-json\/wp\/v2\/media\/4950"}],"wp:attachment":[{"href":"https:\/\/greentelemesure.com\/index.php\/wp-json\/wp\/v2\/media?parent=3493"}],"wp:term":[{"taxonomy":"product_cat","embeddable":true,"href":"https:\/\/greentelemesure.com\/index.php\/wp-json\/wp\/v2\/product_cat?post=3493"},{"taxonomy":"product_tag","embeddable":true,"href":"https:\/\/greentelemesure.com\/index.php\/wp-json\/wp\/v2\/product_tag?post=3493"}],"curies":[{"name":"wp","href":"https:\/\/api.w.org\/{rel}","templated":true}]}}