{"id":3497,"date":"2022-01-25T12:35:50","date_gmt":"2022-01-25T11:35:50","guid":{"rendered":"http:\/\/41.249.251.2:8004\/?post_type=product&#038;p=3497"},"modified":"2023-04-07T13:09:52","modified_gmt":"2023-04-07T12:09:52","slug":"loupe-numerique-ipm-scope-ref02-13-04-49","status":"publish","type":"product","link":"https:\/\/greentelemesure.com\/index.php\/produit\/loupe-numerique-ipm-scope-ref02-13-04-49\/","title":{"rendered":"Loupe num\u00e9rique IPM Scope"},"content":{"rendered":"<p>L&rsquo;IPM Scope combine un appareil photo num\u00e9rique, une optique de pr\u00e9cision et un \u00e9clairage LED dans un puissant logiciel d&rsquo;imagerie et de microscope portable.\u00a0Zoomez sur les d\u00e9tails fins des sympt\u00f4mes de maladies des plantes ou des insectes.\u00a0Au lieu de vous forcer \u00e0 regarder dans un petit oculaire, placez l&rsquo;IPM Scope sur la feuille et visualisez l&rsquo;image agrandie directement sur l&rsquo;\u00e9cran de votre ordinateur.<\/p>\n<p>Le logiciel Windows inclus avec l&rsquo;\u00e9tendue IPM, le logiciel pour Mac (macOS 10.11 et sup\u00e9rieur) est disponible sur le Mac App Store.<\/p>\n<p><strong>Caract\u00e9ristiques:<\/strong><\/p>\n<p>Combine un appareil photo num\u00e9rique, une optique de pr\u00e9cision et un \u00e9clairage LED dans un puissant microscope portable<\/p>\n<ul>\n<li>Se connecte au port USB de votre ordinateur<\/li>\n<li>Inclut le logiciel requis pour capturer et archiver vos images fixes<\/li>\n<li>Le logiciel vous permet de personnaliser vos images avec des \u00e9tiquettes, des marqueurs, des horodatages et une \u00e9chelle de mesure<\/li>\n<li>La mise \u00e0 niveau du logiciel vid\u00e9o permet de capturer des vid\u00e9os en direct et des s\u00e9quences acc\u00e9l\u00e9r\u00e9es de mouvements d&rsquo;insectes<\/li>\n<\/ul>\n<p>Descriptions du logiciel IPM Scope en option<br \/>\nArticle 2860V &#8211; Mise \u00e0 niveau du logiciel vid\u00e9o &#8211; Permet au client de capturer des vid\u00e9os<br \/>\nArticle 2860FL &#8211; Outil plug-in de verrouillage de la mise au point : Am\u00e9lior\u00e9 &#8211; Am\u00e9lioration de la profondeur de champ en<br \/>\ndirect Article 2860PC &#8211; Outil plug-in Compteur de particules &#8211; Compter les particules\/couleurs en images<\/p>\n<p>Descriptions des accessoires IPM Scope en option<\/p>\n<p>Article 2860HS &#8211; Fers \u00e0 cheval en plastique &#8211; Utilis\u00e9s pour regarder des images 3D<br \/>\nArticle 2860HC &#8211; Mallette IPM Scope &#8211; \u00c9tui rigide \u00e9tanche<br \/>\nArticle 2860SC &#8211; Support IPM Scope &#8211; Permet un grossissement plus faible<br \/>\nArticle 2860C &#8211; C\u00e2ble de remplacement &#8211; Connecteur USB<br \/>\nArticle 2860PB &#8211; Base en plastique de remplacement &#8211; Conception facile \u00e0 encliqueter<br \/>\nArticle 2860KIT &#8211; Kit IPM Scope Pro &#8211; Comprend une table lumineuse portable, une lampe de poche LED et un \u00e9tui rigide<br \/>\nArticle 2860GPS &#8211; Option GPS &#8211; Se branche sur un port USB libre<\/p>\n<p>Sp\u00e9cifications pour la port\u00e9e IPM standard (articles 2860, 2860SW, 2860IR, 2860UV)<\/p>\n<p>Capteur d&rsquo;image : 1\/3&Prime; CMOS<br \/>\nPixels : 640 x 480<br \/>\nAlimentation : port USB<br \/>\nSource de lumi\u00e8re : LED super lumineuses<br \/>\nChamp de vision<br \/>\n40X : 7,5 x 10 mm<br \/>\n140X : 1,8 x 2,5 mm<br \/>\nR\u00e9solution : 4 microns @ grossissement 140x<\/p>\n<p>Configuration informatique requise<br \/>\nPentium III 500 MHz ou sup\u00e9rieur,<br \/>\nWindows 2000\/XP, DirectX 8.1 ou sup\u00e9rieur, Internet<br \/>\nExplorer 5.0 ou sup\u00e9rieur, port USB.<\/p>\n<p>&nbsp;<\/p>\n<p>Sp\u00e9cifications de l&rsquo;IPM Scope Megapixel (article 2860MP)<\/p>\n<p>Capteur d&rsquo;image : 1\/3&Prime; CMOS<br \/>\nPixels : 1600 x 1200<br \/>\nAlimentation : Port USB 2.0<br \/>\nSource lumineuse : LED super lumineuses<br \/>\nChamp de vision<br \/>\n12X 20 X 25 mm<br \/>\n40X : 8 x 10 mm<br \/>\n140X : 2,5 x 3 mm<br \/>\nR\u00e9solution : &lt;2 microns @ grossissement 140x<\/p>\n<p>Configuration requise<br \/>\nPentium IV 1,5 GHz ou sup\u00e9rieur (Core 2 Duo 1,5+ GHz de pr\u00e9f\u00e9rence),<br \/>\nWindows 2000\/XP\/VISTA\/7, DirectX 9.0 ou sup\u00e9rieur, Internet<br \/>\nExplorer 5.0 ou sup\u00e9rieur, port USB 2.0 requis<\/p>\n","protected":false},"excerpt":{"rendered":"<ul>\n<li>Afficher des images en direct sur l&rsquo;\u00e9cran de l&rsquo;ordinateur<\/li>\n<li>Mesure un grossissement de 40X et 140X<\/li>\n<li>Enti\u00e8rement portable lorsqu&rsquo;il est connect\u00e9 \u00e0 un ordinateur portable<\/li>\n<li>Archivez des images fixes ou envoyez des fichiers par e-mail<\/li>\n<li>Ajoutez des \u00e9tiquettes, des marqueurs, des horodatages et une \u00e9chelle de mesure<\/li>\n<li>Dessinez directement sur l&rsquo;image en direct<\/li>\n<\/ul>\n","protected":false},"featured_media":4951,"comment_status":"closed","ping_status":"closed","template":"","meta":[],"product_cat":[62],"product_tag":[],"_links":{"self":[{"href":"https:\/\/greentelemesure.com\/index.php\/wp-json\/wp\/v3\/product\/3497"}],"collection":[{"href":"https:\/\/greentelemesure.com\/index.php\/wp-json\/wp\/v3\/product"}],"about":[{"href":"https:\/\/greentelemesure.com\/index.php\/wp-json\/wp\/v2\/types\/product"}],"replies":[{"embeddable":true,"href":"https:\/\/greentelemesure.com\/index.php\/wp-json\/wp\/v2\/comments?post=3497"}],"wp:featuredmedia":[{"embeddable":true,"href":"https:\/\/greentelemesure.com\/index.php\/wp-json\/wp\/v2\/media\/4951"}],"wp:attachment":[{"href":"https:\/\/greentelemesure.com\/index.php\/wp-json\/wp\/v2\/media?parent=3497"}],"wp:term":[{"taxonomy":"product_cat","embeddable":true,"href":"https:\/\/greentelemesure.com\/index.php\/wp-json\/wp\/v2\/product_cat?post=3497"},{"taxonomy":"product_tag","embeddable":true,"href":"https:\/\/greentelemesure.com\/index.php\/wp-json\/wp\/v2\/product_tag?post=3497"}],"curies":[{"name":"wp","href":"https:\/\/api.w.org\/{rel}","templated":true}]}}