{"id":3507,"date":"2022-01-26T10:20:20","date_gmt":"2022-01-26T09:20:20","guid":{"rendered":"http:\/\/41.249.251.2:8004\/?post_type=product&#038;p=3507"},"modified":"2023-04-07T13:10:02","modified_gmt":"2023-04-07T12:10:02","slug":"sonde-multiparametre-hydrolab-hl4-ref-02-11-05-23","status":"publish","type":"product","link":"https:\/\/greentelemesure.com\/index.php\/produit\/sonde-multiparametre-hydrolab-hl4-ref-02-11-05-23\/","title":{"rendered":"Sonde multiparam\u00e8tre Hydrolab HL4"},"content":{"rendered":"<p>L&rsquo;Hydrolab HL4 est la sonde de qualit\u00e9 de l&rsquo;eau multiparam\u00e8tres de nouvelle g\u00e9n\u00e9ration d&rsquo;OTT Hydromet.\u00a0Savoir que l&rsquo;instrument fonctionne correctement et d\u00e9panner rapidement.\u00a0Rationalisez les t\u00e2ches d&rsquo;\u00e9talonnage et produisez des conclusions valides et scientifiquement d\u00e9fendables.<\/p>\n<p>\u00c0 utiliser avec l&rsquo;Hydrolab Surveyor HL pour une surveillance assist\u00e9e ou pour des applications de surveillance continue sans surveillance, le HL4 dispose d&rsquo;un enregistrement de donn\u00e9es int\u00e9gr\u00e9 et de modules de communication d\u00e9di\u00e9s pour une int\u00e9gration facile avec des enregistreurs externes et la t\u00e9l\u00e9m\u00e9trie.<\/p>\n<ul class=\"key-features\">\n<li><label>Type de produit:<\/label>Avec, sans surveillance<\/li>\n<li><label>Param\u00e8tres mesur\u00e9s\u00a0:<\/label>Temp\u00e9rature, conductivit\u00e9, profondeur, pH, oxyg\u00e8ne dissous (LDO), turbidit\u00e9, ORP, clorophylle a, algues bleu-vert, rhodamine, ammonium, nitrate, chlorure<\/li>\n<li><label>Points forts du produit\u00a0:<\/label>L&rsquo;instrument de qualit\u00e9 de l&rsquo;eau multiparam\u00e8tres de nouvelle g\u00e9n\u00e9ration<\/li>\n<li><label>Interface:<\/label>SDI-12, RS-485, RS-232, ATS, USB<\/li>\n<\/ul>\n","protected":false},"excerpt":{"rendered":"<ul>\n<li>Le syst\u00e8me d&rsquo;auto-surveillance signale l&rsquo;\u00e9tat de l&rsquo;instrument, signale les donn\u00e9es et montre \u00e0 l&rsquo;utilisateur o\u00f9 se situe le probl\u00e8me avec une assistance sur la fa\u00e7on de r\u00e9soudre le probl\u00e8me<\/li>\n<li>Les intervalles d&rsquo;\u00e9talonnage et de maintenance programm\u00e9s par l&rsquo;utilisateur indiquent quand ils sont dus<\/li>\n<li>Des routines d&rsquo;\u00e9talonnage guid\u00e9es et semi-automatis\u00e9es guident l&rsquo;utilisateur tout au long du processus d&rsquo;\u00e9talonnage<\/li>\n<li>Les r\u00e9sultats d&rsquo;\u00e9talonnage sont stock\u00e9s avec la date et l&rsquo;heure, le type d&rsquo;\u00e9talonnage, l&rsquo;identification de l&rsquo;utilisateur et les notes de l&rsquo;utilisateur<\/li>\n<li>Le processus de v\u00e9rification de l&rsquo;\u00e9talonnage permet \u00e0 l&rsquo;utilisateur de v\u00e9rifier l&rsquo;\u00e9talonnage et de stocker les r\u00e9sultats<\/li>\n<li>Les rapports d&rsquo;\u00e9talonnage contiennent des informations sur les \u00e9talonnages pr\u00e9c\u00e9dents et les contr\u00f4les d&rsquo;\u00e9talonnage<\/li>\n<li>L&rsquo;\u00e9tat du capteur est enregistr\u00e9 avec chaque ligne de donn\u00e9es et est contenu dans le fichier journal<\/li>\n<li>Des modules de communication d\u00e9di\u00e9s permettent une int\u00e9gration facile avec les enregistreurs de donn\u00e9es et les syst\u00e8mes de t\u00e9l\u00e9m\u00e9trie<\/li>\n<li>Compatible avec le Surveyor HL &#8211; un ordinateur de poche enti\u00e8rement IP67 con\u00e7u pour une utilisation sur le terrain avec un \u00e9cran couleur visible en plein soleil<\/li>\n<\/ul>\n","protected":false},"featured_media":4954,"comment_status":"closed","ping_status":"closed","template":"","meta":[],"product_cat":[59],"product_tag":[],"_links":{"self":[{"href":"https:\/\/greentelemesure.com\/index.php\/wp-json\/wp\/v3\/product\/3507"}],"collection":[{"href":"https:\/\/greentelemesure.com\/index.php\/wp-json\/wp\/v3\/product"}],"about":[{"href":"https:\/\/greentelemesure.com\/index.php\/wp-json\/wp\/v2\/types\/product"}],"replies":[{"embeddable":true,"href":"https:\/\/greentelemesure.com\/index.php\/wp-json\/wp\/v2\/comments?post=3507"}],"wp:featuredmedia":[{"embeddable":true,"href":"https:\/\/greentelemesure.com\/index.php\/wp-json\/wp\/v2\/media\/4954"}],"wp:attachment":[{"href":"https:\/\/greentelemesure.com\/index.php\/wp-json\/wp\/v2\/media?parent=3507"}],"wp:term":[{"taxonomy":"product_cat","embeddable":true,"href":"https:\/\/greentelemesure.com\/index.php\/wp-json\/wp\/v2\/product_cat?post=3507"},{"taxonomy":"product_tag","embeddable":true,"href":"https:\/\/greentelemesure.com\/index.php\/wp-json\/wp\/v2\/product_tag?post=3507"}],"curies":[{"name":"wp","href":"https:\/\/api.w.org\/{rel}","templated":true}]}}