{"id":3510,"date":"2022-01-26T10:34:46","date_gmt":"2022-01-26T09:34:46","guid":{"rendered":"http:\/\/41.249.251.2:8004\/?post_type=product&#038;p=3510"},"modified":"2023-04-07T13:10:12","modified_gmt":"2023-04-07T12:10:12","slug":"kit-de-mesure-nitrate-ref02-11-07-31","status":"publish","type":"product","link":"https:\/\/greentelemesure.com\/index.php\/produit\/kit-de-mesure-nitrate-ref02-11-07-31\/","title":{"rendered":"Kit de mesure Nitrate"},"content":{"rendered":"<p><span style=\"font-size: 18px\">\u00a0 Kit de mesure Nitrate: <\/span>Mettez la puissance d&rsquo;un laboratoire entre vos mains !<\/p>\n<p>\u2022 Nouveau compteur de \u00ab qualit\u00e9 professionnelle \u00bb<br \/>\n\u2022 Compteur de poche \u00e9tanche avec \u00e9talonnage num\u00e9rique<br \/>\n\u2022 Les capteurs se stockent au sec et sont rempla\u00e7ables sur le terrain<br \/>\n\u2022 Mesures de 14 \u00e0 1 400 ppm<br \/>\n\u2022 Corr\u00e9lations de pr\u00e9cision bien avec l&rsquo;analyse en laboratoire<br \/>\n\u2022 Le capteur plat unique vous permet de mesurer facilement et avec pr\u00e9cision des \u00e9chantillons aussi petits que 0,3 ml<br \/>\n\u2022 Compensation automatique de la temp\u00e9rature, \u00e9tanche, mise hors tension automatique<br \/>\n\u2022 Comprend deux piles CR2032, un \u00e9tui et des normes d&rsquo;\u00e9talonnage<\/p>\n<p>&nbsp;<\/p>\n","protected":false},"excerpt":{"rendered":"<p>Pour la mesure des nitrates dans les solutions nutritives, les sols, les milieux sans sol de serre, les \u00e9chantillons d&rsquo;eau et la s\u00e8ve des tissus.<\/p>\n","protected":false},"featured_media":4956,"comment_status":"closed","ping_status":"closed","template":"","meta":[],"product_cat":[59],"product_tag":[],"_links":{"self":[{"href":"https:\/\/greentelemesure.com\/index.php\/wp-json\/wp\/v3\/product\/3510"}],"collection":[{"href":"https:\/\/greentelemesure.com\/index.php\/wp-json\/wp\/v3\/product"}],"about":[{"href":"https:\/\/greentelemesure.com\/index.php\/wp-json\/wp\/v2\/types\/product"}],"replies":[{"embeddable":true,"href":"https:\/\/greentelemesure.com\/index.php\/wp-json\/wp\/v2\/comments?post=3510"}],"wp:featuredmedia":[{"embeddable":true,"href":"https:\/\/greentelemesure.com\/index.php\/wp-json\/wp\/v2\/media\/4956"}],"wp:attachment":[{"href":"https:\/\/greentelemesure.com\/index.php\/wp-json\/wp\/v2\/media?parent=3510"}],"wp:term":[{"taxonomy":"product_cat","embeddable":true,"href":"https:\/\/greentelemesure.com\/index.php\/wp-json\/wp\/v2\/product_cat?post=3510"},{"taxonomy":"product_tag","embeddable":true,"href":"https:\/\/greentelemesure.com\/index.php\/wp-json\/wp\/v2\/product_tag?post=3510"}],"curies":[{"name":"wp","href":"https:\/\/api.w.org\/{rel}","templated":true}]}}