{"id":3516,"date":"2022-01-26T10:46:39","date_gmt":"2022-01-26T09:46:39","guid":{"rendered":"http:\/\/41.249.251.2:8004\/?post_type=product&#038;p=3516"},"modified":"2023-04-07T13:10:33","modified_gmt":"2023-04-07T12:10:33","slug":"kit-de-mesure-calcium-ref02-11-07-31-4","status":"publish","type":"product","link":"https:\/\/greentelemesure.com\/index.php\/produit\/kit-de-mesure-calcium-ref02-11-07-31-4\/","title":{"rendered":"Kit de mesure Calcium"},"content":{"rendered":"<p><span style=\"font-size: 16px\">Kit de mesure Calcium :<\/span><span style=\"font-size: 16px\">Un compteur de pr\u00e9cision qui peut \u00eatre emport\u00e9 directement sur le terrain<\/span><\/p>\n<p>\u2022 Nouveau compteur de \u00ab qualit\u00e9 professionnelle \u00bb<br \/>\n\u2022 Mesure du calcium dans les solutions nutritives, les \u00e9chantillons d&rsquo;eau et la s\u00e8ve des tissus<br \/>\n\u2022 Compteur de poche \u00e9tanche avec \u00e9talonnage num\u00e9rique<br \/>\n\u2022 Les capteurs se conservent au sec et sont rempla\u00e7ables sur le terrain<br \/>\n\u2022 Mesure de 40 \u00e0 4 000 ppm<br \/>\n\u2022 La pr\u00e9cision correspond bien au laboratoire analyse<br \/>\n\u2022 Le capteur plat unique vous permet de mesurer de mani\u00e8re pratique et pr\u00e9cise des \u00e9chantillons aussi petits que 0,3 ml<br \/>\n\u2022 Compensation de temp\u00e9rature automatique, \u00e9tanche, mise hors tension automatique<br \/>\n\u2022 Comprend deux piles CR2032, un \u00e9tui et des normes d&rsquo;\u00e9talonnage<\/p>\n<div class=\"tabModule product-tabs ui-tabs ui-widget ui-widget-content ui-corner-all\">\n<div id=\"tab-specifications\" class=\"tabdiv ui-tabs-panel ui-widget-content ui-corner-bottom\">\n<p>&nbsp;<\/p>\n<\/div>\n<\/div>\n<div class=\"block\"><\/div>\n","protected":false},"excerpt":{"rendered":"<p>Pour la mesure du calcium dans les solutions nutritives, les \u00e9chantillons d&rsquo;eau et la s\u00e8ve des tissus, avec une\u00a0 pr\u00e9cision qui correspond bien au laboratoire analyse<\/p>\n","protected":false},"featured_media":4959,"comment_status":"closed","ping_status":"closed","template":"","meta":[],"product_cat":[59],"product_tag":[],"_links":{"self":[{"href":"https:\/\/greentelemesure.com\/index.php\/wp-json\/wp\/v3\/product\/3516"}],"collection":[{"href":"https:\/\/greentelemesure.com\/index.php\/wp-json\/wp\/v3\/product"}],"about":[{"href":"https:\/\/greentelemesure.com\/index.php\/wp-json\/wp\/v2\/types\/product"}],"replies":[{"embeddable":true,"href":"https:\/\/greentelemesure.com\/index.php\/wp-json\/wp\/v2\/comments?post=3516"}],"wp:featuredmedia":[{"embeddable":true,"href":"https:\/\/greentelemesure.com\/index.php\/wp-json\/wp\/v2\/media\/4959"}],"wp:attachment":[{"href":"https:\/\/greentelemesure.com\/index.php\/wp-json\/wp\/v2\/media?parent=3516"}],"wp:term":[{"taxonomy":"product_cat","embeddable":true,"href":"https:\/\/greentelemesure.com\/index.php\/wp-json\/wp\/v2\/product_cat?post=3516"},{"taxonomy":"product_tag","embeddable":true,"href":"https:\/\/greentelemesure.com\/index.php\/wp-json\/wp\/v2\/product_tag?post=3516"}],"curies":[{"name":"wp","href":"https:\/\/api.w.org\/{rel}","templated":true}]}}