{"id":3518,"date":"2022-01-26T10:52:02","date_gmt":"2022-01-26T09:52:02","guid":{"rendered":"http:\/\/41.249.251.2:8004\/?post_type=product&#038;p=3518"},"modified":"2023-04-07T13:10:39","modified_gmt":"2023-04-07T12:10:39","slug":"kit-de-mesure-ph-ref02-11-07-31-2","status":"publish","type":"product","link":"https:\/\/greentelemesure.com\/index.php\/produit\/kit-de-mesure-ph-ref02-11-07-31-2\/","title":{"rendered":"Kit de mesure pH"},"content":{"rendered":"<p><span style=\"font-size: 18px\">\u00a0Kit de mesure pH: <\/span><span style=\"font-size: 16px\">Id\u00e9al pour tester le pH de l&rsquo;eau d&rsquo;irrigation, de l&rsquo;eau des pesticides ou du rumen des vaches laiti\u00e8res<\/span><\/p>\n<p>\u2022 En remplacement de la pi\u00e8ce 2103AL, le pH-m\u00e8tre LAQUA mis \u00e0 niveau offre une meilleure r\u00e9solution, une plage de mesure accrue et une fonctionnalit\u00e9 d&rsquo;\u00e9talonnage en trois points<br \/>\n\u2022 La protection du capteur \u00e0 double action prot\u00e8ge l&rsquo;\u00e9lectrode et capture les \u00e9chantillons des seaux et des masses d&rsquo;eau<br \/>\n\u2022 Compteur de poche \u00e9tanche avec calibrage num\u00e9rique<br \/>\n\u2022 Le capteur plat permet la mesure de petits \u00e9chantillons<br \/>\n\u2022 \u00c9talonnage automatique aux solutions \u00e9talons de pH 4 et 7<br \/>\n\u2022 Le capteur est rempla\u00e7able et stock\u00e9 \u00e0 sec<br \/>\n\u2022 Compensation de temp\u00e9rature automatique, \u00e9tanche, mise hors tension automatique<br \/>\n\u2022 Comprend un bo\u00eetier, deux piles 3\u00a0V et des \u00e9talons de pH 4 et 7<\/p>\n<p>&nbsp;<\/p>\n","protected":false},"excerpt":{"rendered":"<p>Une solution am\u00e9lior\u00e9e, offrant une meilleure r\u00e9solution, une plage de mesure accrue et une fonctionnalit\u00e9 d&rsquo;\u00e9talonnage en trois point.<\/p>\n","protected":false},"featured_media":4960,"comment_status":"closed","ping_status":"closed","template":"","meta":[],"product_cat":[59],"product_tag":[],"_links":{"self":[{"href":"https:\/\/greentelemesure.com\/index.php\/wp-json\/wp\/v3\/product\/3518"}],"collection":[{"href":"https:\/\/greentelemesure.com\/index.php\/wp-json\/wp\/v3\/product"}],"about":[{"href":"https:\/\/greentelemesure.com\/index.php\/wp-json\/wp\/v2\/types\/product"}],"replies":[{"embeddable":true,"href":"https:\/\/greentelemesure.com\/index.php\/wp-json\/wp\/v2\/comments?post=3518"}],"wp:featuredmedia":[{"embeddable":true,"href":"https:\/\/greentelemesure.com\/index.php\/wp-json\/wp\/v2\/media\/4960"}],"wp:attachment":[{"href":"https:\/\/greentelemesure.com\/index.php\/wp-json\/wp\/v2\/media?parent=3518"}],"wp:term":[{"taxonomy":"product_cat","embeddable":true,"href":"https:\/\/greentelemesure.com\/index.php\/wp-json\/wp\/v2\/product_cat?post=3518"},{"taxonomy":"product_tag","embeddable":true,"href":"https:\/\/greentelemesure.com\/index.php\/wp-json\/wp\/v2\/product_tag?post=3518"}],"curies":[{"name":"wp","href":"https:\/\/api.w.org\/{rel}","templated":true}]}}