{"id":3520,"date":"2022-01-26T10:54:58","date_gmt":"2022-01-26T09:54:58","guid":{"rendered":"http:\/\/41.249.251.2:8004\/?post_type=product&#038;p=3520"},"modified":"2023-04-07T13:10:45","modified_gmt":"2023-04-07T12:10:45","slug":"kit-de-mesure-conductivite-ec-ref02-11-07-31-1","status":"publish","type":"product","link":"https:\/\/greentelemesure.com\/index.php\/produit\/kit-de-mesure-conductivite-ec-ref02-11-07-31-1\/","title":{"rendered":"Kit de mesure conductivit\u00e9 EC"},"content":{"rendered":"<p><span style=\"font-size: 16px\">Kit de mesure conductivit\u00e9 EC , i<\/span><span style=\"font-size: 16px\">d\u00e9al pour la qualit\u00e9 de l&rsquo;eau et l&rsquo;application en serre<\/span><\/p>\n<p>\u2022 Nouveau compteur de \u00ab qualit\u00e9 professionnelle \u00bb<br \/>\n\u2022 Compteur ultra-mince dot\u00e9 d&rsquo;un \u00e9talonnage automatique \u00e0 bouton-poussoir et d&rsquo;une<br \/>\ncompensation de temp\u00e9rature automatique<br \/>\n\u2022 Compteur de poche \u00e9tanche avec \u00e9talonnage num\u00e9rique<br \/>\n\u2022 Mesure avec pr\u00e9cision m\u00eame une seule goutte d&rsquo;extrait de milieu satur\u00e9<br \/>\n\u2022 Comprend deux piles CR2032, un \u00e9tui et une solution standard<\/p>\n","protected":false},"excerpt":{"rendered":"<p>Am\u00e9lior\u00e9, offre une meilleure r\u00e9solution, une plage de mesure accrue et une fonctionnalit\u00e9 d&rsquo;\u00e9talonnage en trois points<\/p>\n","protected":false},"featured_media":4961,"comment_status":"closed","ping_status":"closed","template":"","meta":[],"product_cat":[59],"product_tag":[],"_links":{"self":[{"href":"https:\/\/greentelemesure.com\/index.php\/wp-json\/wp\/v3\/product\/3520"}],"collection":[{"href":"https:\/\/greentelemesure.com\/index.php\/wp-json\/wp\/v3\/product"}],"about":[{"href":"https:\/\/greentelemesure.com\/index.php\/wp-json\/wp\/v2\/types\/product"}],"replies":[{"embeddable":true,"href":"https:\/\/greentelemesure.com\/index.php\/wp-json\/wp\/v2\/comments?post=3520"}],"wp:featuredmedia":[{"embeddable":true,"href":"https:\/\/greentelemesure.com\/index.php\/wp-json\/wp\/v2\/media\/4961"}],"wp:attachment":[{"href":"https:\/\/greentelemesure.com\/index.php\/wp-json\/wp\/v2\/media?parent=3520"}],"wp:term":[{"taxonomy":"product_cat","embeddable":true,"href":"https:\/\/greentelemesure.com\/index.php\/wp-json\/wp\/v2\/product_cat?post=3520"},{"taxonomy":"product_tag","embeddable":true,"href":"https:\/\/greentelemesure.com\/index.php\/wp-json\/wp\/v2\/product_tag?post=3520"}],"curies":[{"name":"wp","href":"https:\/\/api.w.org\/{rel}","templated":true}]}}