{"id":3522,"date":"2022-01-26T12:24:45","date_gmt":"2022-01-26T11:24:45","guid":{"rendered":"http:\/\/41.249.251.2:8004\/?post_type=product&#038;p=3522"},"modified":"2023-04-07T13:10:55","modified_gmt":"2023-04-07T12:10:55","slug":"compactometre-numerique-ref02-12-04-32","status":"publish","type":"product","link":"https:\/\/greentelemesure.com\/index.php\/produit\/compactometre-numerique-ref02-12-04-32\/","title":{"rendered":"Compactom\u00e8tre num\u00e9rique"},"content":{"rendered":"<p><span style=\"font-size: 18px\">Compactom\u00e8tre num\u00e9rique a<\/span>ider \u00e0 prendre des d\u00e9cisions concernant les zones du champ qui n\u00e9cessitent un travail du sol, des changements dans la rotation des cultures et la plantation de cultures de couverture<\/p>\n<ul>\n<li>Comprend une pointe conique de 1\/2 po et 3\/4 po<\/li>\n<li>Prend des mesures de compactage \u00e0 une profondeur de 18 po (45 cm)<\/li>\n<li>Le capteur de profondeur \u00e0 ultrasons exclusif capture les lectures par incr\u00e9ments de 1 po (2,5 cm)<\/li>\n<li>R\u00e9sistance \u00e0 la p\u00e9n\u00e9tration mesur\u00e9e par cellule de charge interne<\/li>\n<li>Les donn\u00e9es de compactage sont affich\u00e9es en PSI ou kPa (1 psi = 6,9 kPa)<\/li>\n<li>Se connecte \u00e0 n&rsquo;importe quel r\u00e9cepteur GPS avec option de sortie s\u00e9rie*<\/li>\n<li>\u00c9quip\u00e9 d&rsquo;un enregistreur de donn\u00e9es interne et d&rsquo;un port RS-232<\/li>\n<li>Enregistre 772 mesures (579 avec l&rsquo;option GPS\/DGPS ajout\u00e9e)<\/li>\n<li>Configurez et t\u00e9l\u00e9chargez l&rsquo;appareil avec le logiciel FieldScout\u00ae et l&rsquo;adaptateur USB vers prise st\u00e9r\u00e9o 3,5 mm (article 3661U. (inclus)**<\/li>\n<li>Compatible avec\u00a0<a href=\"https:\/\/www.specmeters.com\/store\/3024-specconnect-1-year-subscription\/?F_Sort=2\">SpecConnect<\/a>\u00a0&#8211; affichez les cartes de contour du compactage \u00e0 chaque profondeur, ou une carte \u00ab\u00a0fond oc\u00e9anique\u00a0\u00bb montrant la profondeur de la couche de compactage.<\/li>\n<li>Comprend un \u00e9tui de transport et une cible de profondeur<\/li>\n<\/ul>\n","protected":false},"excerpt":{"rendered":"<p>Am\u00e9liorez votre potentiel de rendement en localisant et en surveillant le compactage du sol<\/p>\n","protected":false},"featured_media":4962,"comment_status":"closed","ping_status":"closed","template":"","meta":[],"product_cat":[61],"product_tag":[],"_links":{"self":[{"href":"https:\/\/greentelemesure.com\/index.php\/wp-json\/wp\/v3\/product\/3522"}],"collection":[{"href":"https:\/\/greentelemesure.com\/index.php\/wp-json\/wp\/v3\/product"}],"about":[{"href":"https:\/\/greentelemesure.com\/index.php\/wp-json\/wp\/v2\/types\/product"}],"replies":[{"embeddable":true,"href":"https:\/\/greentelemesure.com\/index.php\/wp-json\/wp\/v2\/comments?post=3522"}],"wp:featuredmedia":[{"embeddable":true,"href":"https:\/\/greentelemesure.com\/index.php\/wp-json\/wp\/v2\/media\/4962"}],"wp:attachment":[{"href":"https:\/\/greentelemesure.com\/index.php\/wp-json\/wp\/v2\/media?parent=3522"}],"wp:term":[{"taxonomy":"product_cat","embeddable":true,"href":"https:\/\/greentelemesure.com\/index.php\/wp-json\/wp\/v2\/product_cat?post=3522"},{"taxonomy":"product_tag","embeddable":true,"href":"https:\/\/greentelemesure.com\/index.php\/wp-json\/wp\/v2\/product_tag?post=3522"}],"curies":[{"name":"wp","href":"https:\/\/api.w.org\/{rel}","templated":true}]}}