{"id":3524,"date":"2022-01-26T12:33:12","date_gmt":"2022-01-26T11:33:12","guid":{"rendered":"http:\/\/41.249.251.2:8004\/?post_type=product&#038;p=3524"},"modified":"2023-04-07T13:11:05","modified_gmt":"2023-04-07T12:11:05","slug":"compactometre-analogique-ref02-12-04-47","status":"publish","type":"product","link":"https:\/\/greentelemesure.com\/index.php\/produit\/compactometre-analogique-ref02-12-04-47\/","title":{"rendered":"Compactom\u00e8tre analogique"},"content":{"rendered":"<p>Les compteurs de compactage du sol (souvent appel\u00e9s p\u00e9n\u00e9trom\u00e8tres) sont utilis\u00e9s pour d\u00e9terminer la densit\u00e9 du sol et d&rsquo;autres mat\u00e9riaux.\u00a0Un op\u00e9rateur pousse une tige avec un c\u00f4ne attach\u00e9 (norme ASAE) dans le sol.\u00a0La r\u00e9sistance du c\u00f4ne s&rsquo;affiche lorsqu&rsquo;il est enfonc\u00e9 dans le sol.<\/p>\n<p>Un compactage invisible du sol peut limiter la croissance des racines et l&rsquo;absorption d&rsquo;eau et de nutriments.\u00a0Ce compteur de compactage vous permet d&rsquo;identifier les zones compact\u00e9es en livres par pouce carr\u00e9 afin que vous puissiez utiliser un travail du sol en profondeur ou d&rsquo;autres pratiques recommand\u00e9es pour votre r\u00e9gion en fonction de faits concrets.<\/p>\n<ul>\n<li>Tige en acier inoxydable de 24 po avec collier antichoc r\u00e9glable pour \u00e9viter d&rsquo;endommager la jauge pendant le transport ou le stockage<\/li>\n<li>Cadran en acier inoxydable \u00e0 code couleur facile \u00e0 lire rempli de liquide pour r\u00e9duire les chocs<\/li>\n<li>Bo\u00eetier moul\u00e9 durable avec poign\u00e9es en caoutchouc<\/li>\n<li>Grand et petit embout inclus avec rangement pratique dans le bo\u00eetier du testeur<\/li>\n<li>Profondeur de p\u00e9n\u00e9tration\u00a0: jusqu&rsquo;\u00e0 24\u00a0po (60\u00a0cm) par incr\u00e9ments de 3\u00a0po (7,6\u00a0cm)<\/li>\n<\/ul>\n","protected":false},"excerpt":{"rendered":"<p>Faites de notre p\u00e9n\u00e9trom\u00e8tre analogique super abordable votre premi\u00e8re ligne de d\u00e9fense contre le compactage du sol.<\/p>\n","protected":false},"featured_media":4963,"comment_status":"closed","ping_status":"closed","template":"","meta":[],"product_cat":[61],"product_tag":[],"_links":{"self":[{"href":"https:\/\/greentelemesure.com\/index.php\/wp-json\/wp\/v3\/product\/3524"}],"collection":[{"href":"https:\/\/greentelemesure.com\/index.php\/wp-json\/wp\/v3\/product"}],"about":[{"href":"https:\/\/greentelemesure.com\/index.php\/wp-json\/wp\/v2\/types\/product"}],"replies":[{"embeddable":true,"href":"https:\/\/greentelemesure.com\/index.php\/wp-json\/wp\/v2\/comments?post=3524"}],"wp:featuredmedia":[{"embeddable":true,"href":"https:\/\/greentelemesure.com\/index.php\/wp-json\/wp\/v2\/media\/4963"}],"wp:attachment":[{"href":"https:\/\/greentelemesure.com\/index.php\/wp-json\/wp\/v2\/media?parent=3524"}],"wp:term":[{"taxonomy":"product_cat","embeddable":true,"href":"https:\/\/greentelemesure.com\/index.php\/wp-json\/wp\/v2\/product_cat?post=3524"},{"taxonomy":"product_tag","embeddable":true,"href":"https:\/\/greentelemesure.com\/index.php\/wp-json\/wp\/v2\/product_tag?post=3524"}],"curies":[{"name":"wp","href":"https:\/\/api.w.org\/{rel}","templated":true}]}}