{"id":3552,"date":"2022-01-27T14:33:39","date_gmt":"2022-01-27T13:33:39","guid":{"rendered":"http:\/\/41.249.251.2:8004\/?post_type=product&#038;p=3552"},"modified":"2023-04-07T13:11:19","modified_gmt":"2023-04-07T12:11:19","slug":"balance-electronique-de-comptage02-14-05-11","status":"publish","type":"product","link":"https:\/\/greentelemesure.com\/index.php\/produit\/balance-electronique-de-comptage02-14-05-11\/","title":{"rendered":"Balance \u00e9lectronique de comptage"},"content":{"rendered":"<p>Balance de comptage \u00e9lectronique avec capteur de cellule de charge. Cette balance est destin\u00e9e au comptage et au pesage \u00e9lectroniques professionnels avec capteur de cellule de charge pour une pr\u00e9cision et des performances \u00e9lev\u00e9es. Grande capacit\u00e9 de mesure d&rsquo;un seul petit composant \u00e9lectronique pesant 0,005 oz (0,1 g) ou par lots jusqu&rsquo;\u00e0 21,164 oz (600 g). Complet avec 6 piles AA, plate-forme en m\u00e9tal et adaptateur secteur universel avec multiprises.<\/p>\n","protected":false},"excerpt":{"rendered":"<ul id=\"features\">\n<li>Grande capacit\u00e9 de mesure jusqu&rsquo;\u00e0 600 g (21,164 oz)<\/li>\n<li>Mesure en grammes ou en onces s\u00e9lectionnable par un interrupteur \u00e0 glissi\u00e8re interne<\/li>\n<li>Pr\u00e9cision de \u00b10,05\u00a0% avec une r\u00e9solution de 0,01\u00a0g et 0,0005\u00a0oz<\/li>\n<li>\u00c9cran LCD avec chiffres de 0,8&Prime; (20,9 mm) faciles \u00e0 lire<\/li>\n<li>Syst\u00e8me d&rsquo;auto-\u00e9talonnage int\u00e9gr\u00e9 utilisant des poids tra\u00e7ables<\/li>\n<li>Fonction de comptage de haute pr\u00e9cision avec s\u00e9lection de nombre d&rsquo;\u00e9chantillonnage de comptage pr\u00e9d\u00e9fini de 10 pi\u00e8ces, 20 pi\u00e8ces, 50 pi\u00e8ces ou 100 pi\u00e8ces<\/li>\n<li>Niveau \u00e0 bulle int\u00e9gr\u00e9 avec patins en caoutchouc r\u00e9glables<\/li>\n<li>Complet avec 6 piles AA, plate-forme en m\u00e9tal et adaptateur secteur universel avec multipr<\/li>\n<\/ul>\n","protected":false},"featured_media":4966,"comment_status":"closed","ping_status":"closed","template":"","meta":[],"product_cat":[60],"product_tag":[],"_links":{"self":[{"href":"https:\/\/greentelemesure.com\/index.php\/wp-json\/wp\/v3\/product\/3552"}],"collection":[{"href":"https:\/\/greentelemesure.com\/index.php\/wp-json\/wp\/v3\/product"}],"about":[{"href":"https:\/\/greentelemesure.com\/index.php\/wp-json\/wp\/v2\/types\/product"}],"replies":[{"embeddable":true,"href":"https:\/\/greentelemesure.com\/index.php\/wp-json\/wp\/v2\/comments?post=3552"}],"wp:featuredmedia":[{"embeddable":true,"href":"https:\/\/greentelemesure.com\/index.php\/wp-json\/wp\/v2\/media\/4966"}],"wp:attachment":[{"href":"https:\/\/greentelemesure.com\/index.php\/wp-json\/wp\/v2\/media?parent=3552"}],"wp:term":[{"taxonomy":"product_cat","embeddable":true,"href":"https:\/\/greentelemesure.com\/index.php\/wp-json\/wp\/v2\/product_cat?post=3552"},{"taxonomy":"product_tag","embeddable":true,"href":"https:\/\/greentelemesure.com\/index.php\/wp-json\/wp\/v2\/product_tag?post=3552"}],"curies":[{"name":"wp","href":"https:\/\/api.w.org\/{rel}","templated":true}]}}