{"id":3592,"date":"2022-01-31T09:13:14","date_gmt":"2022-01-31T08:13:14","guid":{"rendered":"http:\/\/41.249.251.2:8004\/?post_type=product&#038;p=3592"},"modified":"2023-04-07T13:11:56","modified_gmt":"2023-04-07T12:11:56","slug":"passerelle-de-telemetrie-a850","status":"publish","type":"product","link":"https:\/\/greentelemesure.com\/index.php\/produit\/passerelle-de-telemetrie-a850\/","title":{"rendered":"Passerelle de t\u00e9l\u00e9m\u00e9trie A850"},"content":{"rendered":"<p><span>Un r\u00e9seau compos\u00e9 uniquement de RTU GSM \/ GPRS ne n\u00e9cessite que la passerelle de t\u00e9l\u00e9m\u00e9trie A850, tandis qu&rsquo;un r\u00e9seau utilisant des RTU radio UHF n\u00e9cessite \u00e9galement un modem sans fil A440.\u00a0L&rsquo;A850 est disponible en plusieurs versions, g\u00e9rant de 5 \u00e0 1.000 RTU.\u00a0Chaque version peut facilement \u00eatre mise \u00e0 niveau par logiciel pour prendre en charge plus de RTU.<\/span><\/p>\n<p><strong><span>Administration du r\u00e9seau<\/span><br \/>\n<\/strong><span>Une passerelle de t\u00e9l\u00e9m\u00e9trie A850 g\u00e8re jusqu&rsquo;\u00e0 1 000 Adcon RTU, qu&rsquo;il s&rsquo;agisse d&rsquo;unit\u00e9s UHF longue ou courte port\u00e9e, GSM ou GPRS RTU.\u00a0La passerelle de t\u00e9l\u00e9m\u00e9trie A850 conna\u00eet la route vers chaque radio RTU, le num\u00e9ro de t\u00e9l\u00e9phone de chaque unit\u00e9 GSM et la configuration d&rsquo;un GPRS ou UMTS RTU.\u00a0Il sait \u00e9galement exactement quand et \u00e0 quelle fr\u00e9quence interroger les donn\u00e9es de chaque RTU.\u00a0Les changements d&rsquo;itin\u00e9raires, de num\u00e9ros de t\u00e9l\u00e9phone et d&rsquo;intervalles d&rsquo;interrogation sont programm\u00e9s de mani\u00e8re centralis\u00e9e dans la passerelle &#8211; pas besoin d&rsquo;aller sur place\u00a0!<\/span><\/p>\n<p><strong><span>Gestion RTU<\/span><\/strong><br \/>\n<span>Il est crucial de savoir quel \u00e9quipement est install\u00e9 sur le terrain, o\u00f9 il se trouve exactement, quels num\u00e9ros de s\u00e9rie il a, quel type de batterie il contient, quand il a \u00e9t\u00e9 entretenu pour la derni\u00e8re fois, etc. Tous ces param\u00e8tres sont maintenant stock\u00e9s dans l&rsquo;A850.\u00a0Pour l&rsquo;administrateur r\u00e9seau, il est \u00e9galement crucial de pouvoir diagnostiquer correctement un syst\u00e8me afin de reconna\u00eetre les points faibles avant qu&rsquo;ils ne causent des probl\u00e8mes.\u00a0La passerelle de t\u00e9l\u00e9m\u00e9trie A850 lui permettra d&rsquo;\u00e9valuer la tension de la batterie, la temp\u00e9rature interne, la disponibilit\u00e9 du RTU, les versions du micrologiciel et de nombreux autres param\u00e8tres.<\/span><br \/>\n<strong><br \/>\n<span>Gestion des capteurs<\/span><\/strong><br \/>\n<span>La passerelle de t\u00e9l\u00e9m\u00e9trie A850 fournit une large gamme de pilotes de capteur pour presque tous les param\u00e8tres, qu&rsquo;il s&rsquo;agisse d&rsquo;un capteur analogique ou d&rsquo;un capteur SDI-12.\u00a0Dans sa plus grande version, un A850 sera capable de g\u00e9rer jusqu&rsquo;\u00e0 10 000 capteurs dans un seul r\u00e9seau\u00a0!\u00a0Des pilotes personnalis\u00e9s peuvent facilement \u00eatre cr\u00e9\u00e9s et stock\u00e9s.\u00a0L&rsquo;affectation correcte du pilote au port RTU respectif, l&rsquo;interpr\u00e9tation des donn\u00e9es, l&rsquo;\u00e9talonnage du capteur et les informations de maintenance sont tous g\u00e9r\u00e9s par la passerelle de t\u00e9l\u00e9m\u00e9trie A850.<\/span><br \/>\n<strong><br \/>\n<span>Visualisation des donn\u00e9es int\u00e9gr\u00e9e<\/span><\/strong><br \/>\n<span>Cette fonctionnalit\u00e9 unique vous permettra d&rsquo;ouvrir directement un panel de tendances dans le Configurateur de l&rsquo;A850 !\u00a0Visualisez les donn\u00e9es de capteur et de diagnostic d&rsquo;un simple clic de souris &#8211; et \u00e9valuez tout type de donn\u00e9es sous forme de graphique ou de tableau directement dans la passerelle, sans avoir besoin de t\u00e9l\u00e9charger les donn\u00e9es dans un autre progiciel, sans m\u00eame ajouterVANTAGE Pro 5\u00a0!\u00a0Cette fonctionnalit\u00e9 est particuli\u00e8rement pratique pour les clients industriels, qui utilisent leur propre logiciel SCADA, mais ont des difficult\u00e9s \u00e0 cr\u00e9er de nouvelles vues et tendances pour les donn\u00e9es de diagnostic.<\/span><br \/>\n<strong><br \/>\n<span>Fonctionnement autonome &#8211; Grand tampon de donn\u00e9es et onduleur int\u00e9gr\u00e9<\/span><\/strong><br \/>\n<span>Imaginez un vaste r\u00e9seau de 500 stations ETo.\u00a0Imaginez chaque station fournissant 100 ensembles de donn\u00e9es par jour.\u00a0Une passerelle de t\u00e9l\u00e9m\u00e9trie A850 pourra stocker toutes ces donn\u00e9es pendant plus d&rsquo;un mois !<\/span><br \/>\n<span>Et si un \u00e9clair provoque plusieurs heures de panne de courant, le pack batterie interne de l&rsquo;A850 pourra maintenir l&rsquo;appareil op\u00e9rationnel.<\/span><br \/>\n<strong><br \/>\n<span>R\u00e9cup\u00e9ration<\/span><\/strong><br \/>\n<span>des donn\u00e9es Les donn\u00e9es peuvent \u00eatre r\u00e9cup\u00e9r\u00e9es depuis l&rsquo;A850 via son connecteur Ethernet 100 Mbits ou un modem externe connect\u00e9 \u00e0 un port USB ou RS-232.\u00a0Dans la plupart des cas, l&rsquo;A850 fera partie d&rsquo;un intranet client.\u00a0Mais il peut fondamentalement \u00eatre install\u00e9 n&rsquo;importe o\u00f9, m\u00eame dans les zones les plus recul\u00e9es, \u00e0 condition qu&rsquo;il y ait une connexion secteur et une ligne t\u00e9l\u00e9phonique ou une couverture GSM.\u00a0addVANTAGE Pro r\u00e9cup\u00e9rera automatiquement les donn\u00e9es de cette passerelle distante.<\/span><br \/>\n<strong><br \/>\n<span>Modems sans fil<\/span><\/strong><br \/>\n<span>La passerelle de t\u00e9l\u00e9m\u00e9trie A850 communique via un c\u00e2ble RS-485 de 30 m avec le modem sans fil A440 mont\u00e9 sur le toit.\u00a0Pour les tr\u00e8s grands b\u00e2timents ou les installations sur un m\u00e2t \u00e9lev\u00e9, un c\u00e2ble \u00e0 faible att\u00e9nuation de 75 m en option peut \u00eatre fourni.\u00a0Le modem sans fil A440 est livr\u00e9 dans un bo\u00eetier class\u00e9 IP67 et est compatible avec tous les Adcon RTU vendus \u00e0 ce jour.<\/span><br \/>\n<span>Le A850 prend en charge par d\u00e9faut non seulement un modem sans fil A440, mais \u00e9galement le modem sans fil \u00e0 distance RA440.\u00a0Cet appareil vous permet de collecter des donn\u00e9es via une connexion GPRS \u00e0 partir de RTU UHF distantes.\u00a0En option, jusqu&rsquo;\u00e0 10 RA440 peuvent \u00eatre connect\u00e9s !<\/span><br \/>\n<strong><br \/>\n<span>Fonctionnalit\u00e9s futures<\/span><\/strong><br \/>\n<span>La passerelle de t\u00e9l\u00e9m\u00e9trie A850 est pr\u00e9par\u00e9e pour les futures mises \u00e0 jour du micrologiciel, qui lui permettront d&rsquo;ex\u00e9cuter jusqu&rsquo;\u00e0 dix modems USB externes et de faire fonctionner plusieurs modems sans fil sur diff\u00e9rentes fr\u00e9quences.\u00a0Cela signifie que votre A850 sera capable de faire fonctionner un r\u00e9seau de 450 MHz RTU ET en m\u00eame temps un r\u00e9seau de 868 resp.\u00a0RTU 902 MHz.<\/span><\/p>\n","protected":false},"excerpt":{"rendered":"<div class=\"description\"><span>La passerelle de t\u00e9l\u00e9m\u00e9trie A850 est au c\u0153ur de chaque r\u00e9seau de surveillance Adcon, qu&rsquo;il s&rsquo;agisse d&rsquo;un r\u00e9seau GSM\/GPRS pur, d&rsquo;un r\u00e9seau radio UHF ou d&rsquo;une combinaison des deux &#8211; c&rsquo;est l&rsquo;A850 qui sait exactement quand et comment r\u00e9cup\u00e9rer les donn\u00e9es de chaque RTU.<\/span><\/div>\n<ul class=\"key-features\">\n<li><label><span>Type d&rsquo;appareil:<\/span><\/label><span>Station de base pour r\u00e9seaux de capteurs sans fil Adcon<\/span><\/li>\n<li><label><span>Points forts du produit\u00a0:<\/span><\/label><span>G\u00e8re jusqu&rsquo;\u00e0 1000 Adcon RTU, facile \u00e0 utiliser via une interface utilisateur graphique, alimentation sans coupure int\u00e9gr\u00e9e (max. 5h), 1 Go de m\u00e9moire de donn\u00e9es suffisante pour 200 stations pendant 4 semaines, syst\u00e8me d&rsquo;exploitation Linux int\u00e9gr\u00e9<\/span><\/li>\n<li><label><span>Communication IP\u00a0:<\/span><\/label><span>Se connecte de mani\u00e8re transparente aux r\u00e9seaux Ethernet<\/span><\/li>\n<li><label><span>Interfaces\u00a0:<\/span><\/label><span>2 ports USB\u00a0;\u00a01x Ethernet 100 Mbits;\u00a01x RS-232\u00a0;\u00a01x RS-485 (vers modem sans fil A440)<\/span><\/li>\n<\/ul>\n","protected":false},"featured_media":4974,"comment_status":"closed","ping_status":"closed","template":"","meta":[],"product_cat":[64],"product_tag":[],"_links":{"self":[{"href":"https:\/\/greentelemesure.com\/index.php\/wp-json\/wp\/v3\/product\/3592"}],"collection":[{"href":"https:\/\/greentelemesure.com\/index.php\/wp-json\/wp\/v3\/product"}],"about":[{"href":"https:\/\/greentelemesure.com\/index.php\/wp-json\/wp\/v2\/types\/product"}],"replies":[{"embeddable":true,"href":"https:\/\/greentelemesure.com\/index.php\/wp-json\/wp\/v2\/comments?post=3592"}],"wp:featuredmedia":[{"embeddable":true,"href":"https:\/\/greentelemesure.com\/index.php\/wp-json\/wp\/v2\/media\/4974"}],"wp:attachment":[{"href":"https:\/\/greentelemesure.com\/index.php\/wp-json\/wp\/v2\/media?parent=3592"}],"wp:term":[{"taxonomy":"product_cat","embeddable":true,"href":"https:\/\/greentelemesure.com\/index.php\/wp-json\/wp\/v2\/product_cat?post=3592"},{"taxonomy":"product_tag","embeddable":true,"href":"https:\/\/greentelemesure.com\/index.php\/wp-json\/wp\/v2\/product_tag?post=3592"}],"curies":[{"name":"wp","href":"https:\/\/api.w.org\/{rel}","templated":true}]}}