{"id":3594,"date":"2022-01-31T10:44:24","date_gmt":"2022-01-31T09:44:24","guid":{"rendered":"http:\/\/41.249.251.2:8004\/?post_type=product&#038;p=3594"},"modified":"2023-04-07T13:12:05","modified_gmt":"2023-04-07T12:12:05","slug":"station-de-base-a850-5-avec-cable-can-a440-30m","status":"publish","type":"product","link":"https:\/\/greentelemesure.com\/index.php\/produit\/station-de-base-a850-5-avec-cable-can-a440-30m\/","title":{"rendered":"Station de base A850 5 avec c\u00e2ble CAN A440 + 30m"},"content":{"rendered":"<div class=\"tabs ui-tabs ui-corner-all ui-widget ui-widget-content\">\n<div id=\"tab-2301\" class=\"ui-tabs-panel ui-corner-bottom ui-widget-content\" role=\"tabpanel\" aria-labelledby=\"ui-id-1\" aria-hidden=\"false\">\n<div id=\"c5439\" class=\"csc-frame csc-frame-default\">\n<p class=\"bodytext\"><strong>Qu&rsquo;est ce que \u00e7a fait?<\/strong><br \/>\nLa passerelle de t\u00e9l\u00e9m\u00e9trie A850 est le dispositif central \u00e0 travers lequel vous configurez toutes vos RTU.\u00a0C&rsquo;est ici que vous connectez les pilotes de capteur et ins\u00e9rez les informations d&rsquo;\u00e9talonnage du capteur, \u00e9tablissez les routes d&rsquo;interrogation, d\u00e9finissez les horaires d&rsquo;interrogation, analysez la qualit\u00e9 de la communication, la r\u00e9gularit\u00e9 de la connexion, les retards de donn\u00e9es, et bien plus encore.<\/p>\n<p class=\"bodytext\">Gr\u00e2ce \u00e0 la passerelle, vous pouvez communiquer de mani\u00e8re bidirectionnelle avec toutes vos RTU et modifier leurs param\u00e8tres \u00e0 tout moment &#8211; sans avoir \u00e0 vous rendre sur le terrain &#8211; vous faites tout via la passerelle\u00a0!<\/p>\n<p class=\"bodytext\"><strong>Quels RTU peuvent \u00eatre connect\u00e9s ?<\/strong><br \/>\nUne station de base A850, qui comprend un modem UHF, prend en charge tous les types de RTU ADCON actuellement disponibles\u00a0: radios UHF \u00e0 courte et longue port\u00e9e, GSM, GPRS et UMTS RTU.\u00a0Il prend \u00e9galement en charge le modem sans fil distant RA440, auquel le A850 peut se connecter par GPRS afin de r\u00e9cup\u00e9rer ensuite les donn\u00e9es des stations UHF.<\/p>\n<p class=\"bodytext\">La version de base d&rsquo;un A850 prend en charge 5 RTU, mais peut \u00eatre mise \u00e0 niveau pour prendre en charge 100 &#8211; 250 &#8211; 500 &#8211; 1 000<\/p>\n<p class=\"bodytext\">Ajout de modems sans fil suppl\u00e9mentaires\u00a0:<br \/>\npar d\u00e9faut, un A850 prend en charge deux modems sans fil.\u00a0Il peut \u00eatre mis \u00e0 niveau pour prendre en charge jusqu&rsquo;\u00e0 10 modems sans fil, dont un peut \u00eatre un A440.<\/p>\n<\/div>\n<\/div>\n<\/div>\n","protected":false},"excerpt":{"rendered":"<div class=\"description\"><strong>Le syst\u00e8me<\/strong>\u00a0La passerelle de t\u00e9l\u00e9m\u00e9trie A850 est au c\u0153ur de chaque r\u00e9seau de surveillance ADCON, qu&rsquo;il s&rsquo;agisse d&rsquo;un r\u00e9seau GSM\/GPRS pur, d&rsquo;un r\u00e9seau radio UHF ou d&rsquo;une combinaison des deux &#8211; c&rsquo;est l&rsquo;A850 qui sait exactement quand et comment r\u00e9cup\u00e9rer les donn\u00e9es de chaque RTU.\u00a0Un r\u00e9seau compos\u00e9 uniquement de RTU GSM \/ GPRS ne n\u00e9cessite que la passerelle de t\u00e9l\u00e9m\u00e9trie A850, tandis qu&rsquo;un r\u00e9seau utilisant des RTU radio UHF n\u00e9cessite \u00e9galement un modem sans fil A440.\u00a0L&rsquo;A850 est disponible en plusieurs versions, g\u00e9rant de 5 \u00e0 1.000 RTU.\u00a0Chaque version peut facilement \u00eatre mise \u00e0 niveau par logiciel pour prendre en charge plus de RTU.<\/div>\n<ul class=\"key-features\">\n<li><label>Type d&rsquo;appareil:<\/label>Passerelle de t\u00e9l\u00e9m\u00e9trie<\/li>\n<li><label>Points forts du produit\u00a0:<\/label>Syst\u00e8me d&rsquo;exploitation Linux int\u00e9gr\u00e9\u00a0;\u00a0Application Web Java avec interface utilisateur graphique\u00a0;\u00a0Batterie de secours pour survivre jusqu&rsquo;\u00e0 20 heures de panne de courant ;\u00a01 Go de m\u00e9moire qui permet de stocker des donn\u00e9es de 200 RTU pendant env.\u00a04 semaines;\u00a0G\u00e8re un r\u00e9seau jusqu&rsquo;\u00e0 1000 RTU;\u00a0Co<\/li>\n<li><label>Communication IP\u00a0:<\/label>Enti\u00e8rement int\u00e9grable au r\u00e9seau Ethernet<\/li>\n<li><label>Interfaces\u00a0:<\/label>2 ports USB\u00a0;\u00a01x Ethernet 100 Mbits;\u00a01x RS-232\u00a0;\u00a01x RS-485 (vers modem sans fil A440)<\/li>\n<\/ul>\n","protected":false},"featured_media":4975,"comment_status":"closed","ping_status":"closed","template":"","meta":[],"product_cat":[73],"product_tag":[],"_links":{"self":[{"href":"https:\/\/greentelemesure.com\/index.php\/wp-json\/wp\/v3\/product\/3594"}],"collection":[{"href":"https:\/\/greentelemesure.com\/index.php\/wp-json\/wp\/v3\/product"}],"about":[{"href":"https:\/\/greentelemesure.com\/index.php\/wp-json\/wp\/v2\/types\/product"}],"replies":[{"embeddable":true,"href":"https:\/\/greentelemesure.com\/index.php\/wp-json\/wp\/v2\/comments?post=3594"}],"wp:featuredmedia":[{"embeddable":true,"href":"https:\/\/greentelemesure.com\/index.php\/wp-json\/wp\/v2\/media\/4975"}],"wp:attachment":[{"href":"https:\/\/greentelemesure.com\/index.php\/wp-json\/wp\/v2\/media?parent=3594"}],"wp:term":[{"taxonomy":"product_cat","embeddable":true,"href":"https:\/\/greentelemesure.com\/index.php\/wp-json\/wp\/v2\/product_cat?post=3594"},{"taxonomy":"product_tag","embeddable":true,"href":"https:\/\/greentelemesure.com\/index.php\/wp-json\/wp\/v2\/product_tag?post=3594"}],"curies":[{"name":"wp","href":"https:\/\/api.w.org\/{rel}","templated":true}]}}