{"id":3597,"date":"2022-01-31T10:53:48","date_gmt":"2022-01-31T09:53:48","guid":{"rendered":"http:\/\/41.249.251.2:8004\/?post_type=product&#038;p=3597"},"modified":"2023-04-07T13:12:12","modified_gmt":"2023-04-07T12:12:12","slug":"modem-sans-fil-a440-modem-sans-fil-a440","status":"publish","type":"product","link":"https:\/\/greentelemesure.com\/index.php\/produit\/modem-sans-fil-a440-modem-sans-fil-a440\/","title":{"rendered":"Modem sans fil A440"},"content":{"rendered":"<p class=\"bodytext\"><span lang=\"EN-US\">Pour communiquer avec les RTU UHF d&rsquo;ADCON, l&rsquo;A440 utilise le m\u00eame modem radio de 500 mW que celui utilis\u00e9 dans nos unit\u00e9s longue port\u00e9e A731, A732 et A733.\u00a0Par d\u00e9faut, l&rsquo;A440 est destin\u00e9 \u00e0 \u00eatre mont\u00e9 dans un endroit sur\u00e9lev\u00e9, par exemple sur le toit du b\u00e2timent o\u00f9 l&rsquo;A850 est install\u00e9.<\/span><\/p>\n<p class=\"bodytext\"><span lang=\"EN-US\">Avec une installation appropri\u00e9e, des distances allant jusqu&rsquo;\u00e0 20 km peuvent \u00eatre atteintes.\u00a0Assurez-vous que l&rsquo;installation est effectu\u00e9e avec une mise \u00e0 la terre appropri\u00e9e des deux composants, A850 et A440.\u00a0Consultez un technicien expert pour vous assurer que toutes les directives et recommandations de protection contre la foudre sont respect\u00e9es\u00a0!<\/span><\/p>\n<p class=\"bodytext\"><span lang=\"EN-US\">A440 est disponible dans quatre bandes de fr\u00e9quences diff\u00e9rentes, chacune couvrant 10 MHz.\u00a0Veuillez vous assurer de commander la gamme de fr\u00e9quences correcte conform\u00e9ment \u00e0 vos r\u00e9glementations locales.<br \/>\n<\/span><\/p>\n","protected":false},"excerpt":{"rendered":"<ul class=\"key-features\">\n<li><label>Type d&rsquo;appareil:<\/label>Modem sans fil<\/li>\n<li><label>Points forts du produit\u00a0:<\/label>IP-67\u00a0;\u00a0Port\u00e9e 20km et m\u00eame au-del\u00e0 selon installation<\/li>\n<li><label>Transmission de donn\u00e9es:<\/label>Communication radio (430-470MHz), 500mW<\/li>\n<\/ul>\n","protected":false},"featured_media":4976,"comment_status":"closed","ping_status":"closed","template":"","meta":[],"product_cat":[73],"product_tag":[],"_links":{"self":[{"href":"https:\/\/greentelemesure.com\/index.php\/wp-json\/wp\/v3\/product\/3597"}],"collection":[{"href":"https:\/\/greentelemesure.com\/index.php\/wp-json\/wp\/v3\/product"}],"about":[{"href":"https:\/\/greentelemesure.com\/index.php\/wp-json\/wp\/v2\/types\/product"}],"replies":[{"embeddable":true,"href":"https:\/\/greentelemesure.com\/index.php\/wp-json\/wp\/v2\/comments?post=3597"}],"wp:featuredmedia":[{"embeddable":true,"href":"https:\/\/greentelemesure.com\/index.php\/wp-json\/wp\/v2\/media\/4976"}],"wp:attachment":[{"href":"https:\/\/greentelemesure.com\/index.php\/wp-json\/wp\/v2\/media?parent=3597"}],"wp:term":[{"taxonomy":"product_cat","embeddable":true,"href":"https:\/\/greentelemesure.com\/index.php\/wp-json\/wp\/v2\/product_cat?post=3597"},{"taxonomy":"product_tag","embeddable":true,"href":"https:\/\/greentelemesure.com\/index.php\/wp-json\/wp\/v2\/product_tag?post=3597"}],"curies":[{"name":"wp","href":"https:\/\/api.w.org\/{rel}","templated":true}]}}