{"id":3599,"date":"2022-01-31T11:12:53","date_gmt":"2022-01-31T10:12:53","guid":{"rendered":"http:\/\/41.249.251.2:8004\/?post_type=product&#038;p=3599"},"modified":"2023-04-07T13:12:21","modified_gmt":"2023-04-07T12:12:21","slug":"a753-addwave-uhf","status":"publish","type":"product","link":"https:\/\/greentelemesure.com\/index.php\/produit\/a753-addwave-uhf\/","title":{"rendered":"A753 addWAVE UHF"},"content":{"rendered":"<p>A753 addWAVE transmet avec une puissance de sortie de 500 mW dans la bande de fr\u00e9quence de 70 cm entre 430 et 470 MHz, et peut atteindre des distances allant jusqu&rsquo;\u00e0 20 km (12 miles), avec une installation ad\u00e9quate encore plus.\u00a0Son protocole radio est enti\u00e8rement r\u00e9trocompatible avec A731, A732, A733 et A740.<\/p>\n<p>Chaque addWAVE A753 peut simultan\u00e9ment \u00eatre utilis\u00e9 comme enregistreur de donn\u00e9es et comme station relais pour d&rsquo;autres ADCON RTU (par exemple A723, A732, A733).\u00a0Cela permet d&rsquo;atteindre des distances de plus de 100 km (60 miles) entre la station de base et l&#8217;emplacement le plus \u00e9loign\u00e9 &#8211; des sauts de donn\u00e9es d&rsquo;une station \u00e0 l&rsquo;autre.\u00a0Cela permet \u00e9galement l&rsquo;installation de stations de radio dans des topographies tr\u00e8s difficiles, en surmontant les barri\u00e8res g\u00e9ographiques en \u00e9mettant simplement autour d&rsquo;elles ou au-dessus d&rsquo;elles.<\/p>\n<p>L&rsquo;installation d&rsquo;un A753 addWAVE n&rsquo;est pas difficile du tout.\u00a0Avec tous les composants majeurs &#8211; enregistreur de donn\u00e9es, radio, alimentation &#8211; contenus dans un seul bo\u00eetier compact en aluminium, l&rsquo;utilisateur n&rsquo;a besoin ni d&rsquo;un bo\u00eetier externe ni d&rsquo;un savoir-faire sp\u00e9cifique pour connecter les c\u00e2bles des capteurs et le panneau solaire \u00e0 la RTU.<\/p>\n<p>Un addWAVE A753 est \u00e9galement capable d&rsquo;alimenter les capteurs qui lui sont attach\u00e9s.\u00a0Il peut le faire soit en alimentant les capteurs par batterie non r\u00e9gul\u00e9e, soit en fournissant une puissance de sortie stabilis\u00e9e, programmable par pas de 0,1 V entre 3,3 et 5,6 V.<br \/>\n<strong><br \/>\nQuoi de neuf?<\/strong><\/p>\n<p>Port SDI-12 Int\u00e9gr\u00e9<br \/>\nMax.\u00a0de capteurs SDI-12 40<br \/>\nOption Modbus oui<br \/>\nOption d&rsquo;extension num\u00e9rique oui &#8211; jusqu&rsquo;\u00e0 52 E\/S suppl\u00e9mentaires<br \/>\nR\u00e9solution analogique 16 bits<br \/>\nTension d&rsquo;excitation du capteur stabilis\u00e9e ou tension de la batterie<br \/>\nM\u00e9thodes d&rsquo;\u00e9chantillonnage synchrone ou asynchrone<br \/>\nMax.\u00a0fr\u00e9quence du compteur 2 x 50 Hz<br \/>\n2 x 500 Hz<br \/>\nSurveillance des rafales de vent int\u00e9gr\u00e9e oui<br \/>\nSurveillance de l&rsquo;intensit\u00e9 de la pluie oui<br \/>\nAmplificateur mV int\u00e9gr\u00e9 oui<br \/>\nM\u00e9moire de donn\u00e9es 2 Mo (4 Mo en option)<\/p>\n","protected":false},"excerpt":{"rendered":"<div class=\"description\">\n<div class=\"description\">L&rsquo;A753 addWAVE s\u00e9rie 4 est un puissant enregistreur de donn\u00e9es universel qui offre une r\u00e9solution analogique \u00e9lev\u00e9e, de nombreux canaux d&rsquo;E\/S diff\u00e9rents, beaucoup de m\u00e9moire et une flexibilit\u00e9 et une \u00e9volutivit\u00e9 extr\u00eames.\u00a0Il n&rsquo;en reste pas moins tr\u00e8s simple d&rsquo;utilisation et d&rsquo;installation, et a conserv\u00e9 l&rsquo;approche basse consommation des g\u00e9n\u00e9rations pr\u00e9c\u00e9dentes, parfaitement capable de fonctionner avec nos petits panneaux solaires.\u00a0C&rsquo;est l&rsquo;outil parfait pour les utilisateurs professionnels qui souhaitent \u00e9tablir et g\u00e9rer des r\u00e9seaux de mesure \u00e0 grande \u00e9chelle.<\/div>\n<ul class=\"key-features\">\n<li><label>Type d&rsquo;appareil:<\/label>Enregistreur de donn\u00e9es compact avec modem UHF int\u00e9gr\u00e9<\/li>\n<li><label>Points forts du produit\u00a0:<\/label>Conception IP-67 ultra-basse consommation, m\u00e9thodes de mesure conformes \u00e0 l&rsquo;OMM, r\u00e9solution analogique \u00e9lev\u00e9e, grande m\u00e9moire int\u00e9gr\u00e9e (2 Mo = ~ 6 mois de donn\u00e9es pour des lectures de 15 minutes), plage de transmission de 5 \u00e0 20 km, fonctionnalit\u00e9 de r\u00e9p\u00e9teur<\/li>\n<li><label>Transmission de donn\u00e9es:<\/label>Radio UHF (430-470MHz) avec 500mW<\/li>\n<li><label>Interfaces capteurs\u00a0:<\/label>12 x analogiques 0\u20261\/2,5VDC (3 canaux prennent \u00e9galement en charge 0\u2026150mV);\u00a04 compteurs d&rsquo;impulsions (2x compteurs rapides 500Hz \/ 2x compteurs 50Hz);\u00a04 E\/S num\u00e9riques (extensible avec A553 jusqu&rsquo;\u00e0 52 E\/S num\u00e9riques) ;\u00a040 valeurs SDI-12\u00a0;\u00a0Modbus via adaptateur<\/li>\n<\/ul>\n<\/div>\n","protected":false},"featured_media":4977,"comment_status":"closed","ping_status":"closed","template":"","meta":[],"product_cat":[73],"product_tag":[],"_links":{"self":[{"href":"https:\/\/greentelemesure.com\/index.php\/wp-json\/wp\/v3\/product\/3599"}],"collection":[{"href":"https:\/\/greentelemesure.com\/index.php\/wp-json\/wp\/v3\/product"}],"about":[{"href":"https:\/\/greentelemesure.com\/index.php\/wp-json\/wp\/v2\/types\/product"}],"replies":[{"embeddable":true,"href":"https:\/\/greentelemesure.com\/index.php\/wp-json\/wp\/v2\/comments?post=3599"}],"wp:featuredmedia":[{"embeddable":true,"href":"https:\/\/greentelemesure.com\/index.php\/wp-json\/wp\/v2\/media\/4977"}],"wp:attachment":[{"href":"https:\/\/greentelemesure.com\/index.php\/wp-json\/wp\/v2\/media?parent=3599"}],"wp:term":[{"taxonomy":"product_cat","embeddable":true,"href":"https:\/\/greentelemesure.com\/index.php\/wp-json\/wp\/v2\/product_cat?post=3599"},{"taxonomy":"product_tag","embeddable":true,"href":"https:\/\/greentelemesure.com\/index.php\/wp-json\/wp\/v2\/product_tag?post=3599"}],"curies":[{"name":"wp","href":"https:\/\/api.w.org\/{rel}","templated":true}]}}