{"id":3601,"date":"2022-01-31T11:21:57","date_gmt":"2022-01-31T10:21:57","guid":{"rendered":"http:\/\/41.249.251.2:8004\/?post_type=product&#038;p=3601"},"modified":"2023-04-07T13:12:30","modified_gmt":"2023-04-07T12:12:30","slug":"a751-addrelay-station-repeteur-uhf","status":"publish","type":"product","link":"https:\/\/greentelemesure.com\/index.php\/produit\/a751-addrelay-station-repeteur-uhf\/","title":{"rendered":"A751 addRELAY station r\u00e9p\u00e9teur UHF"},"content":{"rendered":"<p>S&rsquo;il est bien install\u00e9, id\u00e9alement dans une position sur\u00e9lev\u00e9e telle qu&rsquo;une tour d&rsquo;antenne, ou sur le toit d&rsquo;un silo de stockage, un addRELAY A751 peut atteindre des distances allant m\u00eame au-del\u00e0 de la limite de 20 km.\u00a0Avec plus de 10 RTU \u00e0 acheminer via un addRELAY A751, nous recommandons l&rsquo;utilisation d&rsquo;un adaptateur secteur ou d&rsquo;une configuration \u00e0 double panneau solaire.<\/p>\n<p>L&rsquo;installation est plut\u00f4t facile.\u00a0Avec tous les principaux composants &#8211; CPU, radio et batterie &#8211; emball\u00e9s dans un seul bo\u00eetier en aluminium compact, l&rsquo;addRELAY A751 n&rsquo;a besoin d&rsquo;\u00eatre fix\u00e9 qu&rsquo;au m\u00e2t.\u00a0La connexion du panneau solaire activera la RTU.\u00a0Aucun bo\u00eetier externe s\u00e9par\u00e9 n&rsquo;est requis.<\/p>\n<p>A751 peut \u00eatre utilis\u00e9 comme relais pour les UHF RTU suivants : A723 s\u00e9ries 3 et s\u00e9ries 4, A724 s\u00e9ries 3 et 4, A731, A732, A733, A740, A751, A752 et A753 addWAVE.<\/p>\n","protected":false},"excerpt":{"rendered":"<div class=\"description\">Les commentaires des clients ont d\u00e9clench\u00e9 le d\u00e9veloppement de l&rsquo;addRELAY A751.\u00a0Dans les terrains difficiles ou pour franchir de grandes distances, l&rsquo;A751 est la solution \u00e0 de nombreux probl\u00e8mes de transmission.<\/div>\n<ul class=\"key-features\">\n<li><label>Type d&rsquo;appareil:<\/label>Unit\u00e9 de t\u00e9l\u00e9transmission<\/li>\n<li><label>Points forts du produit\u00a0:<\/label>IP-67\u00a0;\u00a0Conception \u00e0 tr\u00e8s faible consommation d&rsquo;\u00e9nergie\u00a0;\u00a0Solution rentable pour \u00e9tendre la port\u00e9e d&rsquo;autres enregistreurs radio UHF \u00e0 courte ou longue port\u00e9e de 20 km et plus selon l&rsquo;installation\u00a0;\u00a0M\u00eames composants principaux que les autres enregistreurs de donn\u00e9es<\/li>\n<li><label>Transmission de donn\u00e9es:<\/label>Communication radio (430-470MHz), 500mW<\/li>\n<\/ul>\n","protected":false},"featured_media":4978,"comment_status":"closed","ping_status":"closed","template":"","meta":[],"product_cat":[73],"product_tag":[],"_links":{"self":[{"href":"https:\/\/greentelemesure.com\/index.php\/wp-json\/wp\/v3\/product\/3601"}],"collection":[{"href":"https:\/\/greentelemesure.com\/index.php\/wp-json\/wp\/v3\/product"}],"about":[{"href":"https:\/\/greentelemesure.com\/index.php\/wp-json\/wp\/v2\/types\/product"}],"replies":[{"embeddable":true,"href":"https:\/\/greentelemesure.com\/index.php\/wp-json\/wp\/v2\/comments?post=3601"}],"wp:featuredmedia":[{"embeddable":true,"href":"https:\/\/greentelemesure.com\/index.php\/wp-json\/wp\/v2\/media\/4978"}],"wp:attachment":[{"href":"https:\/\/greentelemesure.com\/index.php\/wp-json\/wp\/v2\/media?parent=3601"}],"wp:term":[{"taxonomy":"product_cat","embeddable":true,"href":"https:\/\/greentelemesure.com\/index.php\/wp-json\/wp\/v2\/product_cat?post=3601"},{"taxonomy":"product_tag","embeddable":true,"href":"https:\/\/greentelemesure.com\/index.php\/wp-json\/wp\/v2\/product_tag?post=3601"}],"curies":[{"name":"wp","href":"https:\/\/api.w.org\/{rel}","templated":true}]}}