{"id":3603,"date":"2022-01-31T12:33:46","date_gmt":"2022-01-31T11:33:46","guid":{"rendered":"http:\/\/41.249.251.2:8004\/?post_type=product&#038;p=3603"},"modified":"2023-04-07T13:12:42","modified_gmt":"2023-04-07T12:12:42","slug":"chlorophylle-metre-spad-502-plus-02-13-01-39","status":"publish","type":"product","link":"https:\/\/greentelemesure.com\/index.php\/produit\/chlorophylle-metre-spad-502-plus-02-13-01-39\/","title":{"rendered":"Chlorophylle m\u00e8tre SPAD 502 Plus\u00a0"},"content":{"rendered":"<p>Le compteur de chlorophylle SPAD 502 Plus mesure instantan\u00e9ment la teneur en chlorophylle ou \u00abverdeur\u00bb de vos plantes pour r\u00e9duire le risque de carences limitant le rendement ou de surfertilisation co\u00fbteuse.\u00a0Le SPAD 502 Plus quantifie les changements subtils ou les tendances de la sant\u00e9 des plantes bien avant qu&rsquo;ils ne soient visibles \u00e0 l&rsquo;\u0153il humain.\u00a0Mesure non invasive\u00a0;\u00a0serrez simplement le compteur sur le tissu feuillu et recevez une lecture index\u00e9e de la teneur en chlorophylle (-9,9 \u00e0 199,9) en moins de 2 secondes.\u00a0\u00c9valuer les besoins en azote en comparant les lectures SPAD sur le terrain aux directives universitaires ou \u00e0 des bandes de r\u00e9f\u00e9rence correctement fertilis\u00e9es.\u00a0La recherche montre une forte corr\u00e9lation entre les mesures SPAD et la teneur en N des feuilles.<\/p>\n<ul>\n<li>Mesure instantan\u00e9ment la teneur en chlorophylle ou \u00ab verdeur \u00bb de vos plantes sur une \u00e9chelle de -9,9 \u00e0 199,9<\/li>\n<li>Mesure non invasive et non destructive<\/li>\n<li>Le graphique de tendance stocke et affiche jusqu&rsquo;\u00e0 30 mesures<\/li>\n<li>Conception \u00e9tanche<\/li>\n<li>Comparer les lectures SPAD sur le terrain aux directives universitaires<\/li>\n<li>La recherche montre une forte corr\u00e9lation entre les mesures SPAD et la teneur en N des feuilles<\/li>\n<li>Disponible avec ou sans enregistreur de donn\u00e9es int\u00e9gr\u00e9<\/li>\n<li>Comprend un \u00e9tui de transport rigide et des piles<\/li>\n<\/ul>\n<p>Mod\u00e8le d&rsquo;enregistrement de donn\u00e9es (2900PDL)<\/p>\n<ul>\n<li>Se connecte \u00e0 n&rsquo;importe quel r\u00e9cepteur GPS dot\u00e9 d&rsquo;une option de sortie s\u00e9rie*<\/li>\n<li>\u00c9quip\u00e9 d&rsquo;un enregistreur de donn\u00e9es interne et d&rsquo;un port RS-232<\/li>\n<li>Enregistre 4 096 mesures (1 488 avec l&rsquo;option GPS\/DGPS ajout\u00e9e)<\/li>\n<\/ul>\n<p>* L&rsquo;interface GPS n\u00e9cessite deux c\u00e2bles.\u00a0Le c\u00e2ble GPS\/DGPS (article 2950CV5) est disponible aupr\u00e8s de Spectrum.\u00a0Un c\u00e2ble d&rsquo;interface s\u00e9rie PC fourni par le fabricant du r\u00e9cepteur GPS est \u00e9galement requis.<br \/>\n** Le c\u00e2ble PC se connecte au port USB d&rsquo;un ordinateur.<\/p>\n","protected":false},"excerpt":{"rendered":"<p>Diff\u00e9rence de densit\u00e9 optique \u00e0 deux longueurs d&rsquo;onde : 650 nm et 940 nm<br \/>\nZone de mesure : 2 mm x 3 mm (environ 3\/32 po x 1\/8 po)<br \/>\nSource de lumi\u00e8re : 2 LED<br \/>\nR\u00e9cepteur : Photodiode au silicium<br \/>\nSource d&rsquo;alimentation : 2 piles alcalines AA (1,5 V)<br \/>\nR\u00e9p\u00e9tabilit\u00e9 : \u00b10,3 unit\u00e9 SPAD<br \/>\nValeur SPAD\u00a0: Indice de la teneur relative en chlorophylle\u00a0;\u00a0-9,9 \u00e0 199,9<\/p>\n","protected":false},"featured_media":4979,"comment_status":"closed","ping_status":"closed","template":"","meta":[],"product_cat":[62],"product_tag":[],"_links":{"self":[{"href":"https:\/\/greentelemesure.com\/index.php\/wp-json\/wp\/v3\/product\/3603"}],"collection":[{"href":"https:\/\/greentelemesure.com\/index.php\/wp-json\/wp\/v3\/product"}],"about":[{"href":"https:\/\/greentelemesure.com\/index.php\/wp-json\/wp\/v2\/types\/product"}],"replies":[{"embeddable":true,"href":"https:\/\/greentelemesure.com\/index.php\/wp-json\/wp\/v2\/comments?post=3603"}],"wp:featuredmedia":[{"embeddable":true,"href":"https:\/\/greentelemesure.com\/index.php\/wp-json\/wp\/v2\/media\/4979"}],"wp:attachment":[{"href":"https:\/\/greentelemesure.com\/index.php\/wp-json\/wp\/v2\/media?parent=3603"}],"wp:term":[{"taxonomy":"product_cat","embeddable":true,"href":"https:\/\/greentelemesure.com\/index.php\/wp-json\/wp\/v2\/product_cat?post=3603"},{"taxonomy":"product_tag","embeddable":true,"href":"https:\/\/greentelemesure.com\/index.php\/wp-json\/wp\/v2\/product_tag?post=3603"}],"curies":[{"name":"wp","href":"https:\/\/api.w.org\/{rel}","templated":true}]}}