{"id":3607,"date":"2022-01-31T12:41:33","date_gmt":"2022-01-31T11:41:33","guid":{"rendered":"http:\/\/41.249.251.2:8004\/?post_type=product&#038;p=3607"},"modified":"2023-04-07T13:12:55","modified_gmt":"2023-04-07T12:12:55","slug":"indicateur-de-chlorophylle-fieldscout-cm-1000","status":"publish","type":"product","link":"https:\/\/greentelemesure.com\/index.php\/produit\/indicateur-de-chlorophylle-fieldscout-cm-1000\/","title":{"rendered":"Indicateur de chlorophylle FieldScout CM 1000"},"content":{"rendered":"<p>Technologie \u00ab\u00a0pointer et tirer\u00a0\u00bb pour mesurer instantan\u00e9ment la teneur relative en chlorophylle<\/p>\n<ul>\n<li style=\"list-style-type: none\">\n<ul>\n<li>D\u00e9tecte le stress plus t\u00f4t que la surveillance visuelle<\/li>\n<li>Technologie bas\u00e9e sur une licence de brevet exclusive de la NASA<\/li>\n<li>Les guides laser d\u00e9crivent les bords de la zone d&rsquo;\u00e9chantillon mesur\u00e9e<\/li>\n<li>Calcule et affiche une moyenne mobile pour plusieurs lectures<\/li>\n<li>Se connecte \u00e0 n&rsquo;importe quel r\u00e9cepteur GPS dot\u00e9 d&rsquo;une option de sortie s\u00e9rie*<\/li>\n<li>\u00c9quip\u00e9 d&rsquo;un enregistreur de donn\u00e9es interne et d&rsquo;un port RS-232<\/li>\n<li>Enregistre 3 250 mesures (1 350 avec l&rsquo;option GPS\/DGPS ajout\u00e9e)<\/li>\n<li>Configurez et t\u00e9l\u00e9chargez le compteur avec le logiciel FieldScout\u00ae (non inclus)**<\/li>\n<li>Compatible avec\u00a0<a href=\"https:\/\/www.specmeters.com\/store\/3024-specconnect-1-year-subscription\/?F_Sort=2\">SpecConnect<\/a><\/li>\n<\/ul>\n<\/li>\n<\/ul>\n<p>Comprend un \u00e9tui de transport rigide et des piles<\/p>\n<p>* L&rsquo;interface GPS n\u00e9cessite deux c\u00e2bles.\u00a0Le c\u00e2ble GPS\/DGPS (article 2950CV5) est disponible aupr\u00e8s de Spectrum.<br \/>\nUn c\u00e2ble d&rsquo;interface s\u00e9rie PC fourni par le fabricant du r\u00e9cepteur GPS est \u00e9galement requis.<br \/>\n** Le c\u00e2ble PC se connecte au port USB d&rsquo;un ordinateur.<\/p>\n<p>\u00c9chantillon de mesure\u00a0: Feuilles de plantes, canop\u00e9e de gazon<\/p>\n<p>Syst\u00e8me de mesure\u00a0: r\u00e9flectance\u00a0;\u00a0La lumi\u00e8re ambiante et r\u00e9fl\u00e9chie de 700 nm et 840 nm est utilis\u00e9e pour calculer l&rsquo;indice relatif de chlorophylle<\/p>\n<p>Zone de mesure : Zone de visualisation conique entre 12 et 72 pouces<\/p>\n<p>Distance minimale : 12 po (30,5 cm) de l&rsquo;objectif<\/p>\n<p>Distance maximale : la pr\u00e9cision est inconnue au-del\u00e0 de 72 pouces de l&rsquo;objectif<\/p>\n<table border=\"0\" cellspacing=\"1\" cellpadding=\"1\">\n<tbody>\n<tr>\n<td>Distance de l&rsquo;objectif\u00a0:<\/td>\n<td>Zone d&rsquo;\u00e9chantillonnage (diam\u00e8tre)\u00a0:<\/td>\n<\/tr>\n<tr>\n<td>12 po (30,5 cm)<\/td>\n<td>0,53 po (1,35 cm)<\/td>\n<\/tr>\n<tr>\n<td>18 po (45,7 cm)<\/td>\n<td>1,21 po (3,07 cm)<\/td>\n<\/tr>\n<tr>\n<td>48 po (1,22 m)<\/td>\n<td>4,65 po (11,8 cm)<\/td>\n<\/tr>\n<\/tbody>\n<\/table>\n<p>&nbsp;<\/p>\n<p>R\u00e9cepteur : (4) photodiodes ;\u00a0(2) pour la lumi\u00e8re ambiante et (2) pour la lumi\u00e8re r\u00e9fl\u00e9chie par l&rsquo;\u00e9chantillon (feuille)<\/p>\n<p>Unit\u00e9s de mesure : Indice de teneur relative en chlorophylle ;\u00a00 \u00e0 999<\/p>\n<p>Intervalle de mesure : 2 secondes par mesure<\/p>\n<p>R\u00e9p\u00e9tabilit\u00e9\u00a0: \u00b15\u00a0% de la lecture<\/p>\n<p>Enregistreur de donn\u00e9es\u00a0: N\u00e9cessite un logiciel et un c\u00e2ble d&rsquo;interface PC\u00a0;\u00a0Capacit\u00e9 : 1 350 mesures avec GPS\/DGPS ;\u00a03 250 mesures sans GPS\/DGPS ;\u00a0une m\u00e9moire non volatile<\/p>\n<p>Batterie\/autonomie : 2 piles AAA (incluses) ;\u00a0environ.\u00a03 000 mesures<\/p>\n","protected":false},"excerpt":{"rendered":"<p>Technologie \u00ab\u00a0point-and-shoot\u00a0\u00bb pour mesurer instantan\u00e9ment la teneur relative en chlorophylle<\/p>\n","protected":false},"featured_media":4982,"comment_status":"closed","ping_status":"closed","template":"","meta":[],"product_cat":[62],"product_tag":[],"_links":{"self":[{"href":"https:\/\/greentelemesure.com\/index.php\/wp-json\/wp\/v3\/product\/3607"}],"collection":[{"href":"https:\/\/greentelemesure.com\/index.php\/wp-json\/wp\/v3\/product"}],"about":[{"href":"https:\/\/greentelemesure.com\/index.php\/wp-json\/wp\/v2\/types\/product"}],"replies":[{"embeddable":true,"href":"https:\/\/greentelemesure.com\/index.php\/wp-json\/wp\/v2\/comments?post=3607"}],"wp:featuredmedia":[{"embeddable":true,"href":"https:\/\/greentelemesure.com\/index.php\/wp-json\/wp\/v2\/media\/4982"}],"wp:attachment":[{"href":"https:\/\/greentelemesure.com\/index.php\/wp-json\/wp\/v2\/media?parent=3607"}],"wp:term":[{"taxonomy":"product_cat","embeddable":true,"href":"https:\/\/greentelemesure.com\/index.php\/wp-json\/wp\/v2\/product_cat?post=3607"},{"taxonomy":"product_tag","embeddable":true,"href":"https:\/\/greentelemesure.com\/index.php\/wp-json\/wp\/v2\/product_tag?post=3607"}],"curies":[{"name":"wp","href":"https:\/\/api.w.org\/{rel}","templated":true}]}}