{"id":3611,"date":"2022-01-31T14:26:12","date_gmt":"2022-01-31T13:26:12","guid":{"rendered":"http:\/\/41.249.251.2:8004\/?post_type=product&#038;p=3611"},"modified":"2023-04-07T13:13:02","modified_gmt":"2023-04-07T12:13:02","slug":"compteur-fieldscout-ec-450","status":"publish","type":"product","link":"https:\/\/greentelemesure.com\/index.php\/produit\/compteur-fieldscout-ec-450\/","title":{"rendered":"Compteur FieldScout EC 450"},"content":{"rendered":"<h1><span>Compteur FieldScout EC 450<\/span><\/h1>\n<p><span>Mesures EC avec enregistreur de donn\u00e9es int\u00e9gr\u00e9<\/span><\/p>\n<ul>\n<li><span>Ic\u00f4nes intuitives et conviviales &#8211; l&rsquo;\u00e9tat de l&rsquo;\u00e9lectrode affiche la constante de la cellule<\/span><\/li>\n<li><span>Enregistre 4 096 mesures (1 488 avec l&rsquo;option GPS\/DGPS ajout\u00e9e)<\/span><\/li>\n<li><span>Sortie USB et RS-232 pour transfert vers un PC<\/span><\/li>\n<li><span>Autonomie de 500 heures ou adaptateur secteur universel en option<\/span><\/li>\n<li><span>Le support int\u00e9gr\u00e9 avec option de montage mural permet une mesure et un stockage faciles sur la paillasse<\/span><\/li>\n<li><span>Bo\u00eetier \u00e9tanche IP67, ce qui le rend id\u00e9al pour les tests sur le terrain et en laboratoire<\/span><\/li>\n<li><span>Le grand \u00e9cran LCD r\u00e9tro\u00e9clair\u00e9 vous permet de visualiser la mesure principale simultan\u00e9ment avec la temp\u00e9rature<\/span><\/li>\n<li><span>La fonction Autocal permet un point d&rsquo;\u00e9talonnage par plage de mesure<\/span><\/li>\n<li><span>La compensation automatique de temp\u00e9rature (ATC) garantit la pr\u00e9cision des mesures m\u00eame en cas de variations de temp\u00e9rature.<\/span><\/li>\n<li><span>Les caract\u00e9ristiques de l&rsquo;appareil incluent un indicateur pr\u00eat (stabilit\u00e9), une moyenne intelligente, des unit\u00e9s \u00b0C\/\u00b0F s\u00e9lectionnables par l&rsquo;utilisateur, une fonction de maintien, une alarme d&rsquo;\u00e9talonnage, un indicateur d&rsquo;autonomie de la batterie et l&rsquo;\u00e9tat de l&rsquo;\u00e9lectrode<\/span><\/li>\n<li><span>Se connecte \u00e0 n&rsquo;importe quel r\u00e9cepteur GPS dot\u00e9 d&rsquo;une option de sortie s\u00e9rie*<\/span><\/li>\n<li><span>Pr\u00e9cision\u00a0: (conductivit\u00e9) \u00b11\u00a0%, (temp\u00e9rature) \u00b10,5\u00a0\u00b0C (0,9\u00a0\u00b0C), (salinit\u00e9) \u00b11\u00a0%<\/span><\/li>\n<li><span>Plages de mesure : (Conductivit\u00e9) 0 \u00e0 200 mS\/cm, (Temp) -10 \u00e0 110\u00b0C (17 \u00e0 230\u00b0F), (Salinit\u00e9) 0 \u00e0 50 ppt<\/span><\/li>\n<\/ul>\n<p><span>Sondes EC du sol vendues s\u00e9par\u00e9ment<\/span><\/p>\n","protected":false},"excerpt":{"rendered":"<p>Mesures EC avec enregistreur de donn\u00e9es int\u00e9gr\u00e9<\/p>\n","protected":false},"featured_media":4985,"comment_status":"closed","ping_status":"closed","template":"","meta":[],"product_cat":[61],"product_tag":[],"_links":{"self":[{"href":"https:\/\/greentelemesure.com\/index.php\/wp-json\/wp\/v3\/product\/3611"}],"collection":[{"href":"https:\/\/greentelemesure.com\/index.php\/wp-json\/wp\/v3\/product"}],"about":[{"href":"https:\/\/greentelemesure.com\/index.php\/wp-json\/wp\/v2\/types\/product"}],"replies":[{"embeddable":true,"href":"https:\/\/greentelemesure.com\/index.php\/wp-json\/wp\/v2\/comments?post=3611"}],"wp:featuredmedia":[{"embeddable":true,"href":"https:\/\/greentelemesure.com\/index.php\/wp-json\/wp\/v2\/media\/4985"}],"wp:attachment":[{"href":"https:\/\/greentelemesure.com\/index.php\/wp-json\/wp\/v2\/media?parent=3611"}],"wp:term":[{"taxonomy":"product_cat","embeddable":true,"href":"https:\/\/greentelemesure.com\/index.php\/wp-json\/wp\/v2\/product_cat?post=3611"},{"taxonomy":"product_tag","embeddable":true,"href":"https:\/\/greentelemesure.com\/index.php\/wp-json\/wp\/v2\/product_tag?post=3611"}],"curies":[{"name":"wp","href":"https:\/\/api.w.org\/{rel}","templated":true}]}}