{"id":3632,"date":"2022-02-01T10:09:12","date_gmt":"2022-02-01T09:09:12","guid":{"rendered":"http:\/\/41.249.251.2:8004\/?post_type=product&#038;p=3632"},"modified":"2023-04-07T13:13:14","modified_gmt":"2023-04-07T12:13:14","slug":"tensiometres-irrometre","status":"publish","type":"product","link":"https:\/\/greentelemesure.com\/index.php\/produit\/tensiometres-irrometre\/","title":{"rendered":"Tensiom\u00e8tres Irrom\u00e8tre"},"content":{"rendered":"<h1>Tensiom\u00e8tres Irrom\u00e8tre<\/h1>\n<ul>\n<li>Planifier l&rsquo;irrigation en fonction de la force avec laquelle les racines des plantes travaillent pour puiser l&rsquo;eau du sol<\/li>\n<li>Les mod\u00e8les 6419 &#8211; 6423 sont destin\u00e9s \u00e0 une utilisation g\u00e9n\u00e9rale avec des cultures de plein champ ou d&rsquo;arbres<\/li>\n<li>Les mod\u00e8les \u00ab\u00a0LT\u00a0\u00bb sont destin\u00e9s aux sols grossiers ou aux milieux de serre<\/li>\n<li>Peut \u00eatre connect\u00e9 aux enregistreurs de donn\u00e9es WatchDog et aux stations avec transducteur de pression (article 3669)<\/li>\n<li>L&rsquo;article 6417, tensiom\u00e8tre miniature \u00e0 basse tension, a une plage de mesure limit\u00e9e de 0 \u00e0 40 centibars et est con\u00e7u pour \u00eatre utilis\u00e9 dans de petits contenants dans des serres ou des p\u00e9pini\u00e8res<\/li>\n<li>L&rsquo;article 6418, Tensiom\u00e8tre portable d&rsquo;humidit\u00e9 du sol, est con\u00e7u pour \u00eatre install\u00e9 dans une situation temporaire afin que l&rsquo;utilisateur puisse effectuer une \u00ab v\u00e9rification ponctuelle \u00bb de la tension de l&rsquo;eau du sol, puis d\u00e9placer l&rsquo;instrument vers d&rsquo;autres emplacements.\u00a0Chaque lecture de site peut prendre de quelques minutes \u00e0 quelques heures, selon les conditions du sol<\/li>\n<li><strong>Kit d&rsquo;entretien requis (article 6425)<\/strong><\/li>\n<\/ul>\n","protected":false},"excerpt":{"rendered":"<p>Planifier l&rsquo;irrigation en fonction de la force avec laquelle les racines des plantes travaillent pour puiser l&rsquo;eau du sol<\/p>\n","protected":false},"featured_media":4987,"comment_status":"closed","ping_status":"closed","template":"","meta":[],"product_cat":[61],"product_tag":[],"_links":{"self":[{"href":"https:\/\/greentelemesure.com\/index.php\/wp-json\/wp\/v3\/product\/3632"}],"collection":[{"href":"https:\/\/greentelemesure.com\/index.php\/wp-json\/wp\/v3\/product"}],"about":[{"href":"https:\/\/greentelemesure.com\/index.php\/wp-json\/wp\/v2\/types\/product"}],"replies":[{"embeddable":true,"href":"https:\/\/greentelemesure.com\/index.php\/wp-json\/wp\/v2\/comments?post=3632"}],"wp:featuredmedia":[{"embeddable":true,"href":"https:\/\/greentelemesure.com\/index.php\/wp-json\/wp\/v2\/media\/4987"}],"wp:attachment":[{"href":"https:\/\/greentelemesure.com\/index.php\/wp-json\/wp\/v2\/media?parent=3632"}],"wp:term":[{"taxonomy":"product_cat","embeddable":true,"href":"https:\/\/greentelemesure.com\/index.php\/wp-json\/wp\/v2\/product_cat?post=3632"},{"taxonomy":"product_tag","embeddable":true,"href":"https:\/\/greentelemesure.com\/index.php\/wp-json\/wp\/v2\/product_tag?post=3632"}],"curies":[{"name":"wp","href":"https:\/\/api.w.org\/{rel}","templated":true}]}}